{"id":474,"date":"2025-09-19T08:58:08","date_gmt":"2025-09-19T08:58:08","guid":{"rendered":"https:\/\/pgd.brezje.si\/pgd\/?page_id=474"},"modified":"2025-09-30T20:35:27","modified_gmt":"2025-09-30T20:35:27","slug":"dan-odprtih-vrat-2025","status":"publish","type":"page","link":"https:\/\/pgd.brezje.si\/pgd\/dan-odprtih-vrat-2025\/","title":{"rendered":"DAN Z BREZJANSKIMI GASILCI 2025"},"content":{"rendered":"\n<p>Obve\u0161\u010damo vas, da bo dan odprtih vrat v sklopu meseca oktobra &#8211; meseca po\u017earne varnosti potekal v soboto, <strong>18. 10. 2025, od 10:00 &#8211; 13:00<\/strong> pri gasilskem domu na Brezjah.<\/p>\n\n\n\n<p>\ud83d\udcc5 <strong>Sobota, 18. oktober 2025<\/strong><br>\ud83d\udd59 <strong>10:00 \u2013 13:00<\/strong><br>\ud83d\udccd <strong>Gasilski dom Brezje<\/strong><br>\ud83d\udc68\u200d\ud83d\ude92 V sklopu <strong>meseca po\u017earne varnosti 2025<\/strong><\/p>\n\n\n\n<hr class=\"wp-block-separator has-alpha-channel-opacity\"\/>\n\n\n\n<h2 class=\"wp-block-heading\">PROGRAM DOGODKA<\/h2>\n\n\n\n<p><a>08:00 \u2013 12:00<\/a><\/p>\n\n\n\n<p>Letni pregled gasilnikov (Sintal)<\/p>\n\n\n\n<p>09:00<\/p>\n\n\n\n<p>Prikaz temeljnih postopkov o\u017eivljanja (TPO) \u2013 prakti\u010dna vaja 1<\/p>\n\n\n\n<p>10:00<\/p>\n\n\n\n<p>Kratka prikazna vaja gasilcev z komentiranjem<\/p>\n\n\n\n<p>10:30 \u2013 13:00<\/p>\n\n\n\n<p><strong>Vzporedne aktivnosti:<\/strong><\/p>\n\n\n\n<p>PGD Brezje \u2013 predstavitev gasilskega vozila in opreme<\/p>\n\n\n\n<p>Policija PP Radovljica \u2013 predstavitev dela policije, opreme in vozila<\/p>\n\n\n\n<p>Otro\u0161ki koti\u010dek:<\/p>\n\n\n\n<ul class=\"wp-block-list\">\n<li>mini gasilski poligon<\/li>\n<\/ul>\n\n\n\n<ul class=\"wp-block-list\">\n<li>pobarvanke in ustvarjalne delavnice<\/li>\n<\/ul>\n\n\n\n<ul class=\"wp-block-list\">\n<li>vipike in pe\u010den kostanj<\/li>\n<\/ul>\n\n\n\n<p>11:00<\/p>\n\n\n\n<p>Prikaz temeljnih postopkov o\u017eivljanja (TPO) \u2013 prakti\u010dna vaja 2<\/p>\n\n\n\n<p>13:00<\/p>\n\n\n\n<p>Zaklju\u010dek dogodka<\/p>\n\n\n\n<p>Mo\u017enost vpisa novih \u010dlanov in otrok v PGD Brezje bo \u010dez cel dan.<\/p>\n\n\n\n<figure class=\"wp-block-gallery has-nested-images columns-default is-cropped wp-block-gallery-1 is-layout-flex wp-block-gallery-is-layout-flex\">\n<figure class=\"wp-block-image size-large\"><img loading=\"lazy\" decoding=\"async\" width=\"724\" height=\"1024\" data-id=\"498\" src=\"https:\/\/pgd.brezje.si\/pgd\/wp-content\/uploads\/2025\/09\/a4_dan_odprtih_vrat-2-724x1024.jpg\" alt=\"\" class=\"wp-image-498\" srcset=\"https:\/\/pgd.brezje.si\/pgd\/wp-content\/uploads\/2025\/09\/a4_dan_odprtih_vrat-2-724x1024.jpg 724w, https:\/\/pgd.brezje.si\/pgd\/wp-content\/uploads\/2025\/09\/a4_dan_odprtih_vrat-2-212x300.jpg 212w, https:\/\/pgd.brezje.si\/pgd\/wp-content\/uploads\/2025\/09\/a4_dan_odprtih_vrat-2-768x1086.jpg 768w, https:\/\/pgd.brezje.si\/pgd\/wp-content\/uploads\/2025\/09\/a4_dan_odprtih_vrat-2-1086x1536.jpg 1086w, https:\/\/pgd.brezje.si\/pgd\/wp-content\/uploads\/2025\/09\/a4_dan_odprtih_vrat-2-1448x2048.jpg 1448w, https:\/\/pgd.brezje.si\/pgd\/wp-content\/uploads\/2025\/09\/a4_dan_odprtih_vrat-2-scaled.jpg 1811w\" sizes=\"auto, (max-width: 724px) 100vw, 724px\" \/><\/figure>\n\n\n\n<figure class=\"wp-block-image size-large\"><img loading=\"lazy\" decoding=\"async\" width=\"724\" height=\"1024\" data-id=\"499\" src=\"https:\/\/pgd.brezje.si\/pgd\/wp-content\/uploads\/2025\/09\/pregled_gasilnikov_2025-1-724x1024.jpg\" alt=\"\" class=\"wp-image-499\" srcset=\"https:\/\/pgd.brezje.si\/pgd\/wp-content\/uploads\/2025\/09\/pregled_gasilnikov_2025-1-724x1024.jpg 724w, https:\/\/pgd.brezje.si\/pgd\/wp-content\/uploads\/2025\/09\/pregled_gasilnikov_2025-1-212x300.jpg 212w, https:\/\/pgd.brezje.si\/pgd\/wp-content\/uploads\/2025\/09\/pregled_gasilnikov_2025-1-768x1086.jpg 768w, https:\/\/pgd.brezje.si\/pgd\/wp-content\/uploads\/2025\/09\/pregled_gasilnikov_2025-1-1086x1536.jpg 1086w, https:\/\/pgd.brezje.si\/pgd\/wp-content\/uploads\/2025\/09\/pregled_gasilnikov_2025-1-1448x2048.jpg 1448w, https:\/\/pgd.brezje.si\/pgd\/wp-content\/uploads\/2025\/09\/pregled_gasilnikov_2025-1-scaled.jpg 1811w\" sizes=\"auto, (max-width: 724px) 100vw, 724px\" \/><\/figure>\n<\/figure>\n","protected":false},"excerpt":{"rendered":"<p>Obve\u0161\u010damo vas, da bo dan odprtih vrat v sklopu meseca oktobra &#8211; meseca po\u017earne varnosti potekal v soboto, 18. 10. 2025, od 10:00 &#8211; 13:00 pri gasilskem domu na Brezjah. \ud83d\udcc5 Sobota, 18. oktober 2025\ud83d\udd59 10:00 \u2013 13:00\ud83d\udccd Gasilski dom Brezje\ud83d\udc68\u200d\ud83d\ude92 V sklopu meseca po\u017earne varnosti 2025 PROGRAM DOGODKA 08:00 \u2013 12:00 Letni pregled gasilnikov [&hellip;]<\/p>\n","protected":false},"author":2,"featured_media":0,"parent":0,"menu_order":0,"comment_status":"closed","ping_status":"closed","template":"","meta":{"footnotes":""},"class_list":["post-474","page","type-page","status-publish","hentry"],"yoast_head":"<!-- This site is optimized with the Yoast SEO plugin v24.3 - https:\/\/yoast.com\/wordpress\/plugins\/seo\/ -->\n<title>DAN Z BREZJANSKIMI GASILCI 2025 - PGD Brezje na Gorenjskem<\/title>\n<meta name=\"robots\" content=\"index, follow, max-snippet:-1, max-image-preview:large, max-video-preview:-1\" \/>\n<link rel=\"canonical\" href=\"https:\/\/pgd.brezje.si\/pgd\/dan-odprtih-vrat-2025\/\" \/>\n<meta property=\"og:locale\" content=\"sl_SI\" \/>\n<meta property=\"og:type\" content=\"article\" \/>\n<meta property=\"og:title\" content=\"DAN Z BREZJANSKIMI GASILCI 2025 - PGD Brezje na Gorenjskem\" \/>\n<meta property=\"og:description\" content=\"Obve\u0161\u010damo vas, da bo dan odprtih vrat v sklopu meseca oktobra &#8211; meseca po\u017earne varnosti potekal v soboto, 18. 10. 2025, od 10:00 &#8211; 13:00 pri gasilskem domu na Brezjah. \ud83d\udcc5 Sobota, 18. oktober 2025\ud83d\udd59 10:00 \u2013 13:00\ud83d\udccd Gasilski dom Brezje\ud83d\udc68\u200d\ud83d\ude92 V sklopu meseca po\u017earne varnosti 2025 PROGRAM DOGODKA 08:00 \u2013 12:00 Letni pregled gasilnikov [&hellip;]\" \/>\n<meta property=\"og:url\" content=\"https:\/\/pgd.brezje.si\/pgd\/dan-odprtih-vrat-2025\/\" \/>\n<meta property=\"og:site_name\" content=\"PGD Brezje na Gorenjskem\" \/>\n<meta property=\"article:publisher\" content=\"https:\/\/www.facebook.com\/pgdbrezjemladina\" \/>\n<meta property=\"article:modified_time\" content=\"2025-09-30T20:35:27+00:00\" \/>\n<meta property=\"og:image\" content=\"https:\/\/pgd.brezje.si\/pgd\/wp-content\/uploads\/2025\/09\/a4_dan_odprtih_vrat-2-scaled.jpg\" \/>\n\t<meta property=\"og:image:width\" content=\"1811\" \/>\n\t<meta property=\"og:image:height\" content=\"2560\" \/>\n\t<meta property=\"og:image:type\" content=\"image\/jpeg\" \/>\n<meta name=\"twitter:card\" content=\"summary_large_image\" \/>\n<meta name=\"twitter:label1\" content=\"Est. reading time\" \/>\n\t<meta name=\"twitter:data1\" content=\"2 minuti\" \/>\n<script type=\"application\/ld+json\" class=\"yoast-schema-graph\">{\"@context\":\"https:\/\/schema.org\",\"@graph\":[{\"@type\":\"WebPage\",\"@id\":\"https:\/\/pgd.brezje.si\/pgd\/dan-odprtih-vrat-2025\/\",\"url\":\"https:\/\/pgd.brezje.si\/pgd\/dan-odprtih-vrat-2025\/\",\"name\":\"DAN Z BREZJANSKIMI GASILCI 2025 - PGD Brezje na Gorenjskem\",\"isPartOf\":{\"@id\":\"https:\/\/pgd.brezje.si\/pgd\/#website\"},\"primaryImageOfPage\":{\"@id\":\"https:\/\/pgd.brezje.si\/pgd\/dan-odprtih-vrat-2025\/#primaryimage\"},\"image\":{\"@id\":\"https:\/\/pgd.brezje.si\/pgd\/dan-odprtih-vrat-2025\/#primaryimage\"},\"thumbnailUrl\":\"https:\/\/pgd.brezje.si\/pgd\/wp-content\/uploads\/2025\/09\/a4_dan_odprtih_vrat-2-724x1024.jpg\",\"datePublished\":\"2025-09-19T08:58:08+00:00\",\"dateModified\":\"2025-09-30T20:35:27+00:00\",\"breadcrumb\":{\"@id\":\"https:\/\/pgd.brezje.si\/pgd\/dan-odprtih-vrat-2025\/#breadcrumb\"},\"inLanguage\":\"sl-SI\",\"potentialAction\":[{\"@type\":\"ReadAction\",\"target\":[\"https:\/\/pgd.brezje.si\/pgd\/dan-odprtih-vrat-2025\/\"]}]},{\"@type\":\"ImageObject\",\"inLanguage\":\"sl-SI\",\"@id\":\"https:\/\/pgd.brezje.si\/pgd\/dan-odprtih-vrat-2025\/#primaryimage\",\"url\":\"https:\/\/pgd.brezje.si\/pgd\/wp-content\/uploads\/2025\/09\/a4_dan_odprtih_vrat-2-scaled.jpg\",\"contentUrl\":\"https:\/\/pgd.brezje.si\/pgd\/wp-content\/uploads\/2025\/09\/a4_dan_odprtih_vrat-2-scaled.jpg\",\"width\":1811,\"height\":2560},{\"@type\":\"BreadcrumbList\",\"@id\":\"https:\/\/pgd.brezje.si\/pgd\/dan-odprtih-vrat-2025\/#breadcrumb\",\"itemListElement\":[{\"@type\":\"ListItem\",\"position\":1,\"name\":\"Home\",\"item\":\"https:\/\/pgd.brezje.si\/pgd\/\"},{\"@type\":\"ListItem\",\"position\":2,\"name\":\"DAN Z BREZJANSKIMI GASILCI 2025\"}]},{\"@type\":\"WebSite\",\"@id\":\"https:\/\/pgd.brezje.si\/pgd\/#website\",\"url\":\"https:\/\/pgd.brezje.si\/pgd\/\",\"name\":\"PGD Brezje na Gorenjskem\",\"description\":\"Obmo\u010dje delovanja KS Brezje: Brezje, \u010crnivec, No\u0161e, Dobro Polje, Malo Dobro Polje - skupno 919 prebivalcev\",\"publisher\":{\"@id\":\"https:\/\/pgd.brezje.si\/pgd\/#organization\"},\"potentialAction\":[{\"@type\":\"SearchAction\",\"target\":{\"@type\":\"EntryPoint\",\"urlTemplate\":\"https:\/\/pgd.brezje.si\/pgd\/?s={search_term_string}\"},\"query-input\":{\"@type\":\"PropertyValueSpecification\",\"valueRequired\":true,\"valueName\":\"search_term_string\"}}],\"inLanguage\":\"sl-SI\"},{\"@type\":\"Organization\",\"@id\":\"https:\/\/pgd.brezje.si\/pgd\/#organization\",\"name\":\"PGD Brezje na Gorenjskem\",\"url\":\"https:\/\/pgd.brezje.si\/pgd\/\",\"logo\":{\"@type\":\"ImageObject\",\"inLanguage\":\"sl-SI\",\"@id\":\"https:\/\/pgd.brezje.si\/pgd\/#\/schema\/logo\/image\/\",\"url\":\"https:\/\/pgd.brezje.si\/pgd\/wp-content\/uploads\/2024\/12\/PGD_Brezje_logo_col.png\",\"contentUrl\":\"https:\/\/pgd.brezje.si\/pgd\/wp-content\/uploads\/2024\/12\/PGD_Brezje_logo_col.png\",\"width\":2208,\"height\":2208,\"caption\":\"PGD Brezje na Gorenjskem\"},\"image\":{\"@id\":\"https:\/\/pgd.brezje.si\/pgd\/#\/schema\/logo\/image\/\"},\"sameAs\":[\"https:\/\/www.facebook.com\/pgdbrezjemladina\",\"https:\/\/www.instagram.com\/pgdbrezje\/\"]}]}<\/script>\n<!-- \/ Yoast SEO plugin. -->","yoast_head_json":{"title":"DAN Z BREZJANSKIMI GASILCI 2025 - PGD Brezje na Gorenjskem","robots":{"index":"index","follow":"follow","max-snippet":"max-snippet:-1","max-image-preview":"max-image-preview:large","max-video-preview":"max-video-preview:-1"},"canonical":"https:\/\/pgd.brezje.si\/pgd\/dan-odprtih-vrat-2025\/","og_locale":"sl_SI","og_type":"article","og_title":"DAN Z BREZJANSKIMI GASILCI 2025 - PGD Brezje na Gorenjskem","og_description":"Obve\u0161\u010damo vas, da bo dan odprtih vrat v sklopu meseca oktobra &#8211; meseca po\u017earne varnosti potekal v soboto, 18. 10. 2025, od 10:00 &#8211; 13:00 pri gasilskem domu na Brezjah. \ud83d\udcc5 Sobota, 18. oktober 2025\ud83d\udd59 10:00 \u2013 13:00\ud83d\udccd Gasilski dom Brezje\ud83d\udc68\u200d\ud83d\ude92 V sklopu meseca po\u017earne varnosti 2025 PROGRAM DOGODKA 08:00 \u2013 12:00 Letni pregled gasilnikov [&hellip;]","og_url":"https:\/\/pgd.brezje.si\/pgd\/dan-odprtih-vrat-2025\/","og_site_name":"PGD Brezje na Gorenjskem","article_publisher":"https:\/\/www.facebook.com\/pgdbrezjemladina","article_modified_time":"2025-09-30T20:35:27+00:00","og_image":[{"width":1811,"height":2560,"url":"https:\/\/pgd.brezje.si\/pgd\/wp-content\/uploads\/2025\/09\/a4_dan_odprtih_vrat-2-scaled.jpg","type":"image\/jpeg"}],"twitter_card":"summary_large_image","twitter_misc":{"Est. reading time":"2 minuti"},"schema":{"@context":"https:\/\/schema.org","@graph":[{"@type":"WebPage","@id":"https:\/\/pgd.brezje.si\/pgd\/dan-odprtih-vrat-2025\/","url":"https:\/\/pgd.brezje.si\/pgd\/dan-odprtih-vrat-2025\/","name":"DAN Z BREZJANSKIMI GASILCI 2025 - PGD Brezje na Gorenjskem","isPartOf":{"@id":"https:\/\/pgd.brezje.si\/pgd\/#website"},"primaryImageOfPage":{"@id":"https:\/\/pgd.brezje.si\/pgd\/dan-odprtih-vrat-2025\/#primaryimage"},"image":{"@id":"https:\/\/pgd.brezje.si\/pgd\/dan-odprtih-vrat-2025\/#primaryimage"},"thumbnailUrl":"https:\/\/pgd.brezje.si\/pgd\/wp-content\/uploads\/2025\/09\/a4_dan_odprtih_vrat-2-724x1024.jpg","datePublished":"2025-09-19T08:58:08+00:00","dateModified":"2025-09-30T20:35:27+00:00","breadcrumb":{"@id":"https:\/\/pgd.brezje.si\/pgd\/dan-odprtih-vrat-2025\/#breadcrumb"},"inLanguage":"sl-SI","potentialAction":[{"@type":"ReadAction","target":["https:\/\/pgd.brezje.si\/pgd\/dan-odprtih-vrat-2025\/"]}]},{"@type":"ImageObject","inLanguage":"sl-SI","@id":"https:\/\/pgd.brezje.si\/pgd\/dan-odprtih-vrat-2025\/#primaryimage","url":"https:\/\/pgd.brezje.si\/pgd\/wp-content\/uploads\/2025\/09\/a4_dan_odprtih_vrat-2-scaled.jpg","contentUrl":"https:\/\/pgd.brezje.si\/pgd\/wp-content\/uploads\/2025\/09\/a4_dan_odprtih_vrat-2-scaled.jpg","width":1811,"height":2560},{"@type":"BreadcrumbList","@id":"https:\/\/pgd.brezje.si\/pgd\/dan-odprtih-vrat-2025\/#breadcrumb","itemListElement":[{"@type":"ListItem","position":1,"name":"Home","item":"https:\/\/pgd.brezje.si\/pgd\/"},{"@type":"ListItem","position":2,"name":"DAN Z BREZJANSKIMI GASILCI 2025"}]},{"@type":"WebSite","@id":"https:\/\/pgd.brezje.si\/pgd\/#website","url":"https:\/\/pgd.brezje.si\/pgd\/","name":"PGD Brezje na Gorenjskem","description":"Obmo\u010dje delovanja KS Brezje: Brezje, \u010crnivec, No\u0161e, Dobro Polje, Malo Dobro Polje - skupno 919 prebivalcev","publisher":{"@id":"https:\/\/pgd.brezje.si\/pgd\/#organization"},"potentialAction":[{"@type":"SearchAction","target":{"@type":"EntryPoint","urlTemplate":"https:\/\/pgd.brezje.si\/pgd\/?s={search_term_string}"},"query-input":{"@type":"PropertyValueSpecification","valueRequired":true,"valueName":"search_term_string"}}],"inLanguage":"sl-SI"},{"@type":"Organization","@id":"https:\/\/pgd.brezje.si\/pgd\/#organization","name":"PGD Brezje na Gorenjskem","url":"https:\/\/pgd.brezje.si\/pgd\/","logo":{"@type":"ImageObject","inLanguage":"sl-SI","@id":"https:\/\/pgd.brezje.si\/pgd\/#\/schema\/logo\/image\/","url":"https:\/\/pgd.brezje.si\/pgd\/wp-content\/uploads\/2024\/12\/PGD_Brezje_logo_col.png","contentUrl":"https:\/\/pgd.brezje.si\/pgd\/wp-content\/uploads\/2024\/12\/PGD_Brezje_logo_col.png","width":2208,"height":2208,"caption":"PGD Brezje na Gorenjskem"},"image":{"@id":"https:\/\/pgd.brezje.si\/pgd\/#\/schema\/logo\/image\/"},"sameAs":["https:\/\/www.facebook.com\/pgdbrezjemladina","https:\/\/www.instagram.com\/pgdbrezje\/"]}]}},"_links":{"self":[{"href":"https:\/\/pgd.brezje.si\/pgd\/wp-json\/wp\/v2\/pages\/474","targetHints":{"allow":["GET"]}}],"collection":[{"href":"https:\/\/pgd.brezje.si\/pgd\/wp-json\/wp\/v2\/pages"}],"about":[{"href":"https:\/\/pgd.brezje.si\/pgd\/wp-json\/wp\/v2\/types\/page"}],"author":[{"embeddable":true,"href":"https:\/\/pgd.brezje.si\/pgd\/wp-json\/wp\/v2\/users\/2"}],"replies":[{"embeddable":true,"href":"https:\/\/pgd.brezje.si\/pgd\/wp-json\/wp\/v2\/comments?post=474"}],"version-history":[{"count":7,"href":"https:\/\/pgd.brezje.si\/pgd\/wp-json\/wp\/v2\/pages\/474\/revisions"}],"predecessor-version":[{"id":502,"href":"https:\/\/pgd.brezje.si\/pgd\/wp-json\/wp\/v2\/pages\/474\/revisions\/502"}],"wp:attachment":[{"href":"https:\/\/pgd.brezje.si\/pgd\/wp-json\/wp\/v2\/media?parent=474"}],"curies":[{"name":"wp","href":"https:\/\/api.w.org\/{rel}","templated":true}]}}