{"id":454,"date":"2025-09-19T08:52:00","date_gmt":"2025-09-19T08:52:00","guid":{"rendered":"https:\/\/pgd.brezje.si\/pgd\/?page_id=454"},"modified":"2025-09-19T08:52:01","modified_gmt":"2025-09-19T08:52:01","slug":"vaja-gz-radovljica-2025","status":"publish","type":"page","link":"https:\/\/pgd.brezje.si\/pgd\/vaja-gz-radovljica-2025\/","title":{"rendered":"Vaja GZ Radovljica 2025"},"content":{"rendered":"\n<p>V Begunjah je potekala meddru\u0161tvena vaja GZ Radovljica<\/p>\n\n\n\n<p>\u2714\ufe0f Preizkusili smo varno delo z vitli <br>\u2714\ufe0f Re\u0161evali onemoglo osebo iz mehani\u010dnega kanala <br>\u2714\ufe0f Delali z avto lestvijo GARS Jesenice <br>\u2714\ufe0f Spoznali preventivno vozilo GZS <br>\u2714\ufe0f Ga\u0161enje po\u017earov v naravi in polaganje cevovodov<br>\u2714\ufe0f Preizkus ga\u0161enja iz zraka <\/p>\n\n\n\n<p>Odli\u010dna vaja, polna znanja in sodelovanja med dru\u0161tvi!<\/p>\n\n\n\n<p>Foto:&nbsp;<a href=\"https:\/\/www.instagram.com\/jakobremarphotography\/\">@jakobremarphotography<\/a><\/p>\n\n\n\n<figure class=\"wp-block-gallery has-nested-images columns-default is-cropped wp-block-gallery-1 is-layout-flex wp-block-gallery-is-layout-flex\">\n<figure class=\"wp-block-image size-large\"><img loading=\"lazy\" decoding=\"async\" width=\"1024\" height=\"683\" data-id=\"461\" src=\"https:\/\/pgd.brezje.si\/pgd\/wp-content\/uploads\/2025\/09\/jakob-remar-vaja-GZR-2025-6-1024x683.jpg\" alt=\"\" class=\"wp-image-461\" srcset=\"https:\/\/pgd.brezje.si\/pgd\/wp-content\/uploads\/2025\/09\/jakob-remar-vaja-GZR-2025-6-1024x683.jpg 1024w, https:\/\/pgd.brezje.si\/pgd\/wp-content\/uploads\/2025\/09\/jakob-remar-vaja-GZR-2025-6-300x200.jpg 300w, https:\/\/pgd.brezje.si\/pgd\/wp-content\/uploads\/2025\/09\/jakob-remar-vaja-GZR-2025-6-768x512.jpg 768w, https:\/\/pgd.brezje.si\/pgd\/wp-content\/uploads\/2025\/09\/jakob-remar-vaja-GZR-2025-6-1536x1024.jpg 1536w, https:\/\/pgd.brezje.si\/pgd\/wp-content\/uploads\/2025\/09\/jakob-remar-vaja-GZR-2025-6-2048x1366.jpg 2048w\" sizes=\"auto, (max-width: 1024px) 100vw, 1024px\" \/><\/figure>\n\n\n\n<figure class=\"wp-block-image size-large\"><img loading=\"lazy\" decoding=\"async\" width=\"1024\" height=\"683\" data-id=\"455\" src=\"https:\/\/pgd.brezje.si\/pgd\/wp-content\/uploads\/2025\/09\/jakob-remar-vaja-GZR-2025-9-1024x683.jpg\" alt=\"\" class=\"wp-image-455\" srcset=\"https:\/\/pgd.brezje.si\/pgd\/wp-content\/uploads\/2025\/09\/jakob-remar-vaja-GZR-2025-9-1024x683.jpg 1024w, https:\/\/pgd.brezje.si\/pgd\/wp-content\/uploads\/2025\/09\/jakob-remar-vaja-GZR-2025-9-300x200.jpg 300w, https:\/\/pgd.brezje.si\/pgd\/wp-content\/uploads\/2025\/09\/jakob-remar-vaja-GZR-2025-9-768x512.jpg 768w, https:\/\/pgd.brezje.si\/pgd\/wp-content\/uploads\/2025\/09\/jakob-remar-vaja-GZR-2025-9-1536x1025.jpg 1536w, https:\/\/pgd.brezje.si\/pgd\/wp-content\/uploads\/2025\/09\/jakob-remar-vaja-GZR-2025-9-2048x1366.jpg 2048w\" sizes=\"auto, (max-width: 1024px) 100vw, 1024px\" \/><\/figure>\n\n\n\n<figure class=\"wp-block-image size-large\"><img loading=\"lazy\" decoding=\"async\" width=\"1024\" height=\"683\" data-id=\"458\" src=\"https:\/\/pgd.brezje.si\/pgd\/wp-content\/uploads\/2025\/09\/jakob-remar-vaja-GZR-2025-12-1024x683.jpg\" alt=\"\" class=\"wp-image-458\" srcset=\"https:\/\/pgd.brezje.si\/pgd\/wp-content\/uploads\/2025\/09\/jakob-remar-vaja-GZR-2025-12-1024x683.jpg 1024w, https:\/\/pgd.brezje.si\/pgd\/wp-content\/uploads\/2025\/09\/jakob-remar-vaja-GZR-2025-12-300x200.jpg 300w, https:\/\/pgd.brezje.si\/pgd\/wp-content\/uploads\/2025\/09\/jakob-remar-vaja-GZR-2025-12-768x512.jpg 768w, https:\/\/pgd.brezje.si\/pgd\/wp-content\/uploads\/2025\/09\/jakob-remar-vaja-GZR-2025-12-1536x1024.jpg 1536w, https:\/\/pgd.brezje.si\/pgd\/wp-content\/uploads\/2025\/09\/jakob-remar-vaja-GZR-2025-12-2048x1366.jpg 2048w\" sizes=\"auto, (max-width: 1024px) 100vw, 1024px\" \/><\/figure>\n\n\n\n<figure class=\"wp-block-image size-large\"><img loading=\"lazy\" decoding=\"async\" width=\"1024\" height=\"683\" data-id=\"462\" src=\"https:\/\/pgd.brezje.si\/pgd\/wp-content\/uploads\/2025\/09\/jakob-remar-vaja-GZR-2025-17-1-1024x683.jpg\" alt=\"\" class=\"wp-image-462\" srcset=\"https:\/\/pgd.brezje.si\/pgd\/wp-content\/uploads\/2025\/09\/jakob-remar-vaja-GZR-2025-17-1-1024x683.jpg 1024w, https:\/\/pgd.brezje.si\/pgd\/wp-content\/uploads\/2025\/09\/jakob-remar-vaja-GZR-2025-17-1-300x200.jpg 300w, https:\/\/pgd.brezje.si\/pgd\/wp-content\/uploads\/2025\/09\/jakob-remar-vaja-GZR-2025-17-1-768x512.jpg 768w, https:\/\/pgd.brezje.si\/pgd\/wp-content\/uploads\/2025\/09\/jakob-remar-vaja-GZR-2025-17-1-1536x1024.jpg 1536w, https:\/\/pgd.brezje.si\/pgd\/wp-content\/uploads\/2025\/09\/jakob-remar-vaja-GZR-2025-17-1-2048x1366.jpg 2048w\" sizes=\"auto, (max-width: 1024px) 100vw, 1024px\" \/><\/figure>\n\n\n\n<figure class=\"wp-block-image size-large\"><img loading=\"lazy\" decoding=\"async\" width=\"1024\" height=\"683\" data-id=\"464\" src=\"https:\/\/pgd.brezje.si\/pgd\/wp-content\/uploads\/2025\/09\/jakob-remar-vaja-GZR-2025-25-1024x683.jpg\" alt=\"\" class=\"wp-image-464\" srcset=\"https:\/\/pgd.brezje.si\/pgd\/wp-content\/uploads\/2025\/09\/jakob-remar-vaja-GZR-2025-25-1024x683.jpg 1024w, https:\/\/pgd.brezje.si\/pgd\/wp-content\/uploads\/2025\/09\/jakob-remar-vaja-GZR-2025-25-300x200.jpg 300w, https:\/\/pgd.brezje.si\/pgd\/wp-content\/uploads\/2025\/09\/jakob-remar-vaja-GZR-2025-25-768x512.jpg 768w, https:\/\/pgd.brezje.si\/pgd\/wp-content\/uploads\/2025\/09\/jakob-remar-vaja-GZR-2025-25-1536x1024.jpg 1536w, https:\/\/pgd.brezje.si\/pgd\/wp-content\/uploads\/2025\/09\/jakob-remar-vaja-GZR-2025-25-2048x1366.jpg 2048w\" sizes=\"auto, (max-width: 1024px) 100vw, 1024px\" \/><\/figure>\n\n\n\n<figure class=\"wp-block-image size-large\"><img loading=\"lazy\" decoding=\"async\" width=\"1024\" height=\"683\" data-id=\"463\" src=\"https:\/\/pgd.brezje.si\/pgd\/wp-content\/uploads\/2025\/09\/jakob-remar-vaja-GZR-2025-32-1024x683.jpg\" alt=\"\" class=\"wp-image-463\" srcset=\"https:\/\/pgd.brezje.si\/pgd\/wp-content\/uploads\/2025\/09\/jakob-remar-vaja-GZR-2025-32-1024x683.jpg 1024w, https:\/\/pgd.brezje.si\/pgd\/wp-content\/uploads\/2025\/09\/jakob-remar-vaja-GZR-2025-32-300x200.jpg 300w, https:\/\/pgd.brezje.si\/pgd\/wp-content\/uploads\/2025\/09\/jakob-remar-vaja-GZR-2025-32-768x512.jpg 768w, https:\/\/pgd.brezje.si\/pgd\/wp-content\/uploads\/2025\/09\/jakob-remar-vaja-GZR-2025-32-1536x1024.jpg 1536w, https:\/\/pgd.brezje.si\/pgd\/wp-content\/uploads\/2025\/09\/jakob-remar-vaja-GZR-2025-32-2048x1366.jpg 2048w\" sizes=\"auto, (max-width: 1024px) 100vw, 1024px\" \/><\/figure>\n\n\n\n<figure class=\"wp-block-image size-large\"><img loading=\"lazy\" decoding=\"async\" width=\"1024\" height=\"683\" data-id=\"465\" src=\"https:\/\/pgd.brezje.si\/pgd\/wp-content\/uploads\/2025\/09\/jakob-remar-vaja-GZR-2025-23-1024x683.jpg\" alt=\"\" class=\"wp-image-465\" srcset=\"https:\/\/pgd.brezje.si\/pgd\/wp-content\/uploads\/2025\/09\/jakob-remar-vaja-GZR-2025-23-1024x683.jpg 1024w, https:\/\/pgd.brezje.si\/pgd\/wp-content\/uploads\/2025\/09\/jakob-remar-vaja-GZR-2025-23-300x200.jpg 300w, https:\/\/pgd.brezje.si\/pgd\/wp-content\/uploads\/2025\/09\/jakob-remar-vaja-GZR-2025-23-768x512.jpg 768w, https:\/\/pgd.brezje.si\/pgd\/wp-content\/uploads\/2025\/09\/jakob-remar-vaja-GZR-2025-23-1536x1024.jpg 1536w, https:\/\/pgd.brezje.si\/pgd\/wp-content\/uploads\/2025\/09\/jakob-remar-vaja-GZR-2025-23-2048x1366.jpg 2048w\" sizes=\"auto, (max-width: 1024px) 100vw, 1024px\" \/><\/figure>\n\n\n\n<figure class=\"wp-block-image size-large\"><img loading=\"lazy\" decoding=\"async\" width=\"1024\" height=\"683\" data-id=\"457\" src=\"https:\/\/pgd.brezje.si\/pgd\/wp-content\/uploads\/2025\/09\/jakob-remar-vaja-GZR-2025-65-1024x683.jpg\" alt=\"\" class=\"wp-image-457\" srcset=\"https:\/\/pgd.brezje.si\/pgd\/wp-content\/uploads\/2025\/09\/jakob-remar-vaja-GZR-2025-65-1024x683.jpg 1024w, https:\/\/pgd.brezje.si\/pgd\/wp-content\/uploads\/2025\/09\/jakob-remar-vaja-GZR-2025-65-300x200.jpg 300w, https:\/\/pgd.brezje.si\/pgd\/wp-content\/uploads\/2025\/09\/jakob-remar-vaja-GZR-2025-65-768x512.jpg 768w, https:\/\/pgd.brezje.si\/pgd\/wp-content\/uploads\/2025\/09\/jakob-remar-vaja-GZR-2025-65-1536x1025.jpg 1536w, https:\/\/pgd.brezje.si\/pgd\/wp-content\/uploads\/2025\/09\/jakob-remar-vaja-GZR-2025-65-2048x1366.jpg 2048w\" sizes=\"auto, (max-width: 1024px) 100vw, 1024px\" \/><\/figure>\n\n\n\n<figure class=\"wp-block-image size-large\"><img loading=\"lazy\" decoding=\"async\" width=\"1024\" height=\"683\" data-id=\"459\" src=\"https:\/\/pgd.brezje.si\/pgd\/wp-content\/uploads\/2025\/09\/jakob-remar-vaja-GZR-2025-68-1024x683.jpg\" alt=\"\" class=\"wp-image-459\" srcset=\"https:\/\/pgd.brezje.si\/pgd\/wp-content\/uploads\/2025\/09\/jakob-remar-vaja-GZR-2025-68-1024x683.jpg 1024w, https:\/\/pgd.brezje.si\/pgd\/wp-content\/uploads\/2025\/09\/jakob-remar-vaja-GZR-2025-68-300x200.jpg 300w, https:\/\/pgd.brezje.si\/pgd\/wp-content\/uploads\/2025\/09\/jakob-remar-vaja-GZR-2025-68-768x512.jpg 768w, https:\/\/pgd.brezje.si\/pgd\/wp-content\/uploads\/2025\/09\/jakob-remar-vaja-GZR-2025-68-1536x1025.jpg 1536w, https:\/\/pgd.brezje.si\/pgd\/wp-content\/uploads\/2025\/09\/jakob-remar-vaja-GZR-2025-68-2048x1366.jpg 2048w\" sizes=\"auto, (max-width: 1024px) 100vw, 1024px\" \/><\/figure>\n\n\n\n<figure class=\"wp-block-image size-large\"><img loading=\"lazy\" decoding=\"async\" width=\"1024\" height=\"683\" data-id=\"456\" src=\"https:\/\/pgd.brezje.si\/pgd\/wp-content\/uploads\/2025\/09\/jakob-remar-vaja-GZR-2025-76-1024x683.jpg\" alt=\"\" class=\"wp-image-456\" srcset=\"https:\/\/pgd.brezje.si\/pgd\/wp-content\/uploads\/2025\/09\/jakob-remar-vaja-GZR-2025-76-1024x683.jpg 1024w, https:\/\/pgd.brezje.si\/pgd\/wp-content\/uploads\/2025\/09\/jakob-remar-vaja-GZR-2025-76-300x200.jpg 300w, https:\/\/pgd.brezje.si\/pgd\/wp-content\/uploads\/2025\/09\/jakob-remar-vaja-GZR-2025-76-768x512.jpg 768w, https:\/\/pgd.brezje.si\/pgd\/wp-content\/uploads\/2025\/09\/jakob-remar-vaja-GZR-2025-76-1536x1024.jpg 1536w, https:\/\/pgd.brezje.si\/pgd\/wp-content\/uploads\/2025\/09\/jakob-remar-vaja-GZR-2025-76-2048x1366.jpg 2048w\" sizes=\"auto, (max-width: 1024px) 100vw, 1024px\" \/><\/figure>\n<\/figure>\n","protected":false},"excerpt":{"rendered":"<p>V Begunjah je potekala meddru\u0161tvena vaja GZ Radovljica \u2714\ufe0f Preizkusili smo varno delo z vitli \u2714\ufe0f Re\u0161evali onemoglo osebo iz mehani\u010dnega kanala \u2714\ufe0f Delali z avto lestvijo GARS Jesenice \u2714\ufe0f Spoznali preventivno vozilo GZS \u2714\ufe0f Ga\u0161enje po\u017earov v naravi in polaganje cevovodov\u2714\ufe0f Preizkus ga\u0161enja iz zraka Odli\u010dna vaja, polna znanja in sodelovanja med dru\u0161tvi! Foto:&nbsp;@jakobremarphotography<\/p>\n","protected":false},"author":2,"featured_media":0,"parent":0,"menu_order":0,"comment_status":"closed","ping_status":"closed","template":"","meta":{"footnotes":""},"class_list":["post-454","page","type-page","status-publish","hentry"],"yoast_head":"<!-- This site is optimized with the Yoast SEO plugin v24.3 - https:\/\/yoast.com\/wordpress\/plugins\/seo\/ -->\n<title>Vaja GZ Radovljica 2025 - PGD Brezje na Gorenjskem<\/title>\n<meta name=\"robots\" content=\"index, follow, max-snippet:-1, max-image-preview:large, max-video-preview:-1\" \/>\n<link rel=\"canonical\" href=\"https:\/\/pgd.brezje.si\/pgd\/vaja-gz-radovljica-2025\/\" \/>\n<meta property=\"og:locale\" content=\"sl_SI\" \/>\n<meta property=\"og:type\" content=\"article\" \/>\n<meta property=\"og:title\" content=\"Vaja GZ Radovljica 2025 - PGD Brezje na Gorenjskem\" \/>\n<meta property=\"og:description\" content=\"V Begunjah je potekala meddru\u0161tvena vaja GZ Radovljica \u2714\ufe0f Preizkusili smo varno delo z vitli \u2714\ufe0f Re\u0161evali onemoglo osebo iz mehani\u010dnega kanala \u2714\ufe0f Delali z avto lestvijo GARS Jesenice \u2714\ufe0f Spoznali preventivno vozilo GZS \u2714\ufe0f Ga\u0161enje po\u017earov v naravi in polaganje cevovodov\u2714\ufe0f Preizkus ga\u0161enja iz zraka Odli\u010dna vaja, polna znanja in sodelovanja med dru\u0161tvi! Foto:&nbsp;@jakobremarphotography\" \/>\n<meta property=\"og:url\" content=\"https:\/\/pgd.brezje.si\/pgd\/vaja-gz-radovljica-2025\/\" \/>\n<meta property=\"og:site_name\" content=\"PGD Brezje na Gorenjskem\" \/>\n<meta property=\"article:publisher\" content=\"https:\/\/www.facebook.com\/pgdbrezjemladina\" \/>\n<meta property=\"article:modified_time\" content=\"2025-09-19T08:52:01+00:00\" \/>\n<meta property=\"og:image\" content=\"https:\/\/pgd.brezje.si\/pgd\/wp-content\/uploads\/2025\/09\/jakob-remar-vaja-GZR-2025-6-scaled.jpg\" \/>\n\t<meta property=\"og:image:width\" content=\"2560\" \/>\n\t<meta property=\"og:image:height\" content=\"1707\" \/>\n\t<meta property=\"og:image:type\" content=\"image\/jpeg\" \/>\n<meta name=\"twitter:card\" content=\"summary_large_image\" \/>\n<meta name=\"twitter:label1\" content=\"Est. reading time\" \/>\n\t<meta name=\"twitter:data1\" content=\"3 minute\" \/>\n<script type=\"application\/ld+json\" class=\"yoast-schema-graph\">{\"@context\":\"https:\/\/schema.org\",\"@graph\":[{\"@type\":\"WebPage\",\"@id\":\"https:\/\/pgd.brezje.si\/pgd\/vaja-gz-radovljica-2025\/\",\"url\":\"https:\/\/pgd.brezje.si\/pgd\/vaja-gz-radovljica-2025\/\",\"name\":\"Vaja GZ Radovljica 2025 - PGD Brezje na Gorenjskem\",\"isPartOf\":{\"@id\":\"https:\/\/pgd.brezje.si\/pgd\/#website\"},\"primaryImageOfPage\":{\"@id\":\"https:\/\/pgd.brezje.si\/pgd\/vaja-gz-radovljica-2025\/#primaryimage\"},\"image\":{\"@id\":\"https:\/\/pgd.brezje.si\/pgd\/vaja-gz-radovljica-2025\/#primaryimage\"},\"thumbnailUrl\":\"https:\/\/pgd.brezje.si\/pgd\/wp-content\/uploads\/2025\/09\/jakob-remar-vaja-GZR-2025-6-1024x683.jpg\",\"datePublished\":\"2025-09-19T08:52:00+00:00\",\"dateModified\":\"2025-09-19T08:52:01+00:00\",\"breadcrumb\":{\"@id\":\"https:\/\/pgd.brezje.si\/pgd\/vaja-gz-radovljica-2025\/#breadcrumb\"},\"inLanguage\":\"sl-SI\",\"potentialAction\":[{\"@type\":\"ReadAction\",\"target\":[\"https:\/\/pgd.brezje.si\/pgd\/vaja-gz-radovljica-2025\/\"]}]},{\"@type\":\"ImageObject\",\"inLanguage\":\"sl-SI\",\"@id\":\"https:\/\/pgd.brezje.si\/pgd\/vaja-gz-radovljica-2025\/#primaryimage\",\"url\":\"https:\/\/pgd.brezje.si\/pgd\/wp-content\/uploads\/2025\/09\/jakob-remar-vaja-GZR-2025-6-scaled.jpg\",\"contentUrl\":\"https:\/\/pgd.brezje.si\/pgd\/wp-content\/uploads\/2025\/09\/jakob-remar-vaja-GZR-2025-6-scaled.jpg\",\"width\":2560,\"height\":1707},{\"@type\":\"BreadcrumbList\",\"@id\":\"https:\/\/pgd.brezje.si\/pgd\/vaja-gz-radovljica-2025\/#breadcrumb\",\"itemListElement\":[{\"@type\":\"ListItem\",\"position\":1,\"name\":\"Home\",\"item\":\"https:\/\/pgd.brezje.si\/pgd\/\"},{\"@type\":\"ListItem\",\"position\":2,\"name\":\"Vaja GZ Radovljica 2025\"}]},{\"@type\":\"WebSite\",\"@id\":\"https:\/\/pgd.brezje.si\/pgd\/#website\",\"url\":\"https:\/\/pgd.brezje.si\/pgd\/\",\"name\":\"PGD Brezje na Gorenjskem\",\"description\":\"Obmo\u010dje delovanja KS Brezje: Brezje, \u010crnivec, No\u0161e, Dobro Polje, Malo Dobro Polje - skupno 919 prebivalcev\",\"publisher\":{\"@id\":\"https:\/\/pgd.brezje.si\/pgd\/#organization\"},\"potentialAction\":[{\"@type\":\"SearchAction\",\"target\":{\"@type\":\"EntryPoint\",\"urlTemplate\":\"https:\/\/pgd.brezje.si\/pgd\/?s={search_term_string}\"},\"query-input\":{\"@type\":\"PropertyValueSpecification\",\"valueRequired\":true,\"valueName\":\"search_term_string\"}}],\"inLanguage\":\"sl-SI\"},{\"@type\":\"Organization\",\"@id\":\"https:\/\/pgd.brezje.si\/pgd\/#organization\",\"name\":\"PGD Brezje na Gorenjskem\",\"url\":\"https:\/\/pgd.brezje.si\/pgd\/\",\"logo\":{\"@type\":\"ImageObject\",\"inLanguage\":\"sl-SI\",\"@id\":\"https:\/\/pgd.brezje.si\/pgd\/#\/schema\/logo\/image\/\",\"url\":\"https:\/\/pgd.brezje.si\/pgd\/wp-content\/uploads\/2024\/12\/PGD_Brezje_logo_col.png\",\"contentUrl\":\"https:\/\/pgd.brezje.si\/pgd\/wp-content\/uploads\/2024\/12\/PGD_Brezje_logo_col.png\",\"width\":2208,\"height\":2208,\"caption\":\"PGD Brezje na Gorenjskem\"},\"image\":{\"@id\":\"https:\/\/pgd.brezje.si\/pgd\/#\/schema\/logo\/image\/\"},\"sameAs\":[\"https:\/\/www.facebook.com\/pgdbrezjemladina\",\"https:\/\/www.instagram.com\/pgdbrezje\/\"]}]}<\/script>\n<!-- \/ Yoast SEO plugin. -->","yoast_head_json":{"title":"Vaja GZ Radovljica 2025 - PGD Brezje na Gorenjskem","robots":{"index":"index","follow":"follow","max-snippet":"max-snippet:-1","max-image-preview":"max-image-preview:large","max-video-preview":"max-video-preview:-1"},"canonical":"https:\/\/pgd.brezje.si\/pgd\/vaja-gz-radovljica-2025\/","og_locale":"sl_SI","og_type":"article","og_title":"Vaja GZ Radovljica 2025 - PGD Brezje na Gorenjskem","og_description":"V Begunjah je potekala meddru\u0161tvena vaja GZ Radovljica \u2714\ufe0f Preizkusili smo varno delo z vitli \u2714\ufe0f Re\u0161evali onemoglo osebo iz mehani\u010dnega kanala \u2714\ufe0f Delali z avto lestvijo GARS Jesenice \u2714\ufe0f Spoznali preventivno vozilo GZS \u2714\ufe0f Ga\u0161enje po\u017earov v naravi in polaganje cevovodov\u2714\ufe0f Preizkus ga\u0161enja iz zraka Odli\u010dna vaja, polna znanja in sodelovanja med dru\u0161tvi! Foto:&nbsp;@jakobremarphotography","og_url":"https:\/\/pgd.brezje.si\/pgd\/vaja-gz-radovljica-2025\/","og_site_name":"PGD Brezje na Gorenjskem","article_publisher":"https:\/\/www.facebook.com\/pgdbrezjemladina","article_modified_time":"2025-09-19T08:52:01+00:00","og_image":[{"width":2560,"height":1707,"url":"https:\/\/pgd.brezje.si\/pgd\/wp-content\/uploads\/2025\/09\/jakob-remar-vaja-GZR-2025-6-scaled.jpg","type":"image\/jpeg"}],"twitter_card":"summary_large_image","twitter_misc":{"Est. reading time":"3 minute"},"schema":{"@context":"https:\/\/schema.org","@graph":[{"@type":"WebPage","@id":"https:\/\/pgd.brezje.si\/pgd\/vaja-gz-radovljica-2025\/","url":"https:\/\/pgd.brezje.si\/pgd\/vaja-gz-radovljica-2025\/","name":"Vaja GZ Radovljica 2025 - PGD Brezje na Gorenjskem","isPartOf":{"@id":"https:\/\/pgd.brezje.si\/pgd\/#website"},"primaryImageOfPage":{"@id":"https:\/\/pgd.brezje.si\/pgd\/vaja-gz-radovljica-2025\/#primaryimage"},"image":{"@id":"https:\/\/pgd.brezje.si\/pgd\/vaja-gz-radovljica-2025\/#primaryimage"},"thumbnailUrl":"https:\/\/pgd.brezje.si\/pgd\/wp-content\/uploads\/2025\/09\/jakob-remar-vaja-GZR-2025-6-1024x683.jpg","datePublished":"2025-09-19T08:52:00+00:00","dateModified":"2025-09-19T08:52:01+00:00","breadcrumb":{"@id":"https:\/\/pgd.brezje.si\/pgd\/vaja-gz-radovljica-2025\/#breadcrumb"},"inLanguage":"sl-SI","potentialAction":[{"@type":"ReadAction","target":["https:\/\/pgd.brezje.si\/pgd\/vaja-gz-radovljica-2025\/"]}]},{"@type":"ImageObject","inLanguage":"sl-SI","@id":"https:\/\/pgd.brezje.si\/pgd\/vaja-gz-radovljica-2025\/#primaryimage","url":"https:\/\/pgd.brezje.si\/pgd\/wp-content\/uploads\/2025\/09\/jakob-remar-vaja-GZR-2025-6-scaled.jpg","contentUrl":"https:\/\/pgd.brezje.si\/pgd\/wp-content\/uploads\/2025\/09\/jakob-remar-vaja-GZR-2025-6-scaled.jpg","width":2560,"height":1707},{"@type":"BreadcrumbList","@id":"https:\/\/pgd.brezje.si\/pgd\/vaja-gz-radovljica-2025\/#breadcrumb","itemListElement":[{"@type":"ListItem","position":1,"name":"Home","item":"https:\/\/pgd.brezje.si\/pgd\/"},{"@type":"ListItem","position":2,"name":"Vaja GZ Radovljica 2025"}]},{"@type":"WebSite","@id":"https:\/\/pgd.brezje.si\/pgd\/#website","url":"https:\/\/pgd.brezje.si\/pgd\/","name":"PGD Brezje na Gorenjskem","description":"Obmo\u010dje delovanja KS Brezje: Brezje, \u010crnivec, No\u0161e, Dobro Polje, Malo Dobro Polje - skupno 919 prebivalcev","publisher":{"@id":"https:\/\/pgd.brezje.si\/pgd\/#organization"},"potentialAction":[{"@type":"SearchAction","target":{"@type":"EntryPoint","urlTemplate":"https:\/\/pgd.brezje.si\/pgd\/?s={search_term_string}"},"query-input":{"@type":"PropertyValueSpecification","valueRequired":true,"valueName":"search_term_string"}}],"inLanguage":"sl-SI"},{"@type":"Organization","@id":"https:\/\/pgd.brezje.si\/pgd\/#organization","name":"PGD Brezje na Gorenjskem","url":"https:\/\/pgd.brezje.si\/pgd\/","logo":{"@type":"ImageObject","inLanguage":"sl-SI","@id":"https:\/\/pgd.brezje.si\/pgd\/#\/schema\/logo\/image\/","url":"https:\/\/pgd.brezje.si\/pgd\/wp-content\/uploads\/2024\/12\/PGD_Brezje_logo_col.png","contentUrl":"https:\/\/pgd.brezje.si\/pgd\/wp-content\/uploads\/2024\/12\/PGD_Brezje_logo_col.png","width":2208,"height":2208,"caption":"PGD Brezje na Gorenjskem"},"image":{"@id":"https:\/\/pgd.brezje.si\/pgd\/#\/schema\/logo\/image\/"},"sameAs":["https:\/\/www.facebook.com\/pgdbrezjemladina","https:\/\/www.instagram.com\/pgdbrezje\/"]}]}},"_links":{"self":[{"href":"https:\/\/pgd.brezje.si\/pgd\/wp-json\/wp\/v2\/pages\/454","targetHints":{"allow":["GET"]}}],"collection":[{"href":"https:\/\/pgd.brezje.si\/pgd\/wp-json\/wp\/v2\/pages"}],"about":[{"href":"https:\/\/pgd.brezje.si\/pgd\/wp-json\/wp\/v2\/types\/page"}],"author":[{"embeddable":true,"href":"https:\/\/pgd.brezje.si\/pgd\/wp-json\/wp\/v2\/users\/2"}],"replies":[{"embeddable":true,"href":"https:\/\/pgd.brezje.si\/pgd\/wp-json\/wp\/v2\/comments?post=454"}],"version-history":[{"count":1,"href":"https:\/\/pgd.brezje.si\/pgd\/wp-json\/wp\/v2\/pages\/454\/revisions"}],"predecessor-version":[{"id":466,"href":"https:\/\/pgd.brezje.si\/pgd\/wp-json\/wp\/v2\/pages\/454\/revisions\/466"}],"wp:attachment":[{"href":"https:\/\/pgd.brezje.si\/pgd\/wp-json\/wp\/v2\/media?parent=454"}],"curies":[{"name":"wp","href":"https:\/\/api.w.org\/{rel}","templated":true}]}}