{"id":442,"date":"2025-09-19T08:46:42","date_gmt":"2025-09-19T08:46:42","guid":{"rendered":"https:\/\/pgd.brezje.si\/pgd\/?page_id=442"},"modified":"2025-09-19T09:13:10","modified_gmt":"2025-09-19T09:13:10","slug":"pozar-zapuze","status":"publish","type":"page","link":"https:\/\/pgd.brezje.si\/pgd\/pozar-zapuze\/","title":{"rendered":"Po\u017ear Zapu\u017ee"},"content":{"rendered":"\n<p><strong>26. 6. 2025<\/strong> smo ob 23:14 prejeli poziv, da <strong>gori industrijski objekt v Zapu\u017eah<\/strong> Ob prihodu na kraj je bil po\u017ear \u017ee polno razvit. Na kraju je posredovala celotna Gasilska zveza Radovljica, GARS Jesenice, GARS Kranj, Ekolo\u0161ki laboratorij z mobilno enoto, PGD Bled, PGD Zabreznica, policija in re\u0161evalci NMP, ki so oskrbeli dva gasilca, ki sta se nadihala dima. Skupaj je sodelovalo ve\u010d kot 100 gasilcev. Na kraju so do jutra ostale enote, ki so gasile posamezna \u017eari\u0161\u010da.<\/p>\n\n\n\n<p>Foto: PGD Brezje na Gorenjskem, Jani Kolman<\/p>\n\n\n\n<figure class=\"wp-block-image size-large\"><img loading=\"lazy\" decoding=\"async\" width=\"1024\" height=\"575\" src=\"https:\/\/pgd.brezje.si\/pgd\/wp-content\/uploads\/2025\/09\/DJI_0167_1-1024x575.jpg\" alt=\"\" class=\"wp-image-443\" srcset=\"https:\/\/pgd.brezje.si\/pgd\/wp-content\/uploads\/2025\/09\/DJI_0167_1-1024x575.jpg 1024w, https:\/\/pgd.brezje.si\/pgd\/wp-content\/uploads\/2025\/09\/DJI_0167_1-300x169.jpg 300w, https:\/\/pgd.brezje.si\/pgd\/wp-content\/uploads\/2025\/09\/DJI_0167_1-768x431.jpg 768w, https:\/\/pgd.brezje.si\/pgd\/wp-content\/uploads\/2025\/09\/DJI_0167_1-1536x863.jpg 1536w, https:\/\/pgd.brezje.si\/pgd\/wp-content\/uploads\/2025\/09\/DJI_0167_1-2048x1151.jpg 2048w\" sizes=\"auto, (max-width: 1024px) 100vw, 1024px\" \/><\/figure>\n\n\n\n<figure class=\"wp-block-gallery has-nested-images columns-default is-cropped wp-block-gallery-1 is-layout-flex wp-block-gallery-is-layout-flex\">\n<figure class=\"wp-block-image size-large\"><img loading=\"lazy\" decoding=\"async\" width=\"1024\" height=\"768\" data-id=\"447\" src=\"https:\/\/pgd.brezje.si\/pgd\/wp-content\/uploads\/2025\/09\/IMG_4472-1024x768.jpeg\" alt=\"\" class=\"wp-image-447\" srcset=\"https:\/\/pgd.brezje.si\/pgd\/wp-content\/uploads\/2025\/09\/IMG_4472-1024x768.jpeg 1024w, https:\/\/pgd.brezje.si\/pgd\/wp-content\/uploads\/2025\/09\/IMG_4472-300x225.jpeg 300w, https:\/\/pgd.brezje.si\/pgd\/wp-content\/uploads\/2025\/09\/IMG_4472-768x576.jpeg 768w, https:\/\/pgd.brezje.si\/pgd\/wp-content\/uploads\/2025\/09\/IMG_4472-1536x1152.jpeg 1536w, https:\/\/pgd.brezje.si\/pgd\/wp-content\/uploads\/2025\/09\/IMG_4472-2048x1536.jpeg 2048w\" sizes=\"auto, (max-width: 1024px) 100vw, 1024px\" \/><\/figure>\n\n\n\n<figure class=\"wp-block-image size-large\"><img loading=\"lazy\" decoding=\"async\" width=\"768\" height=\"1024\" data-id=\"445\" src=\"https:\/\/pgd.brezje.si\/pgd\/wp-content\/uploads\/2025\/09\/IMG_4487-768x1024.jpeg\" alt=\"\" class=\"wp-image-445\" srcset=\"https:\/\/pgd.brezje.si\/pgd\/wp-content\/uploads\/2025\/09\/IMG_4487-768x1024.jpeg 768w, https:\/\/pgd.brezje.si\/pgd\/wp-content\/uploads\/2025\/09\/IMG_4487-225x300.jpeg 225w, https:\/\/pgd.brezje.si\/pgd\/wp-content\/uploads\/2025\/09\/IMG_4487-1152x1536.jpeg 1152w, https:\/\/pgd.brezje.si\/pgd\/wp-content\/uploads\/2025\/09\/IMG_4487-1536x2048.jpeg 1536w, https:\/\/pgd.brezje.si\/pgd\/wp-content\/uploads\/2025\/09\/IMG_4487-scaled.jpeg 1920w\" sizes=\"auto, (max-width: 768px) 100vw, 768px\" \/><\/figure>\n\n\n\n<figure class=\"wp-block-image size-large\"><img loading=\"lazy\" decoding=\"async\" width=\"768\" height=\"1024\" data-id=\"448\" src=\"https:\/\/pgd.brezje.si\/pgd\/wp-content\/uploads\/2025\/09\/IMG_4492-768x1024.jpeg\" alt=\"\" class=\"wp-image-448\" srcset=\"https:\/\/pgd.brezje.si\/pgd\/wp-content\/uploads\/2025\/09\/IMG_4492-768x1024.jpeg 768w, https:\/\/pgd.brezje.si\/pgd\/wp-content\/uploads\/2025\/09\/IMG_4492-225x300.jpeg 225w, https:\/\/pgd.brezje.si\/pgd\/wp-content\/uploads\/2025\/09\/IMG_4492-1152x1536.jpeg 1152w, https:\/\/pgd.brezje.si\/pgd\/wp-content\/uploads\/2025\/09\/IMG_4492-1536x2048.jpeg 1536w, https:\/\/pgd.brezje.si\/pgd\/wp-content\/uploads\/2025\/09\/IMG_4492-scaled.jpeg 1920w\" sizes=\"auto, (max-width: 768px) 100vw, 768px\" \/><\/figure>\n\n\n\n<figure class=\"wp-block-image size-large\"><img loading=\"lazy\" decoding=\"async\" width=\"1024\" height=\"768\" data-id=\"444\" src=\"https:\/\/pgd.brezje.si\/pgd\/wp-content\/uploads\/2025\/09\/IMG_4495-1024x768.jpeg\" alt=\"\" class=\"wp-image-444\" srcset=\"https:\/\/pgd.brezje.si\/pgd\/wp-content\/uploads\/2025\/09\/IMG_4495-1024x768.jpeg 1024w, https:\/\/pgd.brezje.si\/pgd\/wp-content\/uploads\/2025\/09\/IMG_4495-300x225.jpeg 300w, https:\/\/pgd.brezje.si\/pgd\/wp-content\/uploads\/2025\/09\/IMG_4495-768x576.jpeg 768w, https:\/\/pgd.brezje.si\/pgd\/wp-content\/uploads\/2025\/09\/IMG_4495-1536x1152.jpeg 1536w, https:\/\/pgd.brezje.si\/pgd\/wp-content\/uploads\/2025\/09\/IMG_4495-2048x1536.jpeg 2048w\" sizes=\"auto, (max-width: 1024px) 100vw, 1024px\" \/><\/figure>\n\n\n\n<figure class=\"wp-block-image size-large\"><img loading=\"lazy\" decoding=\"async\" width=\"1024\" height=\"768\" data-id=\"446\" src=\"https:\/\/pgd.brezje.si\/pgd\/wp-content\/uploads\/2025\/09\/IMG_4498-1-1024x768.jpeg\" alt=\"\" class=\"wp-image-446\" srcset=\"https:\/\/pgd.brezje.si\/pgd\/wp-content\/uploads\/2025\/09\/IMG_4498-1-1024x768.jpeg 1024w, https:\/\/pgd.brezje.si\/pgd\/wp-content\/uploads\/2025\/09\/IMG_4498-1-300x225.jpeg 300w, https:\/\/pgd.brezje.si\/pgd\/wp-content\/uploads\/2025\/09\/IMG_4498-1-768x576.jpeg 768w, https:\/\/pgd.brezje.si\/pgd\/wp-content\/uploads\/2025\/09\/IMG_4498-1-1536x1152.jpeg 1536w, https:\/\/pgd.brezje.si\/pgd\/wp-content\/uploads\/2025\/09\/IMG_4498-1-2048x1536.jpeg 2048w\" sizes=\"auto, (max-width: 1024px) 100vw, 1024px\" \/><\/figure>\n\n\n\n<figure class=\"wp-block-image size-large\"><img loading=\"lazy\" decoding=\"async\" width=\"1024\" height=\"575\" data-id=\"449\" src=\"https:\/\/pgd.brezje.si\/pgd\/wp-content\/uploads\/2025\/09\/IMG_4530-1024x575.jpeg\" alt=\"\" class=\"wp-image-449\" srcset=\"https:\/\/pgd.brezje.si\/pgd\/wp-content\/uploads\/2025\/09\/IMG_4530-1024x575.jpeg 1024w, https:\/\/pgd.brezje.si\/pgd\/wp-content\/uploads\/2025\/09\/IMG_4530-300x169.jpeg 300w, https:\/\/pgd.brezje.si\/pgd\/wp-content\/uploads\/2025\/09\/IMG_4530-768x431.jpeg 768w, https:\/\/pgd.brezje.si\/pgd\/wp-content\/uploads\/2025\/09\/IMG_4530-1536x863.jpeg 1536w, https:\/\/pgd.brezje.si\/pgd\/wp-content\/uploads\/2025\/09\/IMG_4530-2048x1151.jpeg 2048w\" sizes=\"auto, (max-width: 1024px) 100vw, 1024px\" \/><\/figure>\n<\/figure>\n\n\n\n<figure class=\"wp-block-embed is-type-video is-provider-youtube wp-block-embed-youtube wp-embed-aspect-16-9 wp-has-aspect-ratio\"><div class=\"wp-block-embed__wrapper\">\n<iframe loading=\"lazy\" title=\"[PO\u017dAR INDUSTRIJSKEGA OBJEKTA] Posredovanje enot GZ Radovljica, GARS Kranj, GARS Jesenice, ELME, NMP\" width=\"500\" height=\"281\" src=\"https:\/\/www.youtube.com\/embed\/uzAFTGzVdF8?feature=oembed\" frameborder=\"0\" allow=\"accelerometer; autoplay; clipboard-write; encrypted-media; gyroscope; picture-in-picture; web-share\" referrerpolicy=\"strict-origin-when-cross-origin\" allowfullscreen><\/iframe>\n<\/div><\/figure>\n","protected":false},"excerpt":{"rendered":"<p>26. 6. 2025 smo ob 23:14 prejeli poziv, da gori industrijski objekt v Zapu\u017eah Ob prihodu na kraj je bil po\u017ear \u017ee polno razvit. Na kraju je posredovala celotna Gasilska zveza Radovljica, GARS Jesenice, GARS Kranj, Ekolo\u0161ki laboratorij z mobilno enoto, PGD Bled, PGD Zabreznica, policija in re\u0161evalci NMP, ki so oskrbeli dva gasilca, ki [&hellip;]<\/p>\n","protected":false},"author":2,"featured_media":0,"parent":0,"menu_order":0,"comment_status":"closed","ping_status":"closed","template":"","meta":{"footnotes":""},"class_list":["post-442","page","type-page","status-publish","hentry"],"yoast_head":"<!-- This site is optimized with the Yoast SEO plugin v24.3 - https:\/\/yoast.com\/wordpress\/plugins\/seo\/ -->\n<title>Po\u017ear Zapu\u017ee - PGD Brezje na Gorenjskem<\/title>\n<meta name=\"robots\" content=\"index, follow, max-snippet:-1, max-image-preview:large, max-video-preview:-1\" \/>\n<link rel=\"canonical\" href=\"https:\/\/pgd.brezje.si\/pgd\/pozar-zapuze\/\" \/>\n<meta property=\"og:locale\" content=\"sl_SI\" \/>\n<meta property=\"og:type\" content=\"article\" \/>\n<meta property=\"og:title\" content=\"Po\u017ear Zapu\u017ee - PGD Brezje na Gorenjskem\" \/>\n<meta property=\"og:description\" content=\"26. 6. 2025 smo ob 23:14 prejeli poziv, da gori industrijski objekt v Zapu\u017eah Ob prihodu na kraj je bil po\u017ear \u017ee polno razvit. Na kraju je posredovala celotna Gasilska zveza Radovljica, GARS Jesenice, GARS Kranj, Ekolo\u0161ki laboratorij z mobilno enoto, PGD Bled, PGD Zabreznica, policija in re\u0161evalci NMP, ki so oskrbeli dva gasilca, ki [&hellip;]\" \/>\n<meta property=\"og:url\" content=\"https:\/\/pgd.brezje.si\/pgd\/pozar-zapuze\/\" \/>\n<meta property=\"og:site_name\" content=\"PGD Brezje na Gorenjskem\" \/>\n<meta property=\"article:publisher\" content=\"https:\/\/www.facebook.com\/pgdbrezjemladina\" \/>\n<meta property=\"article:modified_time\" content=\"2025-09-19T09:13:10+00:00\" \/>\n<meta property=\"og:image\" content=\"https:\/\/pgd.brezje.si\/pgd\/wp-content\/uploads\/2025\/09\/DJI_0167_1-scaled.jpg\" \/>\n\t<meta property=\"og:image:width\" content=\"2560\" \/>\n\t<meta property=\"og:image:height\" content=\"1438\" \/>\n\t<meta property=\"og:image:type\" content=\"image\/jpeg\" \/>\n<meta name=\"twitter:card\" content=\"summary_large_image\" \/>\n<meta name=\"twitter:label1\" content=\"Est. reading time\" \/>\n\t<meta name=\"twitter:data1\" content=\"2 minuti\" \/>\n<script type=\"application\/ld+json\" class=\"yoast-schema-graph\">{\"@context\":\"https:\/\/schema.org\",\"@graph\":[{\"@type\":\"WebPage\",\"@id\":\"https:\/\/pgd.brezje.si\/pgd\/pozar-zapuze\/\",\"url\":\"https:\/\/pgd.brezje.si\/pgd\/pozar-zapuze\/\",\"name\":\"Po\u017ear Zapu\u017ee - PGD Brezje na Gorenjskem\",\"isPartOf\":{\"@id\":\"https:\/\/pgd.brezje.si\/pgd\/#website\"},\"primaryImageOfPage\":{\"@id\":\"https:\/\/pgd.brezje.si\/pgd\/pozar-zapuze\/#primaryimage\"},\"image\":{\"@id\":\"https:\/\/pgd.brezje.si\/pgd\/pozar-zapuze\/#primaryimage\"},\"thumbnailUrl\":\"https:\/\/pgd.brezje.si\/pgd\/wp-content\/uploads\/2025\/09\/DJI_0167_1-1024x575.jpg\",\"datePublished\":\"2025-09-19T08:46:42+00:00\",\"dateModified\":\"2025-09-19T09:13:10+00:00\",\"breadcrumb\":{\"@id\":\"https:\/\/pgd.brezje.si\/pgd\/pozar-zapuze\/#breadcrumb\"},\"inLanguage\":\"sl-SI\",\"potentialAction\":[{\"@type\":\"ReadAction\",\"target\":[\"https:\/\/pgd.brezje.si\/pgd\/pozar-zapuze\/\"]}]},{\"@type\":\"ImageObject\",\"inLanguage\":\"sl-SI\",\"@id\":\"https:\/\/pgd.brezje.si\/pgd\/pozar-zapuze\/#primaryimage\",\"url\":\"https:\/\/pgd.brezje.si\/pgd\/wp-content\/uploads\/2025\/09\/DJI_0167_1-scaled.jpg\",\"contentUrl\":\"https:\/\/pgd.brezje.si\/pgd\/wp-content\/uploads\/2025\/09\/DJI_0167_1-scaled.jpg\",\"width\":2560,\"height\":1438},{\"@type\":\"BreadcrumbList\",\"@id\":\"https:\/\/pgd.brezje.si\/pgd\/pozar-zapuze\/#breadcrumb\",\"itemListElement\":[{\"@type\":\"ListItem\",\"position\":1,\"name\":\"Home\",\"item\":\"https:\/\/pgd.brezje.si\/pgd\/\"},{\"@type\":\"ListItem\",\"position\":2,\"name\":\"Po\u017ear Zapu\u017ee\"}]},{\"@type\":\"WebSite\",\"@id\":\"https:\/\/pgd.brezje.si\/pgd\/#website\",\"url\":\"https:\/\/pgd.brezje.si\/pgd\/\",\"name\":\"PGD Brezje na Gorenjskem\",\"description\":\"Obmo\u010dje delovanja KS Brezje: Brezje, \u010crnivec, No\u0161e, Dobro Polje, Malo Dobro Polje - skupno 919 prebivalcev\",\"publisher\":{\"@id\":\"https:\/\/pgd.brezje.si\/pgd\/#organization\"},\"potentialAction\":[{\"@type\":\"SearchAction\",\"target\":{\"@type\":\"EntryPoint\",\"urlTemplate\":\"https:\/\/pgd.brezje.si\/pgd\/?s={search_term_string}\"},\"query-input\":{\"@type\":\"PropertyValueSpecification\",\"valueRequired\":true,\"valueName\":\"search_term_string\"}}],\"inLanguage\":\"sl-SI\"},{\"@type\":\"Organization\",\"@id\":\"https:\/\/pgd.brezje.si\/pgd\/#organization\",\"name\":\"PGD Brezje na Gorenjskem\",\"url\":\"https:\/\/pgd.brezje.si\/pgd\/\",\"logo\":{\"@type\":\"ImageObject\",\"inLanguage\":\"sl-SI\",\"@id\":\"https:\/\/pgd.brezje.si\/pgd\/#\/schema\/logo\/image\/\",\"url\":\"https:\/\/pgd.brezje.si\/pgd\/wp-content\/uploads\/2024\/12\/PGD_Brezje_logo_col.png\",\"contentUrl\":\"https:\/\/pgd.brezje.si\/pgd\/wp-content\/uploads\/2024\/12\/PGD_Brezje_logo_col.png\",\"width\":2208,\"height\":2208,\"caption\":\"PGD Brezje na Gorenjskem\"},\"image\":{\"@id\":\"https:\/\/pgd.brezje.si\/pgd\/#\/schema\/logo\/image\/\"},\"sameAs\":[\"https:\/\/www.facebook.com\/pgdbrezjemladina\",\"https:\/\/www.instagram.com\/pgdbrezje\/\"]}]}<\/script>\n<!-- \/ Yoast SEO plugin. -->","yoast_head_json":{"title":"Po\u017ear Zapu\u017ee - PGD Brezje na Gorenjskem","robots":{"index":"index","follow":"follow","max-snippet":"max-snippet:-1","max-image-preview":"max-image-preview:large","max-video-preview":"max-video-preview:-1"},"canonical":"https:\/\/pgd.brezje.si\/pgd\/pozar-zapuze\/","og_locale":"sl_SI","og_type":"article","og_title":"Po\u017ear Zapu\u017ee - PGD Brezje na Gorenjskem","og_description":"26. 6. 2025 smo ob 23:14 prejeli poziv, da gori industrijski objekt v Zapu\u017eah Ob prihodu na kraj je bil po\u017ear \u017ee polno razvit. Na kraju je posredovala celotna Gasilska zveza Radovljica, GARS Jesenice, GARS Kranj, Ekolo\u0161ki laboratorij z mobilno enoto, PGD Bled, PGD Zabreznica, policija in re\u0161evalci NMP, ki so oskrbeli dva gasilca, ki [&hellip;]","og_url":"https:\/\/pgd.brezje.si\/pgd\/pozar-zapuze\/","og_site_name":"PGD Brezje na Gorenjskem","article_publisher":"https:\/\/www.facebook.com\/pgdbrezjemladina","article_modified_time":"2025-09-19T09:13:10+00:00","og_image":[{"width":2560,"height":1438,"url":"https:\/\/pgd.brezje.si\/pgd\/wp-content\/uploads\/2025\/09\/DJI_0167_1-scaled.jpg","type":"image\/jpeg"}],"twitter_card":"summary_large_image","twitter_misc":{"Est. reading time":"2 minuti"},"schema":{"@context":"https:\/\/schema.org","@graph":[{"@type":"WebPage","@id":"https:\/\/pgd.brezje.si\/pgd\/pozar-zapuze\/","url":"https:\/\/pgd.brezje.si\/pgd\/pozar-zapuze\/","name":"Po\u017ear Zapu\u017ee - PGD Brezje na Gorenjskem","isPartOf":{"@id":"https:\/\/pgd.brezje.si\/pgd\/#website"},"primaryImageOfPage":{"@id":"https:\/\/pgd.brezje.si\/pgd\/pozar-zapuze\/#primaryimage"},"image":{"@id":"https:\/\/pgd.brezje.si\/pgd\/pozar-zapuze\/#primaryimage"},"thumbnailUrl":"https:\/\/pgd.brezje.si\/pgd\/wp-content\/uploads\/2025\/09\/DJI_0167_1-1024x575.jpg","datePublished":"2025-09-19T08:46:42+00:00","dateModified":"2025-09-19T09:13:10+00:00","breadcrumb":{"@id":"https:\/\/pgd.brezje.si\/pgd\/pozar-zapuze\/#breadcrumb"},"inLanguage":"sl-SI","potentialAction":[{"@type":"ReadAction","target":["https:\/\/pgd.brezje.si\/pgd\/pozar-zapuze\/"]}]},{"@type":"ImageObject","inLanguage":"sl-SI","@id":"https:\/\/pgd.brezje.si\/pgd\/pozar-zapuze\/#primaryimage","url":"https:\/\/pgd.brezje.si\/pgd\/wp-content\/uploads\/2025\/09\/DJI_0167_1-scaled.jpg","contentUrl":"https:\/\/pgd.brezje.si\/pgd\/wp-content\/uploads\/2025\/09\/DJI_0167_1-scaled.jpg","width":2560,"height":1438},{"@type":"BreadcrumbList","@id":"https:\/\/pgd.brezje.si\/pgd\/pozar-zapuze\/#breadcrumb","itemListElement":[{"@type":"ListItem","position":1,"name":"Home","item":"https:\/\/pgd.brezje.si\/pgd\/"},{"@type":"ListItem","position":2,"name":"Po\u017ear Zapu\u017ee"}]},{"@type":"WebSite","@id":"https:\/\/pgd.brezje.si\/pgd\/#website","url":"https:\/\/pgd.brezje.si\/pgd\/","name":"PGD Brezje na Gorenjskem","description":"Obmo\u010dje delovanja KS Brezje: Brezje, \u010crnivec, No\u0161e, Dobro Polje, Malo Dobro Polje - skupno 919 prebivalcev","publisher":{"@id":"https:\/\/pgd.brezje.si\/pgd\/#organization"},"potentialAction":[{"@type":"SearchAction","target":{"@type":"EntryPoint","urlTemplate":"https:\/\/pgd.brezje.si\/pgd\/?s={search_term_string}"},"query-input":{"@type":"PropertyValueSpecification","valueRequired":true,"valueName":"search_term_string"}}],"inLanguage":"sl-SI"},{"@type":"Organization","@id":"https:\/\/pgd.brezje.si\/pgd\/#organization","name":"PGD Brezje na Gorenjskem","url":"https:\/\/pgd.brezje.si\/pgd\/","logo":{"@type":"ImageObject","inLanguage":"sl-SI","@id":"https:\/\/pgd.brezje.si\/pgd\/#\/schema\/logo\/image\/","url":"https:\/\/pgd.brezje.si\/pgd\/wp-content\/uploads\/2024\/12\/PGD_Brezje_logo_col.png","contentUrl":"https:\/\/pgd.brezje.si\/pgd\/wp-content\/uploads\/2024\/12\/PGD_Brezje_logo_col.png","width":2208,"height":2208,"caption":"PGD Brezje na Gorenjskem"},"image":{"@id":"https:\/\/pgd.brezje.si\/pgd\/#\/schema\/logo\/image\/"},"sameAs":["https:\/\/www.facebook.com\/pgdbrezjemladina","https:\/\/www.instagram.com\/pgdbrezje\/"]}]}},"_links":{"self":[{"href":"https:\/\/pgd.brezje.si\/pgd\/wp-json\/wp\/v2\/pages\/442","targetHints":{"allow":["GET"]}}],"collection":[{"href":"https:\/\/pgd.brezje.si\/pgd\/wp-json\/wp\/v2\/pages"}],"about":[{"href":"https:\/\/pgd.brezje.si\/pgd\/wp-json\/wp\/v2\/types\/page"}],"author":[{"embeddable":true,"href":"https:\/\/pgd.brezje.si\/pgd\/wp-json\/wp\/v2\/users\/2"}],"replies":[{"embeddable":true,"href":"https:\/\/pgd.brezje.si\/pgd\/wp-json\/wp\/v2\/comments?post=442"}],"version-history":[{"count":3,"href":"https:\/\/pgd.brezje.si\/pgd\/wp-json\/wp\/v2\/pages\/442\/revisions"}],"predecessor-version":[{"id":487,"href":"https:\/\/pgd.brezje.si\/pgd\/wp-json\/wp\/v2\/pages\/442\/revisions\/487"}],"wp:attachment":[{"href":"https:\/\/pgd.brezje.si\/pgd\/wp-json\/wp\/v2\/media?parent=442"}],"curies":[{"name":"wp","href":"https:\/\/api.w.org\/{rel}","templated":true}]}}