{"id":389,"date":"2025-03-19T19:25:40","date_gmt":"2025-03-19T19:25:40","guid":{"rendered":"https:\/\/pgd.brezje.si\/pgd\/?page_id=389"},"modified":"2025-03-19T19:29:29","modified_gmt":"2025-03-19T19:29:29","slug":"nove-lahke-tehnicne-obleke","status":"publish","type":"page","link":"https:\/\/pgd.brezje.si\/pgd\/nove-lahke-tehnicne-obleke\/","title":{"rendered":"Nove lahke tehni\u010dne obleke"},"content":{"rendered":"\n<p><br>Operativno ekipo smo opremili z 20 kosov novih lahkih tehni\u010dnih oblek in tehni\u010dnih rokavic\ud83d\udc69\u200d\ud83d\ude92\ud83d\udc68\u200d\ud83d\ude92 podjetja @rosenbauer\ud83d\ude4c\ud83d\ude92 . @gzradovljica pa je priskrbela nizke za\u0161\u010ditne \u0161kornje\ud83e\udd7e. Lahka tehni\u010dna obleka omogo\u010da la\u017eje delo, saj je bolj ergonomi\u010dna in la\u017eja za no\u0161enje kot te\u017eja ognjevarna obleka\ud83d\udd25\ud83d\ude92 ter se uporablja za poplave\ud83d\udca6, vetrolom\ud83d\udca8, za po\u017eare v naravnem okolju\ud83d\udd25\ud83c\udf32 in ostale tehni\u010dne intervencije\ud83d\udee0\ufe0f\ud83e\ude9b<\/p>\n\n\n\n<figure class=\"wp-block-image size-large\"><a href=\"https:\/\/www.instagram.com\/p\/DHZGT_To2sg\/?img_index=1\"><img loading=\"lazy\" decoding=\"async\" width=\"1024\" height=\"683\" src=\"https:\/\/pgd.brezje.si\/pgd\/wp-content\/uploads\/2025\/03\/tehnicne_obleke_pgd_brezje-2-1024x683.jpg\" alt=\"\" class=\"wp-image-392\" srcset=\"https:\/\/pgd.brezje.si\/pgd\/wp-content\/uploads\/2025\/03\/tehnicne_obleke_pgd_brezje-2-1024x683.jpg 1024w, https:\/\/pgd.brezje.si\/pgd\/wp-content\/uploads\/2025\/03\/tehnicne_obleke_pgd_brezje-2-300x200.jpg 300w, https:\/\/pgd.brezje.si\/pgd\/wp-content\/uploads\/2025\/03\/tehnicne_obleke_pgd_brezje-2-768x512.jpg 768w, https:\/\/pgd.brezje.si\/pgd\/wp-content\/uploads\/2025\/03\/tehnicne_obleke_pgd_brezje-2-1536x1025.jpg 1536w, https:\/\/pgd.brezje.si\/pgd\/wp-content\/uploads\/2025\/03\/tehnicne_obleke_pgd_brezje-2-2048x1366.jpg 2048w\" sizes=\"auto, (max-width: 1024px) 100vw, 1024px\" \/><\/a><\/figure>\n","protected":false},"excerpt":{"rendered":"<p>Operativno ekipo smo opremili z 20 kosov novih lahkih tehni\u010dnih oblek in tehni\u010dnih rokavic\ud83d\udc69\u200d\ud83d\ude92\ud83d\udc68\u200d\ud83d\ude92 podjetja @rosenbauer\ud83d\ude4c\ud83d\ude92 . @gzradovljica pa je priskrbela nizke za\u0161\u010ditne \u0161kornje\ud83e\udd7e. Lahka tehni\u010dna obleka omogo\u010da la\u017eje delo, saj je bolj ergonomi\u010dna in la\u017eja za no\u0161enje kot te\u017eja ognjevarna obleka\ud83d\udd25\ud83d\ude92 ter se uporablja za poplave\ud83d\udca6, vetrolom\ud83d\udca8, za po\u017eare v naravnem okolju\ud83d\udd25\ud83c\udf32 in ostale [&hellip;]<\/p>\n","protected":false},"author":2,"featured_media":0,"parent":0,"menu_order":0,"comment_status":"closed","ping_status":"closed","template":"","meta":{"footnotes":""},"class_list":["post-389","page","type-page","status-publish","hentry"],"yoast_head":"<!-- This site is optimized with the Yoast SEO plugin v24.3 - https:\/\/yoast.com\/wordpress\/plugins\/seo\/ -->\n<title>Nove lahke tehni\u010dne obleke - PGD Brezje na Gorenjskem<\/title>\n<meta name=\"robots\" content=\"index, follow, max-snippet:-1, max-image-preview:large, max-video-preview:-1\" \/>\n<link rel=\"canonical\" href=\"https:\/\/pgd.brezje.si\/pgd\/nove-lahke-tehnicne-obleke\/\" \/>\n<meta property=\"og:locale\" content=\"sl_SI\" \/>\n<meta property=\"og:type\" content=\"article\" \/>\n<meta property=\"og:title\" content=\"Nove lahke tehni\u010dne obleke - PGD Brezje na Gorenjskem\" \/>\n<meta property=\"og:description\" content=\"Operativno ekipo smo opremili z 20 kosov novih lahkih tehni\u010dnih oblek in tehni\u010dnih rokavic\ud83d\udc69\u200d\ud83d\ude92\ud83d\udc68\u200d\ud83d\ude92 podjetja @rosenbauer\ud83d\ude4c\ud83d\ude92 . @gzradovljica pa je priskrbela nizke za\u0161\u010ditne \u0161kornje\ud83e\udd7e. Lahka tehni\u010dna obleka omogo\u010da la\u017eje delo, saj je bolj ergonomi\u010dna in la\u017eja za no\u0161enje kot te\u017eja ognjevarna obleka\ud83d\udd25\ud83d\ude92 ter se uporablja za poplave\ud83d\udca6, vetrolom\ud83d\udca8, za po\u017eare v naravnem okolju\ud83d\udd25\ud83c\udf32 in ostale [&hellip;]\" \/>\n<meta property=\"og:url\" content=\"https:\/\/pgd.brezje.si\/pgd\/nove-lahke-tehnicne-obleke\/\" \/>\n<meta property=\"og:site_name\" content=\"PGD Brezje na Gorenjskem\" \/>\n<meta property=\"article:publisher\" content=\"https:\/\/www.facebook.com\/pgdbrezjemladina\" \/>\n<meta property=\"article:modified_time\" content=\"2025-03-19T19:29:29+00:00\" \/>\n<meta property=\"og:image\" content=\"https:\/\/pgd.brezje.si\/pgd\/wp-content\/uploads\/2025\/03\/tehnicne_obleke_pgd_brezje-2-scaled.jpg\" \/>\n\t<meta property=\"og:image:width\" content=\"2560\" \/>\n\t<meta property=\"og:image:height\" content=\"1708\" \/>\n\t<meta property=\"og:image:type\" content=\"image\/jpeg\" \/>\n<meta name=\"twitter:card\" content=\"summary_large_image\" \/>\n<meta name=\"twitter:label1\" content=\"Est. reading time\" \/>\n\t<meta name=\"twitter:data1\" content=\"1 minuta\" \/>\n<script type=\"application\/ld+json\" class=\"yoast-schema-graph\">{\"@context\":\"https:\/\/schema.org\",\"@graph\":[{\"@type\":\"WebPage\",\"@id\":\"https:\/\/pgd.brezje.si\/pgd\/nove-lahke-tehnicne-obleke\/\",\"url\":\"https:\/\/pgd.brezje.si\/pgd\/nove-lahke-tehnicne-obleke\/\",\"name\":\"Nove lahke tehni\u010dne obleke - PGD Brezje na Gorenjskem\",\"isPartOf\":{\"@id\":\"https:\/\/pgd.brezje.si\/pgd\/#website\"},\"primaryImageOfPage\":{\"@id\":\"https:\/\/pgd.brezje.si\/pgd\/nove-lahke-tehnicne-obleke\/#primaryimage\"},\"image\":{\"@id\":\"https:\/\/pgd.brezje.si\/pgd\/nove-lahke-tehnicne-obleke\/#primaryimage\"},\"thumbnailUrl\":\"https:\/\/pgd.brezje.si\/pgd\/wp-content\/uploads\/2025\/03\/tehnicne_obleke_pgd_brezje-2-1024x683.jpg\",\"datePublished\":\"2025-03-19T19:25:40+00:00\",\"dateModified\":\"2025-03-19T19:29:29+00:00\",\"breadcrumb\":{\"@id\":\"https:\/\/pgd.brezje.si\/pgd\/nove-lahke-tehnicne-obleke\/#breadcrumb\"},\"inLanguage\":\"sl-SI\",\"potentialAction\":[{\"@type\":\"ReadAction\",\"target\":[\"https:\/\/pgd.brezje.si\/pgd\/nove-lahke-tehnicne-obleke\/\"]}]},{\"@type\":\"ImageObject\",\"inLanguage\":\"sl-SI\",\"@id\":\"https:\/\/pgd.brezje.si\/pgd\/nove-lahke-tehnicne-obleke\/#primaryimage\",\"url\":\"https:\/\/pgd.brezje.si\/pgd\/wp-content\/uploads\/2025\/03\/tehnicne_obleke_pgd_brezje-2-scaled.jpg\",\"contentUrl\":\"https:\/\/pgd.brezje.si\/pgd\/wp-content\/uploads\/2025\/03\/tehnicne_obleke_pgd_brezje-2-scaled.jpg\",\"width\":2560,\"height\":1708},{\"@type\":\"BreadcrumbList\",\"@id\":\"https:\/\/pgd.brezje.si\/pgd\/nove-lahke-tehnicne-obleke\/#breadcrumb\",\"itemListElement\":[{\"@type\":\"ListItem\",\"position\":1,\"name\":\"Home\",\"item\":\"https:\/\/pgd.brezje.si\/pgd\/\"},{\"@type\":\"ListItem\",\"position\":2,\"name\":\"Nove lahke tehni\u010dne obleke\"}]},{\"@type\":\"WebSite\",\"@id\":\"https:\/\/pgd.brezje.si\/pgd\/#website\",\"url\":\"https:\/\/pgd.brezje.si\/pgd\/\",\"name\":\"PGD Brezje na Gorenjskem\",\"description\":\"Obmo\u010dje delovanja KS Brezje: Brezje, \u010crnivec, No\u0161e, Dobro Polje, Malo Dobro Polje - skupno 919 prebivalcev\",\"publisher\":{\"@id\":\"https:\/\/pgd.brezje.si\/pgd\/#organization\"},\"potentialAction\":[{\"@type\":\"SearchAction\",\"target\":{\"@type\":\"EntryPoint\",\"urlTemplate\":\"https:\/\/pgd.brezje.si\/pgd\/?s={search_term_string}\"},\"query-input\":{\"@type\":\"PropertyValueSpecification\",\"valueRequired\":true,\"valueName\":\"search_term_string\"}}],\"inLanguage\":\"sl-SI\"},{\"@type\":\"Organization\",\"@id\":\"https:\/\/pgd.brezje.si\/pgd\/#organization\",\"name\":\"PGD Brezje na Gorenjskem\",\"url\":\"https:\/\/pgd.brezje.si\/pgd\/\",\"logo\":{\"@type\":\"ImageObject\",\"inLanguage\":\"sl-SI\",\"@id\":\"https:\/\/pgd.brezje.si\/pgd\/#\/schema\/logo\/image\/\",\"url\":\"https:\/\/pgd.brezje.si\/pgd\/wp-content\/uploads\/2024\/12\/PGD_Brezje_logo_col.png\",\"contentUrl\":\"https:\/\/pgd.brezje.si\/pgd\/wp-content\/uploads\/2024\/12\/PGD_Brezje_logo_col.png\",\"width\":2208,\"height\":2208,\"caption\":\"PGD Brezje na Gorenjskem\"},\"image\":{\"@id\":\"https:\/\/pgd.brezje.si\/pgd\/#\/schema\/logo\/image\/\"},\"sameAs\":[\"https:\/\/www.facebook.com\/pgdbrezjemladina\",\"https:\/\/www.instagram.com\/pgdbrezje\/\"]}]}<\/script>\n<!-- \/ Yoast SEO plugin. -->","yoast_head_json":{"title":"Nove lahke tehni\u010dne obleke - PGD Brezje na Gorenjskem","robots":{"index":"index","follow":"follow","max-snippet":"max-snippet:-1","max-image-preview":"max-image-preview:large","max-video-preview":"max-video-preview:-1"},"canonical":"https:\/\/pgd.brezje.si\/pgd\/nove-lahke-tehnicne-obleke\/","og_locale":"sl_SI","og_type":"article","og_title":"Nove lahke tehni\u010dne obleke - PGD Brezje na Gorenjskem","og_description":"Operativno ekipo smo opremili z 20 kosov novih lahkih tehni\u010dnih oblek in tehni\u010dnih rokavic\ud83d\udc69\u200d\ud83d\ude92\ud83d\udc68\u200d\ud83d\ude92 podjetja @rosenbauer\ud83d\ude4c\ud83d\ude92 . @gzradovljica pa je priskrbela nizke za\u0161\u010ditne \u0161kornje\ud83e\udd7e. Lahka tehni\u010dna obleka omogo\u010da la\u017eje delo, saj je bolj ergonomi\u010dna in la\u017eja za no\u0161enje kot te\u017eja ognjevarna obleka\ud83d\udd25\ud83d\ude92 ter se uporablja za poplave\ud83d\udca6, vetrolom\ud83d\udca8, za po\u017eare v naravnem okolju\ud83d\udd25\ud83c\udf32 in ostale [&hellip;]","og_url":"https:\/\/pgd.brezje.si\/pgd\/nove-lahke-tehnicne-obleke\/","og_site_name":"PGD Brezje na Gorenjskem","article_publisher":"https:\/\/www.facebook.com\/pgdbrezjemladina","article_modified_time":"2025-03-19T19:29:29+00:00","og_image":[{"width":2560,"height":1708,"url":"https:\/\/pgd.brezje.si\/pgd\/wp-content\/uploads\/2025\/03\/tehnicne_obleke_pgd_brezje-2-scaled.jpg","type":"image\/jpeg"}],"twitter_card":"summary_large_image","twitter_misc":{"Est. reading time":"1 minuta"},"schema":{"@context":"https:\/\/schema.org","@graph":[{"@type":"WebPage","@id":"https:\/\/pgd.brezje.si\/pgd\/nove-lahke-tehnicne-obleke\/","url":"https:\/\/pgd.brezje.si\/pgd\/nove-lahke-tehnicne-obleke\/","name":"Nove lahke tehni\u010dne obleke - PGD Brezje na Gorenjskem","isPartOf":{"@id":"https:\/\/pgd.brezje.si\/pgd\/#website"},"primaryImageOfPage":{"@id":"https:\/\/pgd.brezje.si\/pgd\/nove-lahke-tehnicne-obleke\/#primaryimage"},"image":{"@id":"https:\/\/pgd.brezje.si\/pgd\/nove-lahke-tehnicne-obleke\/#primaryimage"},"thumbnailUrl":"https:\/\/pgd.brezje.si\/pgd\/wp-content\/uploads\/2025\/03\/tehnicne_obleke_pgd_brezje-2-1024x683.jpg","datePublished":"2025-03-19T19:25:40+00:00","dateModified":"2025-03-19T19:29:29+00:00","breadcrumb":{"@id":"https:\/\/pgd.brezje.si\/pgd\/nove-lahke-tehnicne-obleke\/#breadcrumb"},"inLanguage":"sl-SI","potentialAction":[{"@type":"ReadAction","target":["https:\/\/pgd.brezje.si\/pgd\/nove-lahke-tehnicne-obleke\/"]}]},{"@type":"ImageObject","inLanguage":"sl-SI","@id":"https:\/\/pgd.brezje.si\/pgd\/nove-lahke-tehnicne-obleke\/#primaryimage","url":"https:\/\/pgd.brezje.si\/pgd\/wp-content\/uploads\/2025\/03\/tehnicne_obleke_pgd_brezje-2-scaled.jpg","contentUrl":"https:\/\/pgd.brezje.si\/pgd\/wp-content\/uploads\/2025\/03\/tehnicne_obleke_pgd_brezje-2-scaled.jpg","width":2560,"height":1708},{"@type":"BreadcrumbList","@id":"https:\/\/pgd.brezje.si\/pgd\/nove-lahke-tehnicne-obleke\/#breadcrumb","itemListElement":[{"@type":"ListItem","position":1,"name":"Home","item":"https:\/\/pgd.brezje.si\/pgd\/"},{"@type":"ListItem","position":2,"name":"Nove lahke tehni\u010dne obleke"}]},{"@type":"WebSite","@id":"https:\/\/pgd.brezje.si\/pgd\/#website","url":"https:\/\/pgd.brezje.si\/pgd\/","name":"PGD Brezje na Gorenjskem","description":"Obmo\u010dje delovanja KS Brezje: Brezje, \u010crnivec, No\u0161e, Dobro Polje, Malo Dobro Polje - skupno 919 prebivalcev","publisher":{"@id":"https:\/\/pgd.brezje.si\/pgd\/#organization"},"potentialAction":[{"@type":"SearchAction","target":{"@type":"EntryPoint","urlTemplate":"https:\/\/pgd.brezje.si\/pgd\/?s={search_term_string}"},"query-input":{"@type":"PropertyValueSpecification","valueRequired":true,"valueName":"search_term_string"}}],"inLanguage":"sl-SI"},{"@type":"Organization","@id":"https:\/\/pgd.brezje.si\/pgd\/#organization","name":"PGD Brezje na Gorenjskem","url":"https:\/\/pgd.brezje.si\/pgd\/","logo":{"@type":"ImageObject","inLanguage":"sl-SI","@id":"https:\/\/pgd.brezje.si\/pgd\/#\/schema\/logo\/image\/","url":"https:\/\/pgd.brezje.si\/pgd\/wp-content\/uploads\/2024\/12\/PGD_Brezje_logo_col.png","contentUrl":"https:\/\/pgd.brezje.si\/pgd\/wp-content\/uploads\/2024\/12\/PGD_Brezje_logo_col.png","width":2208,"height":2208,"caption":"PGD Brezje na Gorenjskem"},"image":{"@id":"https:\/\/pgd.brezje.si\/pgd\/#\/schema\/logo\/image\/"},"sameAs":["https:\/\/www.facebook.com\/pgdbrezjemladina","https:\/\/www.instagram.com\/pgdbrezje\/"]}]}},"_links":{"self":[{"href":"https:\/\/pgd.brezje.si\/pgd\/wp-json\/wp\/v2\/pages\/389","targetHints":{"allow":["GET"]}}],"collection":[{"href":"https:\/\/pgd.brezje.si\/pgd\/wp-json\/wp\/v2\/pages"}],"about":[{"href":"https:\/\/pgd.brezje.si\/pgd\/wp-json\/wp\/v2\/types\/page"}],"author":[{"embeddable":true,"href":"https:\/\/pgd.brezje.si\/pgd\/wp-json\/wp\/v2\/users\/2"}],"replies":[{"embeddable":true,"href":"https:\/\/pgd.brezje.si\/pgd\/wp-json\/wp\/v2\/comments?post=389"}],"version-history":[{"count":2,"href":"https:\/\/pgd.brezje.si\/pgd\/wp-json\/wp\/v2\/pages\/389\/revisions"}],"predecessor-version":[{"id":398,"href":"https:\/\/pgd.brezje.si\/pgd\/wp-json\/wp\/v2\/pages\/389\/revisions\/398"}],"wp:attachment":[{"href":"https:\/\/pgd.brezje.si\/pgd\/wp-json\/wp\/v2\/media?parent=389"}],"curies":[{"name":"wp","href":"https:\/\/api.w.org\/{rel}","templated":true}]}}