{"id":345,"date":"2024-12-09T13:26:42","date_gmt":"2024-12-09T13:26:42","guid":{"rendered":"https:\/\/pgd.brezje.si\/pgd\/?page_id=345"},"modified":"2024-12-09T13:26:42","modified_gmt":"2024-12-09T13:26:42","slug":"evakuacija-vrtca-brezje-2024","status":"publish","type":"page","link":"https:\/\/pgd.brezje.si\/pgd\/evakuacija-vrtca-brezje-2024\/","title":{"rendered":"Evakuacija vrtca Brezje 2024"},"content":{"rendered":"\n<p>Ko pride do nepredvidenih situacij, \ud83c\udd98 ki lahko vplivajo na varnost zaposlenih \ud83d\udc69\u200d\ud83c\udfeb in otrok \ud83d\udc67\ud83d\udc76 ter obiskovalcev vrtca je potrebno pravilno ukrepati\u203c\ufe0f.<br>V ta namen smo izvedli vajo\ud83d\udcaa, na kateri so se v vrtcu Brezje seznanili s potrebnimi postopki v primeru intervencije \ud83d\udcdf\ud83d\udd25<br>Po zaklju\u010deni vaji pa je sledil \u0161e prikaz opreme \ud83d\ude92 in tehnike\ud83e\ude93 Ker pa je vro\u010dina te dni neznosna\ud83e\udd75 smo se \u0161e malo ohladili\ud83d\udca6.<\/p>\n\n\n\n<figure class=\"wp-block-gallery has-nested-images columns-default is-cropped wp-block-gallery-1 is-layout-flex wp-block-gallery-is-layout-flex\">\n<figure class=\"wp-block-image size-large\"><img loading=\"lazy\" decoding=\"async\" width=\"1024\" height=\"683\" data-id=\"349\" src=\"https:\/\/pgd.brezje.si\/pgd\/wp-content\/uploads\/2024\/12\/evakuacija_vrtca_24-2-1024x683.jpg\" alt=\"\" class=\"wp-image-349\" srcset=\"https:\/\/pgd.brezje.si\/pgd\/wp-content\/uploads\/2024\/12\/evakuacija_vrtca_24-2-1024x683.jpg 1024w, https:\/\/pgd.brezje.si\/pgd\/wp-content\/uploads\/2024\/12\/evakuacija_vrtca_24-2-300x200.jpg 300w, https:\/\/pgd.brezje.si\/pgd\/wp-content\/uploads\/2024\/12\/evakuacija_vrtca_24-2-768x512.jpg 768w, https:\/\/pgd.brezje.si\/pgd\/wp-content\/uploads\/2024\/12\/evakuacija_vrtca_24-2-1536x1024.jpg 1536w, https:\/\/pgd.brezje.si\/pgd\/wp-content\/uploads\/2024\/12\/evakuacija_vrtca_24-2-2048x1366.jpg 2048w\" sizes=\"auto, (max-width: 1024px) 100vw, 1024px\" \/><\/figure>\n\n\n\n<figure class=\"wp-block-image size-large\"><img loading=\"lazy\" decoding=\"async\" width=\"1024\" height=\"683\" data-id=\"353\" src=\"https:\/\/pgd.brezje.si\/pgd\/wp-content\/uploads\/2024\/12\/evakuacija_vrtca_24-3-1024x683.jpg\" alt=\"\" class=\"wp-image-353\" srcset=\"https:\/\/pgd.brezje.si\/pgd\/wp-content\/uploads\/2024\/12\/evakuacija_vrtca_24-3-1024x683.jpg 1024w, https:\/\/pgd.brezje.si\/pgd\/wp-content\/uploads\/2024\/12\/evakuacija_vrtca_24-3-300x200.jpg 300w, https:\/\/pgd.brezje.si\/pgd\/wp-content\/uploads\/2024\/12\/evakuacija_vrtca_24-3-768x512.jpg 768w, https:\/\/pgd.brezje.si\/pgd\/wp-content\/uploads\/2024\/12\/evakuacija_vrtca_24-3-1536x1024.jpg 1536w, https:\/\/pgd.brezje.si\/pgd\/wp-content\/uploads\/2024\/12\/evakuacija_vrtca_24-3-2048x1366.jpg 2048w\" sizes=\"auto, (max-width: 1024px) 100vw, 1024px\" \/><\/figure>\n\n\n\n<figure class=\"wp-block-image size-large\"><img loading=\"lazy\" decoding=\"async\" width=\"1024\" height=\"683\" data-id=\"350\" src=\"https:\/\/pgd.brezje.si\/pgd\/wp-content\/uploads\/2024\/12\/evakuacija_vrtca_24-4-1024x683.jpg\" alt=\"\" class=\"wp-image-350\" srcset=\"https:\/\/pgd.brezje.si\/pgd\/wp-content\/uploads\/2024\/12\/evakuacija_vrtca_24-4-1024x683.jpg 1024w, https:\/\/pgd.brezje.si\/pgd\/wp-content\/uploads\/2024\/12\/evakuacija_vrtca_24-4-300x200.jpg 300w, https:\/\/pgd.brezje.si\/pgd\/wp-content\/uploads\/2024\/12\/evakuacija_vrtca_24-4-768x512.jpg 768w, https:\/\/pgd.brezje.si\/pgd\/wp-content\/uploads\/2024\/12\/evakuacija_vrtca_24-4-1536x1024.jpg 1536w, https:\/\/pgd.brezje.si\/pgd\/wp-content\/uploads\/2024\/12\/evakuacija_vrtca_24-4-2048x1366.jpg 2048w\" sizes=\"auto, (max-width: 1024px) 100vw, 1024px\" \/><\/figure>\n\n\n\n<figure class=\"wp-block-image size-large\"><img loading=\"lazy\" decoding=\"async\" width=\"1024\" height=\"683\" data-id=\"351\" src=\"https:\/\/pgd.brezje.si\/pgd\/wp-content\/uploads\/2024\/12\/evakuacija_vrtca_24-5-1024x683.jpg\" alt=\"\" class=\"wp-image-351\" srcset=\"https:\/\/pgd.brezje.si\/pgd\/wp-content\/uploads\/2024\/12\/evakuacija_vrtca_24-5-1024x683.jpg 1024w, https:\/\/pgd.brezje.si\/pgd\/wp-content\/uploads\/2024\/12\/evakuacija_vrtca_24-5-300x200.jpg 300w, https:\/\/pgd.brezje.si\/pgd\/wp-content\/uploads\/2024\/12\/evakuacija_vrtca_24-5-768x512.jpg 768w, https:\/\/pgd.brezje.si\/pgd\/wp-content\/uploads\/2024\/12\/evakuacija_vrtca_24-5-1536x1024.jpg 1536w, https:\/\/pgd.brezje.si\/pgd\/wp-content\/uploads\/2024\/12\/evakuacija_vrtca_24-5-2048x1366.jpg 2048w\" sizes=\"auto, (max-width: 1024px) 100vw, 1024px\" \/><\/figure>\n\n\n\n<figure class=\"wp-block-image size-large\"><img loading=\"lazy\" decoding=\"async\" width=\"1024\" height=\"683\" data-id=\"348\" src=\"https:\/\/pgd.brezje.si\/pgd\/wp-content\/uploads\/2024\/12\/evakuacija_vrtca_24-6-1024x683.jpg\" alt=\"\" class=\"wp-image-348\" srcset=\"https:\/\/pgd.brezje.si\/pgd\/wp-content\/uploads\/2024\/12\/evakuacija_vrtca_24-6-1024x683.jpg 1024w, https:\/\/pgd.brezje.si\/pgd\/wp-content\/uploads\/2024\/12\/evakuacija_vrtca_24-6-300x200.jpg 300w, https:\/\/pgd.brezje.si\/pgd\/wp-content\/uploads\/2024\/12\/evakuacija_vrtca_24-6-768x512.jpg 768w, https:\/\/pgd.brezje.si\/pgd\/wp-content\/uploads\/2024\/12\/evakuacija_vrtca_24-6-1536x1024.jpg 1536w, https:\/\/pgd.brezje.si\/pgd\/wp-content\/uploads\/2024\/12\/evakuacija_vrtca_24-6-2048x1366.jpg 2048w\" sizes=\"auto, (max-width: 1024px) 100vw, 1024px\" \/><\/figure>\n\n\n\n<figure class=\"wp-block-image size-large\"><img loading=\"lazy\" decoding=\"async\" width=\"1024\" height=\"683\" data-id=\"352\" src=\"https:\/\/pgd.brezje.si\/pgd\/wp-content\/uploads\/2024\/12\/evakuacija_vrtca_24-7-1024x683.jpg\" alt=\"\" class=\"wp-image-352\" srcset=\"https:\/\/pgd.brezje.si\/pgd\/wp-content\/uploads\/2024\/12\/evakuacija_vrtca_24-7-1024x683.jpg 1024w, https:\/\/pgd.brezje.si\/pgd\/wp-content\/uploads\/2024\/12\/evakuacija_vrtca_24-7-300x200.jpg 300w, https:\/\/pgd.brezje.si\/pgd\/wp-content\/uploads\/2024\/12\/evakuacija_vrtca_24-7-768x512.jpg 768w, https:\/\/pgd.brezje.si\/pgd\/wp-content\/uploads\/2024\/12\/evakuacija_vrtca_24-7-1536x1024.jpg 1536w, https:\/\/pgd.brezje.si\/pgd\/wp-content\/uploads\/2024\/12\/evakuacija_vrtca_24-7-2048x1366.jpg 2048w\" sizes=\"auto, (max-width: 1024px) 100vw, 1024px\" \/><\/figure>\n\n\n\n<figure class=\"wp-block-image size-large\"><img loading=\"lazy\" decoding=\"async\" width=\"1024\" height=\"683\" data-id=\"354\" src=\"https:\/\/pgd.brezje.si\/pgd\/wp-content\/uploads\/2024\/12\/evakuacija_vrtca_24-8-1024x683.jpg\" alt=\"\" class=\"wp-image-354\" srcset=\"https:\/\/pgd.brezje.si\/pgd\/wp-content\/uploads\/2024\/12\/evakuacija_vrtca_24-8-1024x683.jpg 1024w, https:\/\/pgd.brezje.si\/pgd\/wp-content\/uploads\/2024\/12\/evakuacija_vrtca_24-8-300x200.jpg 300w, https:\/\/pgd.brezje.si\/pgd\/wp-content\/uploads\/2024\/12\/evakuacija_vrtca_24-8-768x512.jpg 768w, https:\/\/pgd.brezje.si\/pgd\/wp-content\/uploads\/2024\/12\/evakuacija_vrtca_24-8-1536x1024.jpg 1536w, https:\/\/pgd.brezje.si\/pgd\/wp-content\/uploads\/2024\/12\/evakuacija_vrtca_24-8-2048x1366.jpg 2048w\" sizes=\"auto, (max-width: 1024px) 100vw, 1024px\" \/><\/figure>\n\n\n\n<figure class=\"wp-block-image size-large\"><img loading=\"lazy\" decoding=\"async\" width=\"1024\" height=\"683\" data-id=\"355\" src=\"https:\/\/pgd.brezje.si\/pgd\/wp-content\/uploads\/2024\/12\/evakuacija_vrtca_24-9-1024x683.jpg\" alt=\"\" class=\"wp-image-355\" srcset=\"https:\/\/pgd.brezje.si\/pgd\/wp-content\/uploads\/2024\/12\/evakuacija_vrtca_24-9-1024x683.jpg 1024w, https:\/\/pgd.brezje.si\/pgd\/wp-content\/uploads\/2024\/12\/evakuacija_vrtca_24-9-300x200.jpg 300w, https:\/\/pgd.brezje.si\/pgd\/wp-content\/uploads\/2024\/12\/evakuacija_vrtca_24-9-768x512.jpg 768w, https:\/\/pgd.brezje.si\/pgd\/wp-content\/uploads\/2024\/12\/evakuacija_vrtca_24-9-1536x1024.jpg 1536w, https:\/\/pgd.brezje.si\/pgd\/wp-content\/uploads\/2024\/12\/evakuacija_vrtca_24-9-2048x1366.jpg 2048w\" sizes=\"auto, (max-width: 1024px) 100vw, 1024px\" \/><\/figure>\n\n\n\n<figure class=\"wp-block-image size-large\"><img loading=\"lazy\" decoding=\"async\" width=\"1024\" height=\"683\" data-id=\"347\" src=\"https:\/\/pgd.brezje.si\/pgd\/wp-content\/uploads\/2024\/12\/evakuacija_vrtca_24-1024x683.jpg\" alt=\"\" class=\"wp-image-347\" srcset=\"https:\/\/pgd.brezje.si\/pgd\/wp-content\/uploads\/2024\/12\/evakuacija_vrtca_24-1024x683.jpg 1024w, https:\/\/pgd.brezje.si\/pgd\/wp-content\/uploads\/2024\/12\/evakuacija_vrtca_24-300x200.jpg 300w, https:\/\/pgd.brezje.si\/pgd\/wp-content\/uploads\/2024\/12\/evakuacija_vrtca_24-768x512.jpg 768w, https:\/\/pgd.brezje.si\/pgd\/wp-content\/uploads\/2024\/12\/evakuacija_vrtca_24-1536x1024.jpg 1536w, https:\/\/pgd.brezje.si\/pgd\/wp-content\/uploads\/2024\/12\/evakuacija_vrtca_24-2048x1366.jpg 2048w\" sizes=\"auto, (max-width: 1024px) 100vw, 1024px\" \/><\/figure>\n<\/figure>\n","protected":false},"excerpt":{"rendered":"<p>Ko pride do nepredvidenih situacij, \ud83c\udd98 ki lahko vplivajo na varnost zaposlenih \ud83d\udc69\u200d\ud83c\udfeb in otrok \ud83d\udc67\ud83d\udc76 ter obiskovalcev vrtca je potrebno pravilno ukrepati\u203c\ufe0f.V ta namen smo izvedli vajo\ud83d\udcaa, na kateri so se v vrtcu Brezje seznanili s potrebnimi postopki v primeru intervencije \ud83d\udcdf\ud83d\udd25Po zaklju\u010deni vaji pa je sledil \u0161e prikaz opreme \ud83d\ude92 in tehnike\ud83e\ude93 Ker [&hellip;]<\/p>\n","protected":false},"author":2,"featured_media":0,"parent":0,"menu_order":0,"comment_status":"closed","ping_status":"closed","template":"","meta":{"footnotes":""},"class_list":["post-345","page","type-page","status-publish","hentry"],"yoast_head":"<!-- This site is optimized with the Yoast SEO plugin v24.3 - https:\/\/yoast.com\/wordpress\/plugins\/seo\/ -->\n<title>Evakuacija vrtca Brezje 2024 - PGD Brezje na Gorenjskem<\/title>\n<meta name=\"robots\" content=\"index, follow, max-snippet:-1, max-image-preview:large, max-video-preview:-1\" \/>\n<link rel=\"canonical\" href=\"https:\/\/pgd.brezje.si\/pgd\/evakuacija-vrtca-brezje-2024\/\" \/>\n<meta property=\"og:locale\" content=\"sl_SI\" \/>\n<meta property=\"og:type\" content=\"article\" \/>\n<meta property=\"og:title\" content=\"Evakuacija vrtca Brezje 2024 - PGD Brezje na Gorenjskem\" \/>\n<meta property=\"og:description\" content=\"Ko pride do nepredvidenih situacij, \ud83c\udd98 ki lahko vplivajo na varnost zaposlenih \ud83d\udc69\u200d\ud83c\udfeb in otrok \ud83d\udc67\ud83d\udc76 ter obiskovalcev vrtca je potrebno pravilno ukrepati\u203c\ufe0f.V ta namen smo izvedli vajo\ud83d\udcaa, na kateri so se v vrtcu Brezje seznanili s potrebnimi postopki v primeru intervencije \ud83d\udcdf\ud83d\udd25Po zaklju\u010deni vaji pa je sledil \u0161e prikaz opreme \ud83d\ude92 in tehnike\ud83e\ude93 Ker [&hellip;]\" \/>\n<meta property=\"og:url\" content=\"https:\/\/pgd.brezje.si\/pgd\/evakuacija-vrtca-brezje-2024\/\" \/>\n<meta property=\"og:site_name\" content=\"PGD Brezje na Gorenjskem\" \/>\n<meta property=\"article:publisher\" content=\"https:\/\/www.facebook.com\/pgdbrezjemladina\" \/>\n<meta property=\"og:image\" content=\"https:\/\/pgd.brezje.si\/pgd\/wp-content\/uploads\/2024\/12\/evakuacija_vrtca_24-2-scaled.jpg\" \/>\n\t<meta property=\"og:image:width\" content=\"2560\" \/>\n\t<meta property=\"og:image:height\" content=\"1707\" \/>\n\t<meta property=\"og:image:type\" content=\"image\/jpeg\" \/>\n<meta name=\"twitter:card\" content=\"summary_large_image\" \/>\n<script type=\"application\/ld+json\" class=\"yoast-schema-graph\">{\"@context\":\"https:\/\/schema.org\",\"@graph\":[{\"@type\":\"WebPage\",\"@id\":\"https:\/\/pgd.brezje.si\/pgd\/evakuacija-vrtca-brezje-2024\/\",\"url\":\"https:\/\/pgd.brezje.si\/pgd\/evakuacija-vrtca-brezje-2024\/\",\"name\":\"Evakuacija vrtca Brezje 2024 - PGD Brezje na Gorenjskem\",\"isPartOf\":{\"@id\":\"https:\/\/pgd.brezje.si\/pgd\/#website\"},\"primaryImageOfPage\":{\"@id\":\"https:\/\/pgd.brezje.si\/pgd\/evakuacija-vrtca-brezje-2024\/#primaryimage\"},\"image\":{\"@id\":\"https:\/\/pgd.brezje.si\/pgd\/evakuacija-vrtca-brezje-2024\/#primaryimage\"},\"thumbnailUrl\":\"https:\/\/pgd.brezje.si\/pgd\/wp-content\/uploads\/2024\/12\/evakuacija_vrtca_24-2-1024x683.jpg\",\"datePublished\":\"2024-12-09T13:26:42+00:00\",\"dateModified\":\"2024-12-09T13:26:42+00:00\",\"breadcrumb\":{\"@id\":\"https:\/\/pgd.brezje.si\/pgd\/evakuacija-vrtca-brezje-2024\/#breadcrumb\"},\"inLanguage\":\"sl-SI\",\"potentialAction\":[{\"@type\":\"ReadAction\",\"target\":[\"https:\/\/pgd.brezje.si\/pgd\/evakuacija-vrtca-brezje-2024\/\"]}]},{\"@type\":\"ImageObject\",\"inLanguage\":\"sl-SI\",\"@id\":\"https:\/\/pgd.brezje.si\/pgd\/evakuacija-vrtca-brezje-2024\/#primaryimage\",\"url\":\"https:\/\/pgd.brezje.si\/pgd\/wp-content\/uploads\/2024\/12\/evakuacija_vrtca_24-2-scaled.jpg\",\"contentUrl\":\"https:\/\/pgd.brezje.si\/pgd\/wp-content\/uploads\/2024\/12\/evakuacija_vrtca_24-2-scaled.jpg\",\"width\":2560,\"height\":1707},{\"@type\":\"BreadcrumbList\",\"@id\":\"https:\/\/pgd.brezje.si\/pgd\/evakuacija-vrtca-brezje-2024\/#breadcrumb\",\"itemListElement\":[{\"@type\":\"ListItem\",\"position\":1,\"name\":\"Home\",\"item\":\"https:\/\/pgd.brezje.si\/pgd\/\"},{\"@type\":\"ListItem\",\"position\":2,\"name\":\"Evakuacija vrtca Brezje 2024\"}]},{\"@type\":\"WebSite\",\"@id\":\"https:\/\/pgd.brezje.si\/pgd\/#website\",\"url\":\"https:\/\/pgd.brezje.si\/pgd\/\",\"name\":\"PGD Brezje na Gorenjskem\",\"description\":\"Obmo\u010dje delovanja KS Brezje: Brezje, \u010crnivec, No\u0161e, Dobro Polje, Malo Dobro Polje - skupno 919 prebivalcev\",\"publisher\":{\"@id\":\"https:\/\/pgd.brezje.si\/pgd\/#organization\"},\"potentialAction\":[{\"@type\":\"SearchAction\",\"target\":{\"@type\":\"EntryPoint\",\"urlTemplate\":\"https:\/\/pgd.brezje.si\/pgd\/?s={search_term_string}\"},\"query-input\":{\"@type\":\"PropertyValueSpecification\",\"valueRequired\":true,\"valueName\":\"search_term_string\"}}],\"inLanguage\":\"sl-SI\"},{\"@type\":\"Organization\",\"@id\":\"https:\/\/pgd.brezje.si\/pgd\/#organization\",\"name\":\"PGD Brezje na Gorenjskem\",\"url\":\"https:\/\/pgd.brezje.si\/pgd\/\",\"logo\":{\"@type\":\"ImageObject\",\"inLanguage\":\"sl-SI\",\"@id\":\"https:\/\/pgd.brezje.si\/pgd\/#\/schema\/logo\/image\/\",\"url\":\"https:\/\/pgd.brezje.si\/pgd\/wp-content\/uploads\/2024\/12\/PGD_Brezje_logo_col.png\",\"contentUrl\":\"https:\/\/pgd.brezje.si\/pgd\/wp-content\/uploads\/2024\/12\/PGD_Brezje_logo_col.png\",\"width\":2208,\"height\":2208,\"caption\":\"PGD Brezje na Gorenjskem\"},\"image\":{\"@id\":\"https:\/\/pgd.brezje.si\/pgd\/#\/schema\/logo\/image\/\"},\"sameAs\":[\"https:\/\/www.facebook.com\/pgdbrezjemladina\",\"https:\/\/www.instagram.com\/pgdbrezje\/\"]}]}<\/script>\n<!-- \/ Yoast SEO plugin. -->","yoast_head_json":{"title":"Evakuacija vrtca Brezje 2024 - PGD Brezje na Gorenjskem","robots":{"index":"index","follow":"follow","max-snippet":"max-snippet:-1","max-image-preview":"max-image-preview:large","max-video-preview":"max-video-preview:-1"},"canonical":"https:\/\/pgd.brezje.si\/pgd\/evakuacija-vrtca-brezje-2024\/","og_locale":"sl_SI","og_type":"article","og_title":"Evakuacija vrtca Brezje 2024 - PGD Brezje na Gorenjskem","og_description":"Ko pride do nepredvidenih situacij, \ud83c\udd98 ki lahko vplivajo na varnost zaposlenih \ud83d\udc69\u200d\ud83c\udfeb in otrok \ud83d\udc67\ud83d\udc76 ter obiskovalcev vrtca je potrebno pravilno ukrepati\u203c\ufe0f.V ta namen smo izvedli vajo\ud83d\udcaa, na kateri so se v vrtcu Brezje seznanili s potrebnimi postopki v primeru intervencije \ud83d\udcdf\ud83d\udd25Po zaklju\u010deni vaji pa je sledil \u0161e prikaz opreme \ud83d\ude92 in tehnike\ud83e\ude93 Ker [&hellip;]","og_url":"https:\/\/pgd.brezje.si\/pgd\/evakuacija-vrtca-brezje-2024\/","og_site_name":"PGD Brezje na Gorenjskem","article_publisher":"https:\/\/www.facebook.com\/pgdbrezjemladina","og_image":[{"width":2560,"height":1707,"url":"https:\/\/pgd.brezje.si\/pgd\/wp-content\/uploads\/2024\/12\/evakuacija_vrtca_24-2-scaled.jpg","type":"image\/jpeg"}],"twitter_card":"summary_large_image","schema":{"@context":"https:\/\/schema.org","@graph":[{"@type":"WebPage","@id":"https:\/\/pgd.brezje.si\/pgd\/evakuacija-vrtca-brezje-2024\/","url":"https:\/\/pgd.brezje.si\/pgd\/evakuacija-vrtca-brezje-2024\/","name":"Evakuacija vrtca Brezje 2024 - PGD Brezje na Gorenjskem","isPartOf":{"@id":"https:\/\/pgd.brezje.si\/pgd\/#website"},"primaryImageOfPage":{"@id":"https:\/\/pgd.brezje.si\/pgd\/evakuacija-vrtca-brezje-2024\/#primaryimage"},"image":{"@id":"https:\/\/pgd.brezje.si\/pgd\/evakuacija-vrtca-brezje-2024\/#primaryimage"},"thumbnailUrl":"https:\/\/pgd.brezje.si\/pgd\/wp-content\/uploads\/2024\/12\/evakuacija_vrtca_24-2-1024x683.jpg","datePublished":"2024-12-09T13:26:42+00:00","dateModified":"2024-12-09T13:26:42+00:00","breadcrumb":{"@id":"https:\/\/pgd.brezje.si\/pgd\/evakuacija-vrtca-brezje-2024\/#breadcrumb"},"inLanguage":"sl-SI","potentialAction":[{"@type":"ReadAction","target":["https:\/\/pgd.brezje.si\/pgd\/evakuacija-vrtca-brezje-2024\/"]}]},{"@type":"ImageObject","inLanguage":"sl-SI","@id":"https:\/\/pgd.brezje.si\/pgd\/evakuacija-vrtca-brezje-2024\/#primaryimage","url":"https:\/\/pgd.brezje.si\/pgd\/wp-content\/uploads\/2024\/12\/evakuacija_vrtca_24-2-scaled.jpg","contentUrl":"https:\/\/pgd.brezje.si\/pgd\/wp-content\/uploads\/2024\/12\/evakuacija_vrtca_24-2-scaled.jpg","width":2560,"height":1707},{"@type":"BreadcrumbList","@id":"https:\/\/pgd.brezje.si\/pgd\/evakuacija-vrtca-brezje-2024\/#breadcrumb","itemListElement":[{"@type":"ListItem","position":1,"name":"Home","item":"https:\/\/pgd.brezje.si\/pgd\/"},{"@type":"ListItem","position":2,"name":"Evakuacija vrtca Brezje 2024"}]},{"@type":"WebSite","@id":"https:\/\/pgd.brezje.si\/pgd\/#website","url":"https:\/\/pgd.brezje.si\/pgd\/","name":"PGD Brezje na Gorenjskem","description":"Obmo\u010dje delovanja KS Brezje: Brezje, \u010crnivec, No\u0161e, Dobro Polje, Malo Dobro Polje - skupno 919 prebivalcev","publisher":{"@id":"https:\/\/pgd.brezje.si\/pgd\/#organization"},"potentialAction":[{"@type":"SearchAction","target":{"@type":"EntryPoint","urlTemplate":"https:\/\/pgd.brezje.si\/pgd\/?s={search_term_string}"},"query-input":{"@type":"PropertyValueSpecification","valueRequired":true,"valueName":"search_term_string"}}],"inLanguage":"sl-SI"},{"@type":"Organization","@id":"https:\/\/pgd.brezje.si\/pgd\/#organization","name":"PGD Brezje na Gorenjskem","url":"https:\/\/pgd.brezje.si\/pgd\/","logo":{"@type":"ImageObject","inLanguage":"sl-SI","@id":"https:\/\/pgd.brezje.si\/pgd\/#\/schema\/logo\/image\/","url":"https:\/\/pgd.brezje.si\/pgd\/wp-content\/uploads\/2024\/12\/PGD_Brezje_logo_col.png","contentUrl":"https:\/\/pgd.brezje.si\/pgd\/wp-content\/uploads\/2024\/12\/PGD_Brezje_logo_col.png","width":2208,"height":2208,"caption":"PGD Brezje na Gorenjskem"},"image":{"@id":"https:\/\/pgd.brezje.si\/pgd\/#\/schema\/logo\/image\/"},"sameAs":["https:\/\/www.facebook.com\/pgdbrezjemladina","https:\/\/www.instagram.com\/pgdbrezje\/"]}]}},"_links":{"self":[{"href":"https:\/\/pgd.brezje.si\/pgd\/wp-json\/wp\/v2\/pages\/345","targetHints":{"allow":["GET"]}}],"collection":[{"href":"https:\/\/pgd.brezje.si\/pgd\/wp-json\/wp\/v2\/pages"}],"about":[{"href":"https:\/\/pgd.brezje.si\/pgd\/wp-json\/wp\/v2\/types\/page"}],"author":[{"embeddable":true,"href":"https:\/\/pgd.brezje.si\/pgd\/wp-json\/wp\/v2\/users\/2"}],"replies":[{"embeddable":true,"href":"https:\/\/pgd.brezje.si\/pgd\/wp-json\/wp\/v2\/comments?post=345"}],"version-history":[{"count":1,"href":"https:\/\/pgd.brezje.si\/pgd\/wp-json\/wp\/v2\/pages\/345\/revisions"}],"predecessor-version":[{"id":356,"href":"https:\/\/pgd.brezje.si\/pgd\/wp-json\/wp\/v2\/pages\/345\/revisions\/356"}],"wp:attachment":[{"href":"https:\/\/pgd.brezje.si\/pgd\/wp-json\/wp\/v2\/media?parent=345"}],"curies":[{"name":"wp","href":"https:\/\/api.w.org\/{rel}","templated":true}]}}