{"id":297,"date":"2024-12-09T12:50:44","date_gmt":"2024-12-09T12:50:44","guid":{"rendered":"https:\/\/pgd.brezje.si\/pgd\/?page_id=297"},"modified":"2024-12-09T12:50:44","modified_gmt":"2024-12-09T12:50:44","slug":"vaja-gz-radovljica-2024","status":"publish","type":"page","link":"https:\/\/pgd.brezje.si\/pgd\/vaja-gz-radovljica-2024\/","title":{"rendered":"Vaja GZ Radovljica 2024"},"content":{"rendered":"\n<p>V Podnartu je potekala je vaja GZ Radovljica\ud83d\udd25\ud83d\ude92 Ne vemo al nas je bolj grelo sonce\u2600\ufe0f ali delo\ud83e\udd14 ampak hudega nam ni bilo\ud83d\ude0e Obnovili smo mnogo znanj\ud83d\udcda in tehnik\ud83d\udd27 na podro\u010dju protipoplavne za\u0161\u010dite\ud83d\udca6, \u010drpanja vode s \u010drpalkami, polaganjem cevovoda\ud83d\ude92, izolirnega dihalnega aparata\ud83d\udc68\u200d\ud83d\ude92, motorne \u017eage\ud83e\ude9a ter prve pomo\u010di\u26d1\ufe0f<\/p>\n\n\n\n<figure class=\"wp-block-gallery has-nested-images columns-default is-cropped wp-block-gallery-1 is-layout-flex wp-block-gallery-is-layout-flex\">\n<figure class=\"wp-block-image size-large\"><img loading=\"lazy\" decoding=\"async\" width=\"2560\" height=\"1708\" data-id=\"299\" src=\"https:\/\/pgd.brezje.si\/pgd\/wp-content\/uploads\/2024\/12\/vaja_gz_radovljica_2024-14-scaled.jpg\" alt=\"\" class=\"wp-image-299\"\/><\/figure>\n\n\n\n<figure class=\"wp-block-image size-large\"><img loading=\"lazy\" decoding=\"async\" width=\"1024\" height=\"683\" data-id=\"313\" src=\"https:\/\/pgd.brezje.si\/pgd\/wp-content\/uploads\/2024\/12\/vaja_gz_radovljica_2024-7-1024x683.jpg\" alt=\"\" class=\"wp-image-313\" srcset=\"https:\/\/pgd.brezje.si\/pgd\/wp-content\/uploads\/2024\/12\/vaja_gz_radovljica_2024-7-1024x683.jpg 1024w, https:\/\/pgd.brezje.si\/pgd\/wp-content\/uploads\/2024\/12\/vaja_gz_radovljica_2024-7-300x200.jpg 300w, https:\/\/pgd.brezje.si\/pgd\/wp-content\/uploads\/2024\/12\/vaja_gz_radovljica_2024-7-768x512.jpg 768w, https:\/\/pgd.brezje.si\/pgd\/wp-content\/uploads\/2024\/12\/vaja_gz_radovljica_2024-7-1536x1025.jpg 1536w, https:\/\/pgd.brezje.si\/pgd\/wp-content\/uploads\/2024\/12\/vaja_gz_radovljica_2024-7-2048x1366.jpg 2048w\" sizes=\"auto, (max-width: 1024px) 100vw, 1024px\" \/><\/figure>\n\n\n\n<figure class=\"wp-block-image size-large\"><img loading=\"lazy\" decoding=\"async\" width=\"1024\" height=\"683\" data-id=\"314\" src=\"https:\/\/pgd.brezje.si\/pgd\/wp-content\/uploads\/2024\/12\/vaja_gz_radovljica_2024-5-1024x683.jpg\" alt=\"\" class=\"wp-image-314\" srcset=\"https:\/\/pgd.brezje.si\/pgd\/wp-content\/uploads\/2024\/12\/vaja_gz_radovljica_2024-5-1024x683.jpg 1024w, https:\/\/pgd.brezje.si\/pgd\/wp-content\/uploads\/2024\/12\/vaja_gz_radovljica_2024-5-300x200.jpg 300w, https:\/\/pgd.brezje.si\/pgd\/wp-content\/uploads\/2024\/12\/vaja_gz_radovljica_2024-5-768x512.jpg 768w, https:\/\/pgd.brezje.si\/pgd\/wp-content\/uploads\/2024\/12\/vaja_gz_radovljica_2024-5-1536x1025.jpg 1536w, https:\/\/pgd.brezje.si\/pgd\/wp-content\/uploads\/2024\/12\/vaja_gz_radovljica_2024-5-2048x1366.jpg 2048w\" sizes=\"auto, (max-width: 1024px) 100vw, 1024px\" \/><\/figure>\n\n\n\n<figure class=\"wp-block-image size-large\"><img loading=\"lazy\" decoding=\"async\" width=\"1024\" height=\"683\" data-id=\"311\" src=\"https:\/\/pgd.brezje.si\/pgd\/wp-content\/uploads\/2024\/12\/vaja_gz_radovljica_2024-16-1024x683.jpg\" alt=\"\" class=\"wp-image-311\" srcset=\"https:\/\/pgd.brezje.si\/pgd\/wp-content\/uploads\/2024\/12\/vaja_gz_radovljica_2024-16-1024x683.jpg 1024w, https:\/\/pgd.brezje.si\/pgd\/wp-content\/uploads\/2024\/12\/vaja_gz_radovljica_2024-16-300x200.jpg 300w, https:\/\/pgd.brezje.si\/pgd\/wp-content\/uploads\/2024\/12\/vaja_gz_radovljica_2024-16-768x512.jpg 768w, https:\/\/pgd.brezje.si\/pgd\/wp-content\/uploads\/2024\/12\/vaja_gz_radovljica_2024-16-1536x1025.jpg 1536w, https:\/\/pgd.brezje.si\/pgd\/wp-content\/uploads\/2024\/12\/vaja_gz_radovljica_2024-16-2048x1366.jpg 2048w\" sizes=\"auto, (max-width: 1024px) 100vw, 1024px\" \/><\/figure>\n\n\n\n<figure class=\"wp-block-image size-large\"><img loading=\"lazy\" decoding=\"async\" width=\"1024\" height=\"683\" data-id=\"312\" src=\"https:\/\/pgd.brezje.si\/pgd\/wp-content\/uploads\/2024\/12\/vaja_gz_radovljica_2024-15-1024x683.jpg\" alt=\"\" class=\"wp-image-312\" srcset=\"https:\/\/pgd.brezje.si\/pgd\/wp-content\/uploads\/2024\/12\/vaja_gz_radovljica_2024-15-1024x683.jpg 1024w, https:\/\/pgd.brezje.si\/pgd\/wp-content\/uploads\/2024\/12\/vaja_gz_radovljica_2024-15-300x200.jpg 300w, https:\/\/pgd.brezje.si\/pgd\/wp-content\/uploads\/2024\/12\/vaja_gz_radovljica_2024-15-768x512.jpg 768w, https:\/\/pgd.brezje.si\/pgd\/wp-content\/uploads\/2024\/12\/vaja_gz_radovljica_2024-15-1536x1025.jpg 1536w, https:\/\/pgd.brezje.si\/pgd\/wp-content\/uploads\/2024\/12\/vaja_gz_radovljica_2024-15-2048x1366.jpg 2048w\" sizes=\"auto, (max-width: 1024px) 100vw, 1024px\" \/><\/figure>\n\n\n\n<figure class=\"wp-block-image size-large\"><img loading=\"lazy\" decoding=\"async\" width=\"1024\" height=\"683\" data-id=\"310\" src=\"https:\/\/pgd.brezje.si\/pgd\/wp-content\/uploads\/2024\/12\/vaja_gz_radovljica_2024-9-1024x683.jpg\" alt=\"\" class=\"wp-image-310\" srcset=\"https:\/\/pgd.brezje.si\/pgd\/wp-content\/uploads\/2024\/12\/vaja_gz_radovljica_2024-9-1024x683.jpg 1024w, https:\/\/pgd.brezje.si\/pgd\/wp-content\/uploads\/2024\/12\/vaja_gz_radovljica_2024-9-300x200.jpg 300w, https:\/\/pgd.brezje.si\/pgd\/wp-content\/uploads\/2024\/12\/vaja_gz_radovljica_2024-9-768x512.jpg 768w, https:\/\/pgd.brezje.si\/pgd\/wp-content\/uploads\/2024\/12\/vaja_gz_radovljica_2024-9-1536x1025.jpg 1536w, https:\/\/pgd.brezje.si\/pgd\/wp-content\/uploads\/2024\/12\/vaja_gz_radovljica_2024-9-2048x1366.jpg 2048w\" sizes=\"auto, (max-width: 1024px) 100vw, 1024px\" \/><\/figure>\n\n\n\n<figure class=\"wp-block-image size-large\"><img loading=\"lazy\" decoding=\"async\" width=\"1024\" height=\"683\" data-id=\"309\" src=\"https:\/\/pgd.brezje.si\/pgd\/wp-content\/uploads\/2024\/12\/vaja_gz_radovljica_2024-6-1024x683.jpg\" alt=\"\" class=\"wp-image-309\" srcset=\"https:\/\/pgd.brezje.si\/pgd\/wp-content\/uploads\/2024\/12\/vaja_gz_radovljica_2024-6-1024x683.jpg 1024w, https:\/\/pgd.brezje.si\/pgd\/wp-content\/uploads\/2024\/12\/vaja_gz_radovljica_2024-6-300x200.jpg 300w, https:\/\/pgd.brezje.si\/pgd\/wp-content\/uploads\/2024\/12\/vaja_gz_radovljica_2024-6-768x512.jpg 768w, https:\/\/pgd.brezje.si\/pgd\/wp-content\/uploads\/2024\/12\/vaja_gz_radovljica_2024-6-1536x1025.jpg 1536w, https:\/\/pgd.brezje.si\/pgd\/wp-content\/uploads\/2024\/12\/vaja_gz_radovljica_2024-6-2048x1366.jpg 2048w\" sizes=\"auto, (max-width: 1024px) 100vw, 1024px\" \/><\/figure>\n\n\n\n<figure class=\"wp-block-image size-large\"><img loading=\"lazy\" decoding=\"async\" width=\"1024\" height=\"683\" data-id=\"308\" src=\"https:\/\/pgd.brezje.si\/pgd\/wp-content\/uploads\/2024\/12\/vaja_gz_radovljica_2024-3-1024x683.jpg\" alt=\"\" class=\"wp-image-308\" srcset=\"https:\/\/pgd.brezje.si\/pgd\/wp-content\/uploads\/2024\/12\/vaja_gz_radovljica_2024-3-1024x683.jpg 1024w, https:\/\/pgd.brezje.si\/pgd\/wp-content\/uploads\/2024\/12\/vaja_gz_radovljica_2024-3-300x200.jpg 300w, https:\/\/pgd.brezje.si\/pgd\/wp-content\/uploads\/2024\/12\/vaja_gz_radovljica_2024-3-768x512.jpg 768w, https:\/\/pgd.brezje.si\/pgd\/wp-content\/uploads\/2024\/12\/vaja_gz_radovljica_2024-3-1536x1025.jpg 1536w, https:\/\/pgd.brezje.si\/pgd\/wp-content\/uploads\/2024\/12\/vaja_gz_radovljica_2024-3-2048x1366.jpg 2048w\" sizes=\"auto, (max-width: 1024px) 100vw, 1024px\" \/><\/figure>\n\n\n\n<figure class=\"wp-block-image size-large\"><img loading=\"lazy\" decoding=\"async\" width=\"683\" height=\"1024\" data-id=\"306\" src=\"https:\/\/pgd.brezje.si\/pgd\/wp-content\/uploads\/2024\/12\/vaja_gz_radovljica_2024-2-683x1024.jpg\" alt=\"\" class=\"wp-image-306\" srcset=\"https:\/\/pgd.brezje.si\/pgd\/wp-content\/uploads\/2024\/12\/vaja_gz_radovljica_2024-2-683x1024.jpg 683w, https:\/\/pgd.brezje.si\/pgd\/wp-content\/uploads\/2024\/12\/vaja_gz_radovljica_2024-2-200x300.jpg 200w, https:\/\/pgd.brezje.si\/pgd\/wp-content\/uploads\/2024\/12\/vaja_gz_radovljica_2024-2-768x1151.jpg 768w, https:\/\/pgd.brezje.si\/pgd\/wp-content\/uploads\/2024\/12\/vaja_gz_radovljica_2024-2-1025x1536.jpg 1025w, https:\/\/pgd.brezje.si\/pgd\/wp-content\/uploads\/2024\/12\/vaja_gz_radovljica_2024-2-1366x2048.jpg 1366w, https:\/\/pgd.brezje.si\/pgd\/wp-content\/uploads\/2024\/12\/vaja_gz_radovljica_2024-2-scaled.jpg 1708w\" sizes=\"auto, (max-width: 683px) 100vw, 683px\" \/><\/figure>\n\n\n\n<figure class=\"wp-block-image size-large\"><img loading=\"lazy\" decoding=\"async\" width=\"1024\" height=\"683\" data-id=\"307\" src=\"https:\/\/pgd.brezje.si\/pgd\/wp-content\/uploads\/2024\/12\/vaja_gz_radovljica_2024-12-1024x683.jpg\" alt=\"\" class=\"wp-image-307\" srcset=\"https:\/\/pgd.brezje.si\/pgd\/wp-content\/uploads\/2024\/12\/vaja_gz_radovljica_2024-12-1024x683.jpg 1024w, https:\/\/pgd.brezje.si\/pgd\/wp-content\/uploads\/2024\/12\/vaja_gz_radovljica_2024-12-300x200.jpg 300w, https:\/\/pgd.brezje.si\/pgd\/wp-content\/uploads\/2024\/12\/vaja_gz_radovljica_2024-12-768x512.jpg 768w\" sizes=\"auto, (max-width: 1024px) 100vw, 1024px\" \/><\/figure>\n\n\n\n<figure class=\"wp-block-image size-large\"><img decoding=\"async\" data-id=\"304\" src=\"https:\/\/pgd.brezje.si\/pgd\/wp-content\/uploads\/2024\/12\/vaja_gz_radovljica_2024-8.jpg\" alt=\"\" class=\"wp-image-304\"\/><\/figure>\n\n\n\n<figure class=\"wp-block-image size-large\"><img loading=\"lazy\" decoding=\"async\" width=\"2560\" height=\"1708\" data-id=\"305\" src=\"https:\/\/pgd.brezje.si\/pgd\/wp-content\/uploads\/2024\/12\/vaja_gz_radovljica_2024-scaled.jpg\" alt=\"\" class=\"wp-image-305\" srcset=\"https:\/\/pgd.brezje.si\/pgd\/wp-content\/uploads\/2024\/12\/vaja_gz_radovljica_2024-scaled.jpg 2560w, https:\/\/pgd.brezje.si\/pgd\/wp-content\/uploads\/2024\/12\/vaja_gz_radovljica_2024-300x200.jpg 300w\" sizes=\"auto, (max-width: 2560px) 100vw, 2560px\" \/><\/figure>\n\n\n\n<figure class=\"wp-block-image size-large\"><img loading=\"lazy\" decoding=\"async\" width=\"1024\" height=\"683\" data-id=\"303\" src=\"https:\/\/pgd.brezje.si\/pgd\/wp-content\/uploads\/2024\/12\/vaja_gz_radovljica_2024-10-1024x683.jpg\" alt=\"\" class=\"wp-image-303\" srcset=\"https:\/\/pgd.brezje.si\/pgd\/wp-content\/uploads\/2024\/12\/vaja_gz_radovljica_2024-10-1024x683.jpg 1024w, https:\/\/pgd.brezje.si\/pgd\/wp-content\/uploads\/2024\/12\/vaja_gz_radovljica_2024-10-300x200.jpg 300w, https:\/\/pgd.brezje.si\/pgd\/wp-content\/uploads\/2024\/12\/vaja_gz_radovljica_2024-10-768x512.jpg 768w, https:\/\/pgd.brezje.si\/pgd\/wp-content\/uploads\/2024\/12\/vaja_gz_radovljica_2024-10-1536x1025.jpg 1536w, https:\/\/pgd.brezje.si\/pgd\/wp-content\/uploads\/2024\/12\/vaja_gz_radovljica_2024-10-2048x1366.jpg 2048w\" sizes=\"auto, (max-width: 1024px) 100vw, 1024px\" \/><\/figure>\n\n\n\n<figure class=\"wp-block-image size-large\"><img loading=\"lazy\" decoding=\"async\" width=\"1024\" height=\"683\" data-id=\"302\" src=\"https:\/\/pgd.brezje.si\/pgd\/wp-content\/uploads\/2024\/12\/vaja_gz_radovljica_2024-11-1024x683.jpg\" alt=\"\" class=\"wp-image-302\" srcset=\"https:\/\/pgd.brezje.si\/pgd\/wp-content\/uploads\/2024\/12\/vaja_gz_radovljica_2024-11-1024x683.jpg 1024w, https:\/\/pgd.brezje.si\/pgd\/wp-content\/uploads\/2024\/12\/vaja_gz_radovljica_2024-11-300x200.jpg 300w, https:\/\/pgd.brezje.si\/pgd\/wp-content\/uploads\/2024\/12\/vaja_gz_radovljica_2024-11-768x512.jpg 768w\" sizes=\"auto, (max-width: 1024px) 100vw, 1024px\" \/><\/figure>\n\n\n\n<figure class=\"wp-block-image size-large\"><img loading=\"lazy\" decoding=\"async\" width=\"2560\" height=\"1708\" data-id=\"301\" src=\"https:\/\/pgd.brezje.si\/pgd\/wp-content\/uploads\/2024\/12\/vaja_gz_radovljica_2024-13-scaled.jpg\" alt=\"\" class=\"wp-image-301\" srcset=\"https:\/\/pgd.brezje.si\/pgd\/wp-content\/uploads\/2024\/12\/vaja_gz_radovljica_2024-13-scaled.jpg 2560w, https:\/\/pgd.brezje.si\/pgd\/wp-content\/uploads\/2024\/12\/vaja_gz_radovljica_2024-13-300x200.jpg 300w\" sizes=\"auto, (max-width: 2560px) 100vw, 2560px\" \/><\/figure>\n\n\n\n<figure class=\"wp-block-image size-large\"><img loading=\"lazy\" decoding=\"async\" width=\"2560\" height=\"1708\" data-id=\"300\" src=\"https:\/\/pgd.brezje.si\/pgd\/wp-content\/uploads\/2024\/12\/vaja_gz_radovljica_2024-4-scaled.jpg\" alt=\"\" class=\"wp-image-300\"\/><\/figure>\n<\/figure>\n","protected":false},"excerpt":{"rendered":"<p>V Podnartu je potekala je vaja GZ Radovljica\ud83d\udd25\ud83d\ude92 Ne vemo al nas je bolj grelo sonce\u2600\ufe0f ali delo\ud83e\udd14 ampak hudega nam ni bilo\ud83d\ude0e Obnovili smo mnogo znanj\ud83d\udcda in tehnik\ud83d\udd27 na podro\u010dju protipoplavne za\u0161\u010dite\ud83d\udca6, \u010drpanja vode s \u010drpalkami, polaganjem cevovoda\ud83d\ude92, izolirnega dihalnega aparata\ud83d\udc68\u200d\ud83d\ude92, motorne \u017eage\ud83e\ude9a ter prve pomo\u010di\u26d1\ufe0f<\/p>\n","protected":false},"author":2,"featured_media":0,"parent":0,"menu_order":0,"comment_status":"closed","ping_status":"closed","template":"","meta":{"footnotes":""},"class_list":["post-297","page","type-page","status-publish","hentry"],"yoast_head":"<!-- This site is optimized with the Yoast SEO plugin v24.3 - https:\/\/yoast.com\/wordpress\/plugins\/seo\/ -->\n<title>Vaja GZ Radovljica 2024 - PGD Brezje na Gorenjskem<\/title>\n<meta name=\"robots\" content=\"index, follow, max-snippet:-1, max-image-preview:large, max-video-preview:-1\" \/>\n<link rel=\"canonical\" href=\"https:\/\/pgd.brezje.si\/pgd\/vaja-gz-radovljica-2024\/\" \/>\n<meta property=\"og:locale\" content=\"sl_SI\" \/>\n<meta property=\"og:type\" content=\"article\" \/>\n<meta property=\"og:title\" content=\"Vaja GZ Radovljica 2024 - PGD Brezje na Gorenjskem\" \/>\n<meta property=\"og:description\" content=\"V Podnartu je potekala je vaja GZ Radovljica\ud83d\udd25\ud83d\ude92 Ne vemo al nas je bolj grelo sonce\u2600\ufe0f ali delo\ud83e\udd14 ampak hudega nam ni bilo\ud83d\ude0e Obnovili smo mnogo znanj\ud83d\udcda in tehnik\ud83d\udd27 na podro\u010dju protipoplavne za\u0161\u010dite\ud83d\udca6, \u010drpanja vode s \u010drpalkami, polaganjem cevovoda\ud83d\ude92, izolirnega dihalnega aparata\ud83d\udc68\u200d\ud83d\ude92, motorne \u017eage\ud83e\ude9a ter prve pomo\u010di\u26d1\ufe0f\" \/>\n<meta property=\"og:url\" content=\"https:\/\/pgd.brezje.si\/pgd\/vaja-gz-radovljica-2024\/\" \/>\n<meta property=\"og:site_name\" content=\"PGD Brezje na Gorenjskem\" \/>\n<meta property=\"article:publisher\" content=\"https:\/\/www.facebook.com\/pgdbrezjemladina\" \/>\n<meta property=\"og:image\" content=\"https:\/\/pgd.brezje.si\/pgd\/wp-content\/uploads\/2024\/12\/vaja_gz_radovljica_2024-14-scaled.jpg\" \/>\n\t<meta property=\"og:image:width\" content=\"2560\" \/>\n\t<meta property=\"og:image:height\" content=\"1708\" \/>\n\t<meta property=\"og:image:type\" content=\"image\/jpeg\" \/>\n<meta name=\"twitter:card\" content=\"summary_large_image\" \/>\n<script type=\"application\/ld+json\" class=\"yoast-schema-graph\">{\"@context\":\"https:\/\/schema.org\",\"@graph\":[{\"@type\":\"WebPage\",\"@id\":\"https:\/\/pgd.brezje.si\/pgd\/vaja-gz-radovljica-2024\/\",\"url\":\"https:\/\/pgd.brezje.si\/pgd\/vaja-gz-radovljica-2024\/\",\"name\":\"Vaja GZ Radovljica 2024 - PGD Brezje na Gorenjskem\",\"isPartOf\":{\"@id\":\"https:\/\/pgd.brezje.si\/pgd\/#website\"},\"primaryImageOfPage\":{\"@id\":\"https:\/\/pgd.brezje.si\/pgd\/vaja-gz-radovljica-2024\/#primaryimage\"},\"image\":{\"@id\":\"https:\/\/pgd.brezje.si\/pgd\/vaja-gz-radovljica-2024\/#primaryimage\"},\"thumbnailUrl\":\"https:\/\/pgd.brezje.si\/pgd\/wp-content\/uploads\/2024\/12\/vaja_gz_radovljica_2024-14-scaled.jpg\",\"datePublished\":\"2024-12-09T12:50:44+00:00\",\"dateModified\":\"2024-12-09T12:50:44+00:00\",\"breadcrumb\":{\"@id\":\"https:\/\/pgd.brezje.si\/pgd\/vaja-gz-radovljica-2024\/#breadcrumb\"},\"inLanguage\":\"sl-SI\",\"potentialAction\":[{\"@type\":\"ReadAction\",\"target\":[\"https:\/\/pgd.brezje.si\/pgd\/vaja-gz-radovljica-2024\/\"]}]},{\"@type\":\"ImageObject\",\"inLanguage\":\"sl-SI\",\"@id\":\"https:\/\/pgd.brezje.si\/pgd\/vaja-gz-radovljica-2024\/#primaryimage\",\"url\":\"https:\/\/pgd.brezje.si\/pgd\/wp-content\/uploads\/2024\/12\/vaja_gz_radovljica_2024-14-scaled.jpg\",\"contentUrl\":\"https:\/\/pgd.brezje.si\/pgd\/wp-content\/uploads\/2024\/12\/vaja_gz_radovljica_2024-14-scaled.jpg\",\"width\":2560,\"height\":1708},{\"@type\":\"BreadcrumbList\",\"@id\":\"https:\/\/pgd.brezje.si\/pgd\/vaja-gz-radovljica-2024\/#breadcrumb\",\"itemListElement\":[{\"@type\":\"ListItem\",\"position\":1,\"name\":\"Home\",\"item\":\"https:\/\/pgd.brezje.si\/pgd\/\"},{\"@type\":\"ListItem\",\"position\":2,\"name\":\"Vaja GZ Radovljica 2024\"}]},{\"@type\":\"WebSite\",\"@id\":\"https:\/\/pgd.brezje.si\/pgd\/#website\",\"url\":\"https:\/\/pgd.brezje.si\/pgd\/\",\"name\":\"PGD Brezje na Gorenjskem\",\"description\":\"Obmo\u010dje delovanja KS Brezje: Brezje, \u010crnivec, No\u0161e, Dobro Polje, Malo Dobro Polje - skupno 919 prebivalcev\",\"publisher\":{\"@id\":\"https:\/\/pgd.brezje.si\/pgd\/#organization\"},\"potentialAction\":[{\"@type\":\"SearchAction\",\"target\":{\"@type\":\"EntryPoint\",\"urlTemplate\":\"https:\/\/pgd.brezje.si\/pgd\/?s={search_term_string}\"},\"query-input\":{\"@type\":\"PropertyValueSpecification\",\"valueRequired\":true,\"valueName\":\"search_term_string\"}}],\"inLanguage\":\"sl-SI\"},{\"@type\":\"Organization\",\"@id\":\"https:\/\/pgd.brezje.si\/pgd\/#organization\",\"name\":\"PGD Brezje na Gorenjskem\",\"url\":\"https:\/\/pgd.brezje.si\/pgd\/\",\"logo\":{\"@type\":\"ImageObject\",\"inLanguage\":\"sl-SI\",\"@id\":\"https:\/\/pgd.brezje.si\/pgd\/#\/schema\/logo\/image\/\",\"url\":\"https:\/\/pgd.brezje.si\/pgd\/wp-content\/uploads\/2024\/12\/PGD_Brezje_logo_col.png\",\"contentUrl\":\"https:\/\/pgd.brezje.si\/pgd\/wp-content\/uploads\/2024\/12\/PGD_Brezje_logo_col.png\",\"width\":2208,\"height\":2208,\"caption\":\"PGD Brezje na Gorenjskem\"},\"image\":{\"@id\":\"https:\/\/pgd.brezje.si\/pgd\/#\/schema\/logo\/image\/\"},\"sameAs\":[\"https:\/\/www.facebook.com\/pgdbrezjemladina\",\"https:\/\/www.instagram.com\/pgdbrezje\/\"]}]}<\/script>\n<!-- \/ Yoast SEO plugin. -->","yoast_head_json":{"title":"Vaja GZ Radovljica 2024 - PGD Brezje na Gorenjskem","robots":{"index":"index","follow":"follow","max-snippet":"max-snippet:-1","max-image-preview":"max-image-preview:large","max-video-preview":"max-video-preview:-1"},"canonical":"https:\/\/pgd.brezje.si\/pgd\/vaja-gz-radovljica-2024\/","og_locale":"sl_SI","og_type":"article","og_title":"Vaja GZ Radovljica 2024 - PGD Brezje na Gorenjskem","og_description":"V Podnartu je potekala je vaja GZ Radovljica\ud83d\udd25\ud83d\ude92 Ne vemo al nas je bolj grelo sonce\u2600\ufe0f ali delo\ud83e\udd14 ampak hudega nam ni bilo\ud83d\ude0e Obnovili smo mnogo znanj\ud83d\udcda in tehnik\ud83d\udd27 na podro\u010dju protipoplavne za\u0161\u010dite\ud83d\udca6, \u010drpanja vode s \u010drpalkami, polaganjem cevovoda\ud83d\ude92, izolirnega dihalnega aparata\ud83d\udc68\u200d\ud83d\ude92, motorne \u017eage\ud83e\ude9a ter prve pomo\u010di\u26d1\ufe0f","og_url":"https:\/\/pgd.brezje.si\/pgd\/vaja-gz-radovljica-2024\/","og_site_name":"PGD Brezje na Gorenjskem","article_publisher":"https:\/\/www.facebook.com\/pgdbrezjemladina","og_image":[{"width":2560,"height":1708,"url":"https:\/\/pgd.brezje.si\/pgd\/wp-content\/uploads\/2024\/12\/vaja_gz_radovljica_2024-14-scaled.jpg","type":"image\/jpeg"}],"twitter_card":"summary_large_image","schema":{"@context":"https:\/\/schema.org","@graph":[{"@type":"WebPage","@id":"https:\/\/pgd.brezje.si\/pgd\/vaja-gz-radovljica-2024\/","url":"https:\/\/pgd.brezje.si\/pgd\/vaja-gz-radovljica-2024\/","name":"Vaja GZ Radovljica 2024 - PGD Brezje na Gorenjskem","isPartOf":{"@id":"https:\/\/pgd.brezje.si\/pgd\/#website"},"primaryImageOfPage":{"@id":"https:\/\/pgd.brezje.si\/pgd\/vaja-gz-radovljica-2024\/#primaryimage"},"image":{"@id":"https:\/\/pgd.brezje.si\/pgd\/vaja-gz-radovljica-2024\/#primaryimage"},"thumbnailUrl":"https:\/\/pgd.brezje.si\/pgd\/wp-content\/uploads\/2024\/12\/vaja_gz_radovljica_2024-14-scaled.jpg","datePublished":"2024-12-09T12:50:44+00:00","dateModified":"2024-12-09T12:50:44+00:00","breadcrumb":{"@id":"https:\/\/pgd.brezje.si\/pgd\/vaja-gz-radovljica-2024\/#breadcrumb"},"inLanguage":"sl-SI","potentialAction":[{"@type":"ReadAction","target":["https:\/\/pgd.brezje.si\/pgd\/vaja-gz-radovljica-2024\/"]}]},{"@type":"ImageObject","inLanguage":"sl-SI","@id":"https:\/\/pgd.brezje.si\/pgd\/vaja-gz-radovljica-2024\/#primaryimage","url":"https:\/\/pgd.brezje.si\/pgd\/wp-content\/uploads\/2024\/12\/vaja_gz_radovljica_2024-14-scaled.jpg","contentUrl":"https:\/\/pgd.brezje.si\/pgd\/wp-content\/uploads\/2024\/12\/vaja_gz_radovljica_2024-14-scaled.jpg","width":2560,"height":1708},{"@type":"BreadcrumbList","@id":"https:\/\/pgd.brezje.si\/pgd\/vaja-gz-radovljica-2024\/#breadcrumb","itemListElement":[{"@type":"ListItem","position":1,"name":"Home","item":"https:\/\/pgd.brezje.si\/pgd\/"},{"@type":"ListItem","position":2,"name":"Vaja GZ Radovljica 2024"}]},{"@type":"WebSite","@id":"https:\/\/pgd.brezje.si\/pgd\/#website","url":"https:\/\/pgd.brezje.si\/pgd\/","name":"PGD Brezje na Gorenjskem","description":"Obmo\u010dje delovanja KS Brezje: Brezje, \u010crnivec, No\u0161e, Dobro Polje, Malo Dobro Polje - skupno 919 prebivalcev","publisher":{"@id":"https:\/\/pgd.brezje.si\/pgd\/#organization"},"potentialAction":[{"@type":"SearchAction","target":{"@type":"EntryPoint","urlTemplate":"https:\/\/pgd.brezje.si\/pgd\/?s={search_term_string}"},"query-input":{"@type":"PropertyValueSpecification","valueRequired":true,"valueName":"search_term_string"}}],"inLanguage":"sl-SI"},{"@type":"Organization","@id":"https:\/\/pgd.brezje.si\/pgd\/#organization","name":"PGD Brezje na Gorenjskem","url":"https:\/\/pgd.brezje.si\/pgd\/","logo":{"@type":"ImageObject","inLanguage":"sl-SI","@id":"https:\/\/pgd.brezje.si\/pgd\/#\/schema\/logo\/image\/","url":"https:\/\/pgd.brezje.si\/pgd\/wp-content\/uploads\/2024\/12\/PGD_Brezje_logo_col.png","contentUrl":"https:\/\/pgd.brezje.si\/pgd\/wp-content\/uploads\/2024\/12\/PGD_Brezje_logo_col.png","width":2208,"height":2208,"caption":"PGD Brezje na Gorenjskem"},"image":{"@id":"https:\/\/pgd.brezje.si\/pgd\/#\/schema\/logo\/image\/"},"sameAs":["https:\/\/www.facebook.com\/pgdbrezjemladina","https:\/\/www.instagram.com\/pgdbrezje\/"]}]}},"_links":{"self":[{"href":"https:\/\/pgd.brezje.si\/pgd\/wp-json\/wp\/v2\/pages\/297","targetHints":{"allow":["GET"]}}],"collection":[{"href":"https:\/\/pgd.brezje.si\/pgd\/wp-json\/wp\/v2\/pages"}],"about":[{"href":"https:\/\/pgd.brezje.si\/pgd\/wp-json\/wp\/v2\/types\/page"}],"author":[{"embeddable":true,"href":"https:\/\/pgd.brezje.si\/pgd\/wp-json\/wp\/v2\/users\/2"}],"replies":[{"embeddable":true,"href":"https:\/\/pgd.brezje.si\/pgd\/wp-json\/wp\/v2\/comments?post=297"}],"version-history":[{"count":1,"href":"https:\/\/pgd.brezje.si\/pgd\/wp-json\/wp\/v2\/pages\/297\/revisions"}],"predecessor-version":[{"id":315,"href":"https:\/\/pgd.brezje.si\/pgd\/wp-json\/wp\/v2\/pages\/297\/revisions\/315"}],"wp:attachment":[{"href":"https:\/\/pgd.brezje.si\/pgd\/wp-json\/wp\/v2\/media?parent=297"}],"curies":[{"name":"wp","href":"https:\/\/api.w.org\/{rel}","templated":true}]}}