{"id":260,"date":"2024-12-09T12:34:27","date_gmt":"2024-12-09T12:34:27","guid":{"rendered":"https:\/\/pgd.brezje.si\/pgd\/?page_id=260"},"modified":"2024-12-09T12:34:27","modified_gmt":"2024-12-09T12:34:27","slug":"dan-odprtih-vrat-2024-pgd-brezje","status":"publish","type":"page","link":"https:\/\/pgd.brezje.si\/pgd\/dan-odprtih-vrat-2024-pgd-brezje\/","title":{"rendered":"Dan odprtih vrat 2024 PGD Brezje"},"content":{"rendered":"\n<p>Dan odprtih vrat je za nami. Na\u0161i ob\u010dani so sigurno pridobili veliko znanja na temo ga\u0161enja z gasilniki, prikazali smo kako lahko v kuhinji zagori olje in kako ga pravilno pogasimo. Pridru\u017eili so se nam tudi re\u0161evalci NMP Bled, ki so predstavili svoje delo in opremo. Tudi kostanja ni majkalo. Imeli smo se super.<br>Hvala vsem za obisk!<\/p>\n\n\n\n<figure class=\"wp-block-gallery has-nested-images columns-default is-cropped wp-block-gallery-1 is-layout-flex wp-block-gallery-is-layout-flex\">\n<figure class=\"wp-block-image size-large\"><img loading=\"lazy\" decoding=\"async\" width=\"1024\" height=\"683\" data-id=\"265\" src=\"https:\/\/pgd.brezje.si\/pgd\/wp-content\/uploads\/2024\/12\/dan_odprtih_vrat_2024-2-1024x683.jpg\" alt=\"\" class=\"wp-image-265\" srcset=\"https:\/\/pgd.brezje.si\/pgd\/wp-content\/uploads\/2024\/12\/dan_odprtih_vrat_2024-2-1024x683.jpg 1024w, https:\/\/pgd.brezje.si\/pgd\/wp-content\/uploads\/2024\/12\/dan_odprtih_vrat_2024-2-300x200.jpg 300w, https:\/\/pgd.brezje.si\/pgd\/wp-content\/uploads\/2024\/12\/dan_odprtih_vrat_2024-2-768x512.jpg 768w, https:\/\/pgd.brezje.si\/pgd\/wp-content\/uploads\/2024\/12\/dan_odprtih_vrat_2024-2-1536x1025.jpg 1536w, https:\/\/pgd.brezje.si\/pgd\/wp-content\/uploads\/2024\/12\/dan_odprtih_vrat_2024-2-2048x1366.jpg 2048w\" sizes=\"auto, (max-width: 1024px) 100vw, 1024px\" \/><\/figure>\n\n\n\n<figure class=\"wp-block-image size-large\"><img loading=\"lazy\" decoding=\"async\" width=\"1024\" height=\"683\" data-id=\"275\" src=\"https:\/\/pgd.brezje.si\/pgd\/wp-content\/uploads\/2024\/12\/dan_odprtih_vrat_2024-3-1-1024x683.jpg\" alt=\"\" class=\"wp-image-275\" srcset=\"https:\/\/pgd.brezje.si\/pgd\/wp-content\/uploads\/2024\/12\/dan_odprtih_vrat_2024-3-1-1024x683.jpg 1024w, https:\/\/pgd.brezje.si\/pgd\/wp-content\/uploads\/2024\/12\/dan_odprtih_vrat_2024-3-1-300x200.jpg 300w, https:\/\/pgd.brezje.si\/pgd\/wp-content\/uploads\/2024\/12\/dan_odprtih_vrat_2024-3-1-768x512.jpg 768w, https:\/\/pgd.brezje.si\/pgd\/wp-content\/uploads\/2024\/12\/dan_odprtih_vrat_2024-3-1-1536x1025.jpg 1536w, https:\/\/pgd.brezje.si\/pgd\/wp-content\/uploads\/2024\/12\/dan_odprtih_vrat_2024-3-1-2048x1366.jpg 2048w\" sizes=\"auto, (max-width: 1024px) 100vw, 1024px\" \/><\/figure>\n\n\n\n<figure class=\"wp-block-image size-large\"><img loading=\"lazy\" decoding=\"async\" width=\"1024\" height=\"683\" data-id=\"270\" src=\"https:\/\/pgd.brezje.si\/pgd\/wp-content\/uploads\/2024\/12\/dan_odprtih_vrat_2024-4-1024x683.jpg\" alt=\"\" class=\"wp-image-270\" srcset=\"https:\/\/pgd.brezje.si\/pgd\/wp-content\/uploads\/2024\/12\/dan_odprtih_vrat_2024-4-1024x683.jpg 1024w, https:\/\/pgd.brezje.si\/pgd\/wp-content\/uploads\/2024\/12\/dan_odprtih_vrat_2024-4-300x200.jpg 300w, https:\/\/pgd.brezje.si\/pgd\/wp-content\/uploads\/2024\/12\/dan_odprtih_vrat_2024-4-768x512.jpg 768w, https:\/\/pgd.brezje.si\/pgd\/wp-content\/uploads\/2024\/12\/dan_odprtih_vrat_2024-4-1536x1025.jpg 1536w, https:\/\/pgd.brezje.si\/pgd\/wp-content\/uploads\/2024\/12\/dan_odprtih_vrat_2024-4-2048x1366.jpg 2048w\" sizes=\"auto, (max-width: 1024px) 100vw, 1024px\" \/><\/figure>\n\n\n\n<figure class=\"wp-block-image size-large\"><img loading=\"lazy\" decoding=\"async\" width=\"683\" height=\"1024\" data-id=\"268\" src=\"https:\/\/pgd.brezje.si\/pgd\/wp-content\/uploads\/2024\/12\/dan_odprtih_vrat_2024-5-683x1024.jpg\" alt=\"\" class=\"wp-image-268\" srcset=\"https:\/\/pgd.brezje.si\/pgd\/wp-content\/uploads\/2024\/12\/dan_odprtih_vrat_2024-5-683x1024.jpg 683w, https:\/\/pgd.brezje.si\/pgd\/wp-content\/uploads\/2024\/12\/dan_odprtih_vrat_2024-5-200x300.jpg 200w, https:\/\/pgd.brezje.si\/pgd\/wp-content\/uploads\/2024\/12\/dan_odprtih_vrat_2024-5-768x1151.jpg 768w, https:\/\/pgd.brezje.si\/pgd\/wp-content\/uploads\/2024\/12\/dan_odprtih_vrat_2024-5-1025x1536.jpg 1025w, https:\/\/pgd.brezje.si\/pgd\/wp-content\/uploads\/2024\/12\/dan_odprtih_vrat_2024-5-1366x2048.jpg 1366w, https:\/\/pgd.brezje.si\/pgd\/wp-content\/uploads\/2024\/12\/dan_odprtih_vrat_2024-5-scaled.jpg 1708w\" sizes=\"auto, (max-width: 683px) 100vw, 683px\" \/><\/figure>\n\n\n\n<figure class=\"wp-block-image size-large\"><img loading=\"lazy\" decoding=\"async\" width=\"1024\" height=\"683\" data-id=\"269\" src=\"https:\/\/pgd.brezje.si\/pgd\/wp-content\/uploads\/2024\/12\/dan_odprtih_vrat_2024-6-1024x683.jpg\" alt=\"\" class=\"wp-image-269\" srcset=\"https:\/\/pgd.brezje.si\/pgd\/wp-content\/uploads\/2024\/12\/dan_odprtih_vrat_2024-6-1024x683.jpg 1024w, https:\/\/pgd.brezje.si\/pgd\/wp-content\/uploads\/2024\/12\/dan_odprtih_vrat_2024-6-300x200.jpg 300w, https:\/\/pgd.brezje.si\/pgd\/wp-content\/uploads\/2024\/12\/dan_odprtih_vrat_2024-6-768x512.jpg 768w, https:\/\/pgd.brezje.si\/pgd\/wp-content\/uploads\/2024\/12\/dan_odprtih_vrat_2024-6-1536x1025.jpg 1536w, https:\/\/pgd.brezje.si\/pgd\/wp-content\/uploads\/2024\/12\/dan_odprtih_vrat_2024-6-2048x1366.jpg 2048w\" sizes=\"auto, (max-width: 1024px) 100vw, 1024px\" \/><\/figure>\n\n\n\n<figure class=\"wp-block-image size-large\"><img loading=\"lazy\" decoding=\"async\" width=\"1024\" height=\"683\" data-id=\"272\" src=\"https:\/\/pgd.brezje.si\/pgd\/wp-content\/uploads\/2024\/12\/dan_odprtih_vrat_2024-7-1024x683.jpg\" alt=\"\" class=\"wp-image-272\" srcset=\"https:\/\/pgd.brezje.si\/pgd\/wp-content\/uploads\/2024\/12\/dan_odprtih_vrat_2024-7-1024x683.jpg 1024w, https:\/\/pgd.brezje.si\/pgd\/wp-content\/uploads\/2024\/12\/dan_odprtih_vrat_2024-7-300x200.jpg 300w, https:\/\/pgd.brezje.si\/pgd\/wp-content\/uploads\/2024\/12\/dan_odprtih_vrat_2024-7-768x512.jpg 768w, https:\/\/pgd.brezje.si\/pgd\/wp-content\/uploads\/2024\/12\/dan_odprtih_vrat_2024-7-1536x1025.jpg 1536w, https:\/\/pgd.brezje.si\/pgd\/wp-content\/uploads\/2024\/12\/dan_odprtih_vrat_2024-7-2048x1366.jpg 2048w\" sizes=\"auto, (max-width: 1024px) 100vw, 1024px\" \/><\/figure>\n\n\n\n<figure class=\"wp-block-image size-large\"><img loading=\"lazy\" decoding=\"async\" width=\"1024\" height=\"683\" data-id=\"273\" src=\"https:\/\/pgd.brezje.si\/pgd\/wp-content\/uploads\/2024\/12\/dan_odprtih_vrat_2024-8-1024x683.jpg\" alt=\"\" class=\"wp-image-273\" srcset=\"https:\/\/pgd.brezje.si\/pgd\/wp-content\/uploads\/2024\/12\/dan_odprtih_vrat_2024-8-1024x683.jpg 1024w, https:\/\/pgd.brezje.si\/pgd\/wp-content\/uploads\/2024\/12\/dan_odprtih_vrat_2024-8-300x200.jpg 300w, https:\/\/pgd.brezje.si\/pgd\/wp-content\/uploads\/2024\/12\/dan_odprtih_vrat_2024-8-768x512.jpg 768w, https:\/\/pgd.brezje.si\/pgd\/wp-content\/uploads\/2024\/12\/dan_odprtih_vrat_2024-8-1536x1025.jpg 1536w, https:\/\/pgd.brezje.si\/pgd\/wp-content\/uploads\/2024\/12\/dan_odprtih_vrat_2024-8-2048x1366.jpg 2048w\" sizes=\"auto, (max-width: 1024px) 100vw, 1024px\" \/><\/figure>\n\n\n\n<figure class=\"wp-block-image size-large\"><img loading=\"lazy\" decoding=\"async\" width=\"1024\" height=\"683\" data-id=\"267\" src=\"https:\/\/pgd.brezje.si\/pgd\/wp-content\/uploads\/2024\/12\/dan_odprtih_vrat_2024-9-1024x683.jpg\" alt=\"\" class=\"wp-image-267\" srcset=\"https:\/\/pgd.brezje.si\/pgd\/wp-content\/uploads\/2024\/12\/dan_odprtih_vrat_2024-9-1024x683.jpg 1024w, https:\/\/pgd.brezje.si\/pgd\/wp-content\/uploads\/2024\/12\/dan_odprtih_vrat_2024-9-300x200.jpg 300w, https:\/\/pgd.brezje.si\/pgd\/wp-content\/uploads\/2024\/12\/dan_odprtih_vrat_2024-9-768x512.jpg 768w, https:\/\/pgd.brezje.si\/pgd\/wp-content\/uploads\/2024\/12\/dan_odprtih_vrat_2024-9-1536x1025.jpg 1536w, https:\/\/pgd.brezje.si\/pgd\/wp-content\/uploads\/2024\/12\/dan_odprtih_vrat_2024-9-2048x1366.jpg 2048w\" sizes=\"auto, (max-width: 1024px) 100vw, 1024px\" \/><\/figure>\n\n\n\n<figure class=\"wp-block-image size-large\"><img decoding=\"async\" data-id=\"274\" src=\"https:\/\/pgd.brezje.si\/pgd\/wp-content\/uploads\/2024\/12\/dan_odprtih_vrat_2024-10.jpg\" alt=\"\" class=\"wp-image-274\"\/><\/figure>\n\n\n\n<figure class=\"wp-block-image size-large\"><img loading=\"lazy\" decoding=\"async\" width=\"1024\" height=\"683\" data-id=\"271\" src=\"https:\/\/pgd.brezje.si\/pgd\/wp-content\/uploads\/2024\/12\/dan_odprtih_vrat_2024-11-1024x683.jpg\" alt=\"\" class=\"wp-image-271\" srcset=\"https:\/\/pgd.brezje.si\/pgd\/wp-content\/uploads\/2024\/12\/dan_odprtih_vrat_2024-11-1024x683.jpg 1024w, https:\/\/pgd.brezje.si\/pgd\/wp-content\/uploads\/2024\/12\/dan_odprtih_vrat_2024-11-300x200.jpg 300w, https:\/\/pgd.brezje.si\/pgd\/wp-content\/uploads\/2024\/12\/dan_odprtih_vrat_2024-11-768x512.jpg 768w, https:\/\/pgd.brezje.si\/pgd\/wp-content\/uploads\/2024\/12\/dan_odprtih_vrat_2024-11-1536x1025.jpg 1536w, https:\/\/pgd.brezje.si\/pgd\/wp-content\/uploads\/2024\/12\/dan_odprtih_vrat_2024-11-2048x1366.jpg 2048w\" sizes=\"auto, (max-width: 1024px) 100vw, 1024px\" \/><\/figure>\n\n\n\n<figure class=\"wp-block-image size-large\"><img loading=\"lazy\" decoding=\"async\" width=\"683\" height=\"1024\" data-id=\"264\" src=\"https:\/\/pgd.brezje.si\/pgd\/wp-content\/uploads\/2024\/12\/dan_odprtih_vrat_2024-12-683x1024.jpg\" alt=\"\" class=\"wp-image-264\" srcset=\"https:\/\/pgd.brezje.si\/pgd\/wp-content\/uploads\/2024\/12\/dan_odprtih_vrat_2024-12-683x1024.jpg 683w, https:\/\/pgd.brezje.si\/pgd\/wp-content\/uploads\/2024\/12\/dan_odprtih_vrat_2024-12-200x300.jpg 200w, https:\/\/pgd.brezje.si\/pgd\/wp-content\/uploads\/2024\/12\/dan_odprtih_vrat_2024-12-768x1151.jpg 768w, https:\/\/pgd.brezje.si\/pgd\/wp-content\/uploads\/2024\/12\/dan_odprtih_vrat_2024-12-1025x1536.jpg 1025w, https:\/\/pgd.brezje.si\/pgd\/wp-content\/uploads\/2024\/12\/dan_odprtih_vrat_2024-12-scaled.jpg 1708w\" sizes=\"auto, (max-width: 683px) 100vw, 683px\" \/><\/figure>\n\n\n\n<figure class=\"wp-block-image size-large\"><img loading=\"lazy\" decoding=\"async\" width=\"1024\" height=\"683\" data-id=\"266\" src=\"https:\/\/pgd.brezje.si\/pgd\/wp-content\/uploads\/2024\/12\/dan_odprtih_vrat_2024-13-1024x683.jpg\" alt=\"\" class=\"wp-image-266\" srcset=\"https:\/\/pgd.brezje.si\/pgd\/wp-content\/uploads\/2024\/12\/dan_odprtih_vrat_2024-13-1024x683.jpg 1024w, https:\/\/pgd.brezje.si\/pgd\/wp-content\/uploads\/2024\/12\/dan_odprtih_vrat_2024-13-300x200.jpg 300w, https:\/\/pgd.brezje.si\/pgd\/wp-content\/uploads\/2024\/12\/dan_odprtih_vrat_2024-13-768x512.jpg 768w, https:\/\/pgd.brezje.si\/pgd\/wp-content\/uploads\/2024\/12\/dan_odprtih_vrat_2024-13-1536x1025.jpg 1536w, https:\/\/pgd.brezje.si\/pgd\/wp-content\/uploads\/2024\/12\/dan_odprtih_vrat_2024-13-2048x1366.jpg 2048w\" sizes=\"auto, (max-width: 1024px) 100vw, 1024px\" \/><\/figure>\n\n\n\n<figure class=\"wp-block-image size-large\"><img loading=\"lazy\" decoding=\"async\" width=\"1708\" height=\"2560\" data-id=\"263\" src=\"https:\/\/pgd.brezje.si\/pgd\/wp-content\/uploads\/2024\/12\/dan_odprtih_vrat_2024-scaled.jpg\" alt=\"\" class=\"wp-image-263\"\/><\/figure>\n<\/figure>\n","protected":false},"excerpt":{"rendered":"<p>Dan odprtih vrat je za nami. Na\u0161i ob\u010dani so sigurno pridobili veliko znanja na temo ga\u0161enja z gasilniki, prikazali smo kako lahko v kuhinji zagori olje in kako ga pravilno pogasimo. Pridru\u017eili so se nam tudi re\u0161evalci NMP Bled, ki so predstavili svoje delo in opremo. Tudi kostanja ni majkalo. Imeli smo se super.Hvala vsem [&hellip;]<\/p>\n","protected":false},"author":2,"featured_media":0,"parent":0,"menu_order":0,"comment_status":"closed","ping_status":"closed","template":"","meta":{"footnotes":""},"class_list":["post-260","page","type-page","status-publish","hentry"],"yoast_head":"<!-- This site is optimized with the Yoast SEO plugin v24.3 - https:\/\/yoast.com\/wordpress\/plugins\/seo\/ -->\n<title>Dan odprtih vrat 2024 PGD Brezje - PGD Brezje na Gorenjskem<\/title>\n<meta name=\"robots\" content=\"index, follow, max-snippet:-1, max-image-preview:large, max-video-preview:-1\" \/>\n<link rel=\"canonical\" href=\"https:\/\/pgd.brezje.si\/pgd\/dan-odprtih-vrat-2024-pgd-brezje\/\" \/>\n<meta property=\"og:locale\" content=\"sl_SI\" \/>\n<meta property=\"og:type\" content=\"article\" \/>\n<meta property=\"og:title\" content=\"Dan odprtih vrat 2024 PGD Brezje - PGD Brezje na Gorenjskem\" \/>\n<meta property=\"og:description\" content=\"Dan odprtih vrat je za nami. Na\u0161i ob\u010dani so sigurno pridobili veliko znanja na temo ga\u0161enja z gasilniki, prikazali smo kako lahko v kuhinji zagori olje in kako ga pravilno pogasimo. Pridru\u017eili so se nam tudi re\u0161evalci NMP Bled, ki so predstavili svoje delo in opremo. Tudi kostanja ni majkalo. Imeli smo se super.Hvala vsem [&hellip;]\" \/>\n<meta property=\"og:url\" content=\"https:\/\/pgd.brezje.si\/pgd\/dan-odprtih-vrat-2024-pgd-brezje\/\" \/>\n<meta property=\"og:site_name\" content=\"PGD Brezje na Gorenjskem\" \/>\n<meta property=\"article:publisher\" content=\"https:\/\/www.facebook.com\/pgdbrezjemladina\" \/>\n<meta property=\"og:image\" content=\"https:\/\/pgd.brezje.si\/pgd\/wp-content\/uploads\/2024\/12\/dan_odprtih_vrat_2024-2-scaled.jpg\" \/>\n\t<meta property=\"og:image:width\" content=\"2560\" \/>\n\t<meta property=\"og:image:height\" content=\"1708\" \/>\n\t<meta property=\"og:image:type\" content=\"image\/jpeg\" \/>\n<meta name=\"twitter:card\" content=\"summary_large_image\" \/>\n<script type=\"application\/ld+json\" class=\"yoast-schema-graph\">{\"@context\":\"https:\/\/schema.org\",\"@graph\":[{\"@type\":\"WebPage\",\"@id\":\"https:\/\/pgd.brezje.si\/pgd\/dan-odprtih-vrat-2024-pgd-brezje\/\",\"url\":\"https:\/\/pgd.brezje.si\/pgd\/dan-odprtih-vrat-2024-pgd-brezje\/\",\"name\":\"Dan odprtih vrat 2024 PGD Brezje - PGD Brezje na Gorenjskem\",\"isPartOf\":{\"@id\":\"https:\/\/pgd.brezje.si\/pgd\/#website\"},\"primaryImageOfPage\":{\"@id\":\"https:\/\/pgd.brezje.si\/pgd\/dan-odprtih-vrat-2024-pgd-brezje\/#primaryimage\"},\"image\":{\"@id\":\"https:\/\/pgd.brezje.si\/pgd\/dan-odprtih-vrat-2024-pgd-brezje\/#primaryimage\"},\"thumbnailUrl\":\"https:\/\/pgd.brezje.si\/pgd\/wp-content\/uploads\/2024\/12\/dan_odprtih_vrat_2024-2-1024x683.jpg\",\"datePublished\":\"2024-12-09T12:34:27+00:00\",\"dateModified\":\"2024-12-09T12:34:27+00:00\",\"breadcrumb\":{\"@id\":\"https:\/\/pgd.brezje.si\/pgd\/dan-odprtih-vrat-2024-pgd-brezje\/#breadcrumb\"},\"inLanguage\":\"sl-SI\",\"potentialAction\":[{\"@type\":\"ReadAction\",\"target\":[\"https:\/\/pgd.brezje.si\/pgd\/dan-odprtih-vrat-2024-pgd-brezje\/\"]}]},{\"@type\":\"ImageObject\",\"inLanguage\":\"sl-SI\",\"@id\":\"https:\/\/pgd.brezje.si\/pgd\/dan-odprtih-vrat-2024-pgd-brezje\/#primaryimage\",\"url\":\"https:\/\/pgd.brezje.si\/pgd\/wp-content\/uploads\/2024\/12\/dan_odprtih_vrat_2024-2-scaled.jpg\",\"contentUrl\":\"https:\/\/pgd.brezje.si\/pgd\/wp-content\/uploads\/2024\/12\/dan_odprtih_vrat_2024-2-scaled.jpg\",\"width\":2560,\"height\":1708},{\"@type\":\"BreadcrumbList\",\"@id\":\"https:\/\/pgd.brezje.si\/pgd\/dan-odprtih-vrat-2024-pgd-brezje\/#breadcrumb\",\"itemListElement\":[{\"@type\":\"ListItem\",\"position\":1,\"name\":\"Home\",\"item\":\"https:\/\/pgd.brezje.si\/pgd\/\"},{\"@type\":\"ListItem\",\"position\":2,\"name\":\"Dan odprtih vrat 2024 PGD Brezje\"}]},{\"@type\":\"WebSite\",\"@id\":\"https:\/\/pgd.brezje.si\/pgd\/#website\",\"url\":\"https:\/\/pgd.brezje.si\/pgd\/\",\"name\":\"PGD Brezje na Gorenjskem\",\"description\":\"Obmo\u010dje delovanja KS Brezje: Brezje, \u010crnivec, No\u0161e, Dobro Polje, Malo Dobro Polje - skupno 919 prebivalcev\",\"publisher\":{\"@id\":\"https:\/\/pgd.brezje.si\/pgd\/#organization\"},\"potentialAction\":[{\"@type\":\"SearchAction\",\"target\":{\"@type\":\"EntryPoint\",\"urlTemplate\":\"https:\/\/pgd.brezje.si\/pgd\/?s={search_term_string}\"},\"query-input\":{\"@type\":\"PropertyValueSpecification\",\"valueRequired\":true,\"valueName\":\"search_term_string\"}}],\"inLanguage\":\"sl-SI\"},{\"@type\":\"Organization\",\"@id\":\"https:\/\/pgd.brezje.si\/pgd\/#organization\",\"name\":\"PGD Brezje na Gorenjskem\",\"url\":\"https:\/\/pgd.brezje.si\/pgd\/\",\"logo\":{\"@type\":\"ImageObject\",\"inLanguage\":\"sl-SI\",\"@id\":\"https:\/\/pgd.brezje.si\/pgd\/#\/schema\/logo\/image\/\",\"url\":\"https:\/\/pgd.brezje.si\/pgd\/wp-content\/uploads\/2024\/12\/PGD_Brezje_logo_col.png\",\"contentUrl\":\"https:\/\/pgd.brezje.si\/pgd\/wp-content\/uploads\/2024\/12\/PGD_Brezje_logo_col.png\",\"width\":2208,\"height\":2208,\"caption\":\"PGD Brezje na Gorenjskem\"},\"image\":{\"@id\":\"https:\/\/pgd.brezje.si\/pgd\/#\/schema\/logo\/image\/\"},\"sameAs\":[\"https:\/\/www.facebook.com\/pgdbrezjemladina\",\"https:\/\/www.instagram.com\/pgdbrezje\/\"]}]}<\/script>\n<!-- \/ Yoast SEO plugin. -->","yoast_head_json":{"title":"Dan odprtih vrat 2024 PGD Brezje - PGD Brezje na Gorenjskem","robots":{"index":"index","follow":"follow","max-snippet":"max-snippet:-1","max-image-preview":"max-image-preview:large","max-video-preview":"max-video-preview:-1"},"canonical":"https:\/\/pgd.brezje.si\/pgd\/dan-odprtih-vrat-2024-pgd-brezje\/","og_locale":"sl_SI","og_type":"article","og_title":"Dan odprtih vrat 2024 PGD Brezje - PGD Brezje na Gorenjskem","og_description":"Dan odprtih vrat je za nami. Na\u0161i ob\u010dani so sigurno pridobili veliko znanja na temo ga\u0161enja z gasilniki, prikazali smo kako lahko v kuhinji zagori olje in kako ga pravilno pogasimo. Pridru\u017eili so se nam tudi re\u0161evalci NMP Bled, ki so predstavili svoje delo in opremo. Tudi kostanja ni majkalo. Imeli smo se super.Hvala vsem [&hellip;]","og_url":"https:\/\/pgd.brezje.si\/pgd\/dan-odprtih-vrat-2024-pgd-brezje\/","og_site_name":"PGD Brezje na Gorenjskem","article_publisher":"https:\/\/www.facebook.com\/pgdbrezjemladina","og_image":[{"width":2560,"height":1708,"url":"https:\/\/pgd.brezje.si\/pgd\/wp-content\/uploads\/2024\/12\/dan_odprtih_vrat_2024-2-scaled.jpg","type":"image\/jpeg"}],"twitter_card":"summary_large_image","schema":{"@context":"https:\/\/schema.org","@graph":[{"@type":"WebPage","@id":"https:\/\/pgd.brezje.si\/pgd\/dan-odprtih-vrat-2024-pgd-brezje\/","url":"https:\/\/pgd.brezje.si\/pgd\/dan-odprtih-vrat-2024-pgd-brezje\/","name":"Dan odprtih vrat 2024 PGD Brezje - PGD Brezje na Gorenjskem","isPartOf":{"@id":"https:\/\/pgd.brezje.si\/pgd\/#website"},"primaryImageOfPage":{"@id":"https:\/\/pgd.brezje.si\/pgd\/dan-odprtih-vrat-2024-pgd-brezje\/#primaryimage"},"image":{"@id":"https:\/\/pgd.brezje.si\/pgd\/dan-odprtih-vrat-2024-pgd-brezje\/#primaryimage"},"thumbnailUrl":"https:\/\/pgd.brezje.si\/pgd\/wp-content\/uploads\/2024\/12\/dan_odprtih_vrat_2024-2-1024x683.jpg","datePublished":"2024-12-09T12:34:27+00:00","dateModified":"2024-12-09T12:34:27+00:00","breadcrumb":{"@id":"https:\/\/pgd.brezje.si\/pgd\/dan-odprtih-vrat-2024-pgd-brezje\/#breadcrumb"},"inLanguage":"sl-SI","potentialAction":[{"@type":"ReadAction","target":["https:\/\/pgd.brezje.si\/pgd\/dan-odprtih-vrat-2024-pgd-brezje\/"]}]},{"@type":"ImageObject","inLanguage":"sl-SI","@id":"https:\/\/pgd.brezje.si\/pgd\/dan-odprtih-vrat-2024-pgd-brezje\/#primaryimage","url":"https:\/\/pgd.brezje.si\/pgd\/wp-content\/uploads\/2024\/12\/dan_odprtih_vrat_2024-2-scaled.jpg","contentUrl":"https:\/\/pgd.brezje.si\/pgd\/wp-content\/uploads\/2024\/12\/dan_odprtih_vrat_2024-2-scaled.jpg","width":2560,"height":1708},{"@type":"BreadcrumbList","@id":"https:\/\/pgd.brezje.si\/pgd\/dan-odprtih-vrat-2024-pgd-brezje\/#breadcrumb","itemListElement":[{"@type":"ListItem","position":1,"name":"Home","item":"https:\/\/pgd.brezje.si\/pgd\/"},{"@type":"ListItem","position":2,"name":"Dan odprtih vrat 2024 PGD Brezje"}]},{"@type":"WebSite","@id":"https:\/\/pgd.brezje.si\/pgd\/#website","url":"https:\/\/pgd.brezje.si\/pgd\/","name":"PGD Brezje na Gorenjskem","description":"Obmo\u010dje delovanja KS Brezje: Brezje, \u010crnivec, No\u0161e, Dobro Polje, Malo Dobro Polje - skupno 919 prebivalcev","publisher":{"@id":"https:\/\/pgd.brezje.si\/pgd\/#organization"},"potentialAction":[{"@type":"SearchAction","target":{"@type":"EntryPoint","urlTemplate":"https:\/\/pgd.brezje.si\/pgd\/?s={search_term_string}"},"query-input":{"@type":"PropertyValueSpecification","valueRequired":true,"valueName":"search_term_string"}}],"inLanguage":"sl-SI"},{"@type":"Organization","@id":"https:\/\/pgd.brezje.si\/pgd\/#organization","name":"PGD Brezje na Gorenjskem","url":"https:\/\/pgd.brezje.si\/pgd\/","logo":{"@type":"ImageObject","inLanguage":"sl-SI","@id":"https:\/\/pgd.brezje.si\/pgd\/#\/schema\/logo\/image\/","url":"https:\/\/pgd.brezje.si\/pgd\/wp-content\/uploads\/2024\/12\/PGD_Brezje_logo_col.png","contentUrl":"https:\/\/pgd.brezje.si\/pgd\/wp-content\/uploads\/2024\/12\/PGD_Brezje_logo_col.png","width":2208,"height":2208,"caption":"PGD Brezje na Gorenjskem"},"image":{"@id":"https:\/\/pgd.brezje.si\/pgd\/#\/schema\/logo\/image\/"},"sameAs":["https:\/\/www.facebook.com\/pgdbrezjemladina","https:\/\/www.instagram.com\/pgdbrezje\/"]}]}},"_links":{"self":[{"href":"https:\/\/pgd.brezje.si\/pgd\/wp-json\/wp\/v2\/pages\/260","targetHints":{"allow":["GET"]}}],"collection":[{"href":"https:\/\/pgd.brezje.si\/pgd\/wp-json\/wp\/v2\/pages"}],"about":[{"href":"https:\/\/pgd.brezje.si\/pgd\/wp-json\/wp\/v2\/types\/page"}],"author":[{"embeddable":true,"href":"https:\/\/pgd.brezje.si\/pgd\/wp-json\/wp\/v2\/users\/2"}],"replies":[{"embeddable":true,"href":"https:\/\/pgd.brezje.si\/pgd\/wp-json\/wp\/v2\/comments?post=260"}],"version-history":[{"count":1,"href":"https:\/\/pgd.brezje.si\/pgd\/wp-json\/wp\/v2\/pages\/260\/revisions"}],"predecessor-version":[{"id":276,"href":"https:\/\/pgd.brezje.si\/pgd\/wp-json\/wp\/v2\/pages\/260\/revisions\/276"}],"wp:attachment":[{"href":"https:\/\/pgd.brezje.si\/pgd\/wp-json\/wp\/v2\/media?parent=260"}],"curies":[{"name":"wp","href":"https:\/\/api.w.org\/{rel}","templated":true}]}}