{"id":2,"date":"2024-10-21T09:20:17","date_gmt":"2024-10-21T09:20:17","guid":{"rendered":"https:\/\/pgd.brezje.si\/pgd\/?page_id=2"},"modified":"2024-12-09T14:11:12","modified_gmt":"2024-12-09T14:11:12","slug":"galerija-meddrustvena-vaja-brezje","status":"publish","type":"page","link":"https:\/\/pgd.brezje.si\/pgd\/galerija-meddrustvena-vaja-brezje\/","title":{"rendered":"Meddru\u0161tvena vaja Brezje, 6.12.2024"},"content":{"rendered":"\n<p>Meddru\u0161tvena vaja je namenjena sodelovanju med dru\u0161tvi. Danes smo to pokazali. Skupaj s <a href=\"https:\/\/l.facebook.com\/l.php?u=https%3A%2F%2Fwww.instagram.com%2F_u%2Fpgdradovljica%3Ffbclid%3DIwZXh0bgNhZW0CMTAAAR36qovjm0m807G5M95jRGglY854JiTRAx4AP_vhFM23l1ocKvRZhYdQFjM_aem_6Ivbp33CFER7wGYcdQ2kGQ&amp;h=AT2Q59KuLMTEGdH0OcFhYyVZg0azLX-IItr1a1_ygTSDl31hYsfWu0lwQBkW8bv0N5TneygkxIX9inYEAIpd-i04yPRZFHs1XJTgEKNlcgTFN4XRB7DcTunsPC_hM3q4_688xlpHLw&amp;__tn__=-UK-y-R&amp;c[0]=AT0QtiHEdEqeg55GWnmygdAjMo5BUKcGTiovrzS8qTOq0io3txLTlCLWc7lWhpAgzGWJiC0UOULDE1UggLHn5y4X5LtlbiIlKbmctmnlVWqB-AMwUzc5RHwdT3x5xOEiQOfDmxk6mTk4_rWaM4q-0Y3Awxad31t8oGrC_zqhFvEmkcPGqFDyk9P_02cPtugIUdcX_N4sqPCPEWxiepK-mvBtFP5R7rlYm9zqSVk2c3NBbwYWZMAyoteE7bxFvw\" target=\"_blank\" rel=\"noreferrer noopener\">PGD Radovljica<\/a> , PGD Ljubno in <a href=\"https:\/\/l.facebook.com\/l.php?u=https%3A%2F%2Fwww.instagram.com%2F_u%2Fpgdmosnje%3Ffbclid%3DIwZXh0bgNhZW0CMTAAAR3LMM4FcrhCt8NI8yHYoCuE0eYjJG0f1pkRmMlyDsM8M-PdKsz3uNVFvWs_aem_TpbMpni2yiIjftNjq-QwkQ&amp;h=AT3oLEBrLg-jiTBhdxFyIe_sA8ogdGdrKAAxBXUMwfOMVyoMd4V9YCMkSSDuWrK1-9npPjYgZQY1qQX9z73MQ6uSpk2cP4V_Bx1zItPpcBDtbV7mu-jI2uA9SHNsa18GXp-MG2SWKg&amp;__tn__=-UK-y-R&amp;c[0]=AT0QtiHEdEqeg55GWnmygdAjMo5BUKcGTiovrzS8qTOq0io3txLTlCLWc7lWhpAgzGWJiC0UOULDE1UggLHn5y4X5LtlbiIlKbmctmnlVWqB-AMwUzc5RHwdT3x5xOEiQOfDmxk6mTk4_rWaM4q-0Y3Awxad31t8oGrC_zqhFvEmkcPGqFDyk9P_02cPtugIUdcX_N4sqPCPEWxiepK-mvBtFP5R7rlYm9zqSVk2c3NBbwYWZMAyoteE7bxFvw\" target=\"_blank\" rel=\"noreferrer noopener\">PGD mo\u0161nje<\/a> smo uspe\u0161no pogasili po\u017ear, ki naj bi se razvil v kletnih prostorih delavnice na Brezjah, iz objekta smo re\u0161ili eno osebo in kolegi iz PGD Radovljia so s tehni\u010dnim posegom re\u0161ili osebo ujeto pod bremenom.<\/p>\n\n\n\n<figure class=\"wp-block-gallery has-nested-images columns-default is-cropped wp-block-gallery-1 is-layout-flex wp-block-gallery-is-layout-flex\">\n<figure class=\"wp-block-image size-large\"><img loading=\"lazy\" decoding=\"async\" width=\"1024\" height=\"683\" data-id=\"242\" src=\"https:\/\/pgd.brezje.si\/pgd\/wp-content\/uploads\/2024\/12\/meddrustvena_brezje_rotar-2-1024x683.jpg\" alt=\"\" class=\"wp-image-242\" srcset=\"https:\/\/pgd.brezje.si\/pgd\/wp-content\/uploads\/2024\/12\/meddrustvena_brezje_rotar-2-1024x683.jpg 1024w, https:\/\/pgd.brezje.si\/pgd\/wp-content\/uploads\/2024\/12\/meddrustvena_brezje_rotar-2-300x200.jpg 300w, https:\/\/pgd.brezje.si\/pgd\/wp-content\/uploads\/2024\/12\/meddrustvena_brezje_rotar-2-768x512.jpg 768w, https:\/\/pgd.brezje.si\/pgd\/wp-content\/uploads\/2024\/12\/meddrustvena_brezje_rotar-2-1536x1025.jpg 1536w, https:\/\/pgd.brezje.si\/pgd\/wp-content\/uploads\/2024\/12\/meddrustvena_brezje_rotar-2-2048x1366.jpg 2048w\" sizes=\"auto, (max-width: 1024px) 100vw, 1024px\" \/><\/figure>\n\n\n\n<figure class=\"wp-block-image size-large\"><img loading=\"lazy\" decoding=\"async\" width=\"1024\" height=\"683\" data-id=\"246\" src=\"https:\/\/pgd.brezje.si\/pgd\/wp-content\/uploads\/2024\/12\/meddrustvena_brezje_rotar-3-1024x683.jpg\" alt=\"\" class=\"wp-image-246\" srcset=\"https:\/\/pgd.brezje.si\/pgd\/wp-content\/uploads\/2024\/12\/meddrustvena_brezje_rotar-3-1024x683.jpg 1024w, https:\/\/pgd.brezje.si\/pgd\/wp-content\/uploads\/2024\/12\/meddrustvena_brezje_rotar-3-300x200.jpg 300w, https:\/\/pgd.brezje.si\/pgd\/wp-content\/uploads\/2024\/12\/meddrustvena_brezje_rotar-3-768x512.jpg 768w, https:\/\/pgd.brezje.si\/pgd\/wp-content\/uploads\/2024\/12\/meddrustvena_brezje_rotar-3-1536x1025.jpg 1536w, https:\/\/pgd.brezje.si\/pgd\/wp-content\/uploads\/2024\/12\/meddrustvena_brezje_rotar-3-2048x1366.jpg 2048w\" sizes=\"auto, (max-width: 1024px) 100vw, 1024px\" \/><\/figure>\n\n\n\n<figure class=\"wp-block-image size-large\"><img loading=\"lazy\" decoding=\"async\" width=\"1024\" height=\"683\" data-id=\"241\" src=\"https:\/\/pgd.brezje.si\/pgd\/wp-content\/uploads\/2024\/12\/meddrustvena_brezje_rotar-4-1024x683.jpg\" alt=\"\" class=\"wp-image-241\" srcset=\"https:\/\/pgd.brezje.si\/pgd\/wp-content\/uploads\/2024\/12\/meddrustvena_brezje_rotar-4-1024x683.jpg 1024w, https:\/\/pgd.brezje.si\/pgd\/wp-content\/uploads\/2024\/12\/meddrustvena_brezje_rotar-4-300x200.jpg 300w, https:\/\/pgd.brezje.si\/pgd\/wp-content\/uploads\/2024\/12\/meddrustvena_brezje_rotar-4-768x512.jpg 768w, https:\/\/pgd.brezje.si\/pgd\/wp-content\/uploads\/2024\/12\/meddrustvena_brezje_rotar-4-1536x1025.jpg 1536w, https:\/\/pgd.brezje.si\/pgd\/wp-content\/uploads\/2024\/12\/meddrustvena_brezje_rotar-4-2048x1366.jpg 2048w\" sizes=\"auto, (max-width: 1024px) 100vw, 1024px\" \/><\/figure>\n\n\n\n<figure class=\"wp-block-image size-large\"><img loading=\"lazy\" decoding=\"async\" width=\"1024\" height=\"683\" data-id=\"237\" src=\"https:\/\/pgd.brezje.si\/pgd\/wp-content\/uploads\/2024\/12\/meddrustvena_brezje_rotar-5-1024x683.jpg\" alt=\"\" class=\"wp-image-237\" srcset=\"https:\/\/pgd.brezje.si\/pgd\/wp-content\/uploads\/2024\/12\/meddrustvena_brezje_rotar-5-1024x683.jpg 1024w, https:\/\/pgd.brezje.si\/pgd\/wp-content\/uploads\/2024\/12\/meddrustvena_brezje_rotar-5-300x200.jpg 300w, https:\/\/pgd.brezje.si\/pgd\/wp-content\/uploads\/2024\/12\/meddrustvena_brezje_rotar-5-768x512.jpg 768w, https:\/\/pgd.brezje.si\/pgd\/wp-content\/uploads\/2024\/12\/meddrustvena_brezje_rotar-5-1536x1025.jpg 1536w, https:\/\/pgd.brezje.si\/pgd\/wp-content\/uploads\/2024\/12\/meddrustvena_brezje_rotar-5-2048x1366.jpg 2048w\" sizes=\"auto, (max-width: 1024px) 100vw, 1024px\" \/><\/figure>\n\n\n\n<figure class=\"wp-block-image size-large\"><img loading=\"lazy\" decoding=\"async\" width=\"1024\" height=\"683\" data-id=\"206\" src=\"https:\/\/pgd.brezje.si\/pgd\/wp-content\/uploads\/2024\/12\/meddrustvena_brezje_rotar-8-3-1024x683.jpg\" alt=\"\" class=\"wp-image-206\" srcset=\"https:\/\/pgd.brezje.si\/pgd\/wp-content\/uploads\/2024\/12\/meddrustvena_brezje_rotar-8-3-1024x683.jpg 1024w, https:\/\/pgd.brezje.si\/pgd\/wp-content\/uploads\/2024\/12\/meddrustvena_brezje_rotar-8-3-300x200.jpg 300w, https:\/\/pgd.brezje.si\/pgd\/wp-content\/uploads\/2024\/12\/meddrustvena_brezje_rotar-8-3-768x512.jpg 768w\" sizes=\"auto, (max-width: 1024px) 100vw, 1024px\" \/><\/figure>\n\n\n\n<figure class=\"wp-block-image size-large\"><img loading=\"lazy\" decoding=\"async\" width=\"1024\" height=\"683\" data-id=\"240\" src=\"https:\/\/pgd.brezje.si\/pgd\/wp-content\/uploads\/2024\/12\/meddrustvena_brezje_rotar-7-1-1024x683.jpg\" alt=\"\" class=\"wp-image-240\" srcset=\"https:\/\/pgd.brezje.si\/pgd\/wp-content\/uploads\/2024\/12\/meddrustvena_brezje_rotar-7-1-1024x683.jpg 1024w, https:\/\/pgd.brezje.si\/pgd\/wp-content\/uploads\/2024\/12\/meddrustvena_brezje_rotar-7-1-300x200.jpg 300w, https:\/\/pgd.brezje.si\/pgd\/wp-content\/uploads\/2024\/12\/meddrustvena_brezje_rotar-7-1-768x512.jpg 768w, https:\/\/pgd.brezje.si\/pgd\/wp-content\/uploads\/2024\/12\/meddrustvena_brezje_rotar-7-1-1536x1025.jpg 1536w, https:\/\/pgd.brezje.si\/pgd\/wp-content\/uploads\/2024\/12\/meddrustvena_brezje_rotar-7-1-2048x1366.jpg 2048w\" sizes=\"auto, (max-width: 1024px) 100vw, 1024px\" \/><\/figure>\n\n\n\n<figure class=\"wp-block-image size-large\"><img loading=\"lazy\" decoding=\"async\" width=\"1024\" height=\"683\" data-id=\"238\" src=\"https:\/\/pgd.brezje.si\/pgd\/wp-content\/uploads\/2024\/12\/meddrustvena_brezje_rotar-6-1024x683.jpg\" alt=\"\" class=\"wp-image-238\" srcset=\"https:\/\/pgd.brezje.si\/pgd\/wp-content\/uploads\/2024\/12\/meddrustvena_brezje_rotar-6-1024x683.jpg 1024w, https:\/\/pgd.brezje.si\/pgd\/wp-content\/uploads\/2024\/12\/meddrustvena_brezje_rotar-6-300x200.jpg 300w, https:\/\/pgd.brezje.si\/pgd\/wp-content\/uploads\/2024\/12\/meddrustvena_brezje_rotar-6-768x512.jpg 768w, https:\/\/pgd.brezje.si\/pgd\/wp-content\/uploads\/2024\/12\/meddrustvena_brezje_rotar-6-1536x1025.jpg 1536w\" sizes=\"auto, (max-width: 1024px) 100vw, 1024px\" \/><\/figure>\n\n\n\n<figure class=\"wp-block-image size-large\"><img loading=\"lazy\" decoding=\"async\" width=\"1024\" height=\"683\" data-id=\"239\" src=\"https:\/\/pgd.brezje.si\/pgd\/wp-content\/uploads\/2024\/12\/meddrustvena_brezje_rotar-9-1024x683.jpg\" alt=\"\" class=\"wp-image-239\" srcset=\"https:\/\/pgd.brezje.si\/pgd\/wp-content\/uploads\/2024\/12\/meddrustvena_brezje_rotar-9-1024x683.jpg 1024w, https:\/\/pgd.brezje.si\/pgd\/wp-content\/uploads\/2024\/12\/meddrustvena_brezje_rotar-9-300x200.jpg 300w, https:\/\/pgd.brezje.si\/pgd\/wp-content\/uploads\/2024\/12\/meddrustvena_brezje_rotar-9-768x512.jpg 768w, https:\/\/pgd.brezje.si\/pgd\/wp-content\/uploads\/2024\/12\/meddrustvena_brezje_rotar-9-1536x1025.jpg 1536w, https:\/\/pgd.brezje.si\/pgd\/wp-content\/uploads\/2024\/12\/meddrustvena_brezje_rotar-9-2048x1366.jpg 2048w\" sizes=\"auto, (max-width: 1024px) 100vw, 1024px\" \/><\/figure>\n\n\n\n<figure class=\"wp-block-image size-large\"><img loading=\"lazy\" decoding=\"async\" width=\"1024\" height=\"683\" data-id=\"243\" src=\"https:\/\/pgd.brezje.si\/pgd\/wp-content\/uploads\/2024\/12\/meddrustvena_brezje_rotar-10-1-1024x683.jpg\" alt=\"\" class=\"wp-image-243\" srcset=\"https:\/\/pgd.brezje.si\/pgd\/wp-content\/uploads\/2024\/12\/meddrustvena_brezje_rotar-10-1-1024x683.jpg 1024w, https:\/\/pgd.brezje.si\/pgd\/wp-content\/uploads\/2024\/12\/meddrustvena_brezje_rotar-10-1-300x200.jpg 300w, https:\/\/pgd.brezje.si\/pgd\/wp-content\/uploads\/2024\/12\/meddrustvena_brezje_rotar-10-1-768x512.jpg 768w, https:\/\/pgd.brezje.si\/pgd\/wp-content\/uploads\/2024\/12\/meddrustvena_brezje_rotar-10-1-1536x1025.jpg 1536w, https:\/\/pgd.brezje.si\/pgd\/wp-content\/uploads\/2024\/12\/meddrustvena_brezje_rotar-10-1-2048x1366.jpg 2048w\" sizes=\"auto, (max-width: 1024px) 100vw, 1024px\" \/><\/figure>\n\n\n\n<figure class=\"wp-block-image size-large\"><img loading=\"lazy\" decoding=\"async\" width=\"1024\" height=\"683\" data-id=\"245\" src=\"https:\/\/pgd.brezje.si\/pgd\/wp-content\/uploads\/2024\/12\/meddrustvena_brezje_rotar-11-1024x683.jpg\" alt=\"\" class=\"wp-image-245\" srcset=\"https:\/\/pgd.brezje.si\/pgd\/wp-content\/uploads\/2024\/12\/meddrustvena_brezje_rotar-11-1024x683.jpg 1024w, https:\/\/pgd.brezje.si\/pgd\/wp-content\/uploads\/2024\/12\/meddrustvena_brezje_rotar-11-300x200.jpg 300w, https:\/\/pgd.brezje.si\/pgd\/wp-content\/uploads\/2024\/12\/meddrustvena_brezje_rotar-11-768x512.jpg 768w, https:\/\/pgd.brezje.si\/pgd\/wp-content\/uploads\/2024\/12\/meddrustvena_brezje_rotar-11-1536x1025.jpg 1536w, https:\/\/pgd.brezje.si\/pgd\/wp-content\/uploads\/2024\/12\/meddrustvena_brezje_rotar-11-2048x1366.jpg 2048w\" sizes=\"auto, (max-width: 1024px) 100vw, 1024px\" \/><\/figure>\n\n\n\n<figure class=\"wp-block-image size-large\"><img loading=\"lazy\" decoding=\"async\" width=\"1024\" height=\"683\" data-id=\"244\" src=\"https:\/\/pgd.brezje.si\/pgd\/wp-content\/uploads\/2024\/12\/meddrustvena_brezje_rotar-1024x683.jpg\" alt=\"\" class=\"wp-image-244\" srcset=\"https:\/\/pgd.brezje.si\/pgd\/wp-content\/uploads\/2024\/12\/meddrustvena_brezje_rotar-1024x683.jpg 1024w, https:\/\/pgd.brezje.si\/pgd\/wp-content\/uploads\/2024\/12\/meddrustvena_brezje_rotar-300x200.jpg 300w, https:\/\/pgd.brezje.si\/pgd\/wp-content\/uploads\/2024\/12\/meddrustvena_brezje_rotar-768x512.jpg 768w, https:\/\/pgd.brezje.si\/pgd\/wp-content\/uploads\/2024\/12\/meddrustvena_brezje_rotar-1536x1025.jpg 1536w, https:\/\/pgd.brezje.si\/pgd\/wp-content\/uploads\/2024\/12\/meddrustvena_brezje_rotar-2048x1366.jpg 2048w\" sizes=\"auto, (max-width: 1024px) 100vw, 1024px\" \/><\/figure>\n<\/figure>\n\n\n\n<p><\/p>\n","protected":false},"excerpt":{"rendered":"<p>Meddru\u0161tvena vaja je namenjena sodelovanju med dru\u0161tvi. Danes smo to pokazali. Skupaj s PGD Radovljica , PGD Ljubno in PGD mo\u0161nje smo uspe\u0161no pogasili po\u017ear, ki naj bi se razvil v kletnih prostorih delavnice na Brezjah, iz objekta smo re\u0161ili eno osebo in kolegi iz PGD Radovljia so s tehni\u010dnim posegom re\u0161ili osebo ujeto pod [&hellip;]<\/p>\n","protected":false},"author":1,"featured_media":0,"parent":0,"menu_order":0,"comment_status":"closed","ping_status":"closed","template":"","meta":{"footnotes":""},"class_list":["post-2","page","type-page","status-publish","hentry"],"yoast_head":"<!-- This site is optimized with the Yoast SEO plugin v24.3 - https:\/\/yoast.com\/wordpress\/plugins\/seo\/ -->\n<title>Meddru\u0161tvena vaja Brezje, 6.12.2024 - PGD Brezje na Gorenjskem<\/title>\n<meta name=\"robots\" content=\"index, follow, max-snippet:-1, max-image-preview:large, max-video-preview:-1\" \/>\n<link rel=\"canonical\" href=\"https:\/\/pgd.brezje.si\/pgd\/galerija-meddrustvena-vaja-brezje\/\" \/>\n<meta property=\"og:locale\" content=\"sl_SI\" \/>\n<meta property=\"og:type\" content=\"article\" \/>\n<meta property=\"og:title\" content=\"Meddru\u0161tvena vaja Brezje, 6.12.2024 - PGD Brezje na Gorenjskem\" \/>\n<meta property=\"og:description\" content=\"Meddru\u0161tvena vaja je namenjena sodelovanju med dru\u0161tvi. Danes smo to pokazali. Skupaj s PGD Radovljica , PGD Ljubno in PGD mo\u0161nje smo uspe\u0161no pogasili po\u017ear, ki naj bi se razvil v kletnih prostorih delavnice na Brezjah, iz objekta smo re\u0161ili eno osebo in kolegi iz PGD Radovljia so s tehni\u010dnim posegom re\u0161ili osebo ujeto pod [&hellip;]\" \/>\n<meta property=\"og:url\" content=\"https:\/\/pgd.brezje.si\/pgd\/galerija-meddrustvena-vaja-brezje\/\" \/>\n<meta property=\"og:site_name\" content=\"PGD Brezje na Gorenjskem\" \/>\n<meta property=\"article:publisher\" content=\"https:\/\/www.facebook.com\/pgdbrezjemladina\" \/>\n<meta property=\"article:modified_time\" content=\"2024-12-09T14:11:12+00:00\" \/>\n<meta property=\"og:image\" content=\"https:\/\/pgd.brezje.si\/pgd\/wp-content\/uploads\/2024\/12\/meddrustvena_brezje_rotar-2-scaled.jpg\" \/>\n\t<meta property=\"og:image:width\" content=\"2560\" \/>\n\t<meta property=\"og:image:height\" content=\"1708\" \/>\n\t<meta property=\"og:image:type\" content=\"image\/jpeg\" \/>\n<meta name=\"twitter:card\" content=\"summary_large_image\" \/>\n<script type=\"application\/ld+json\" class=\"yoast-schema-graph\">{\"@context\":\"https:\/\/schema.org\",\"@graph\":[{\"@type\":\"WebPage\",\"@id\":\"https:\/\/pgd.brezje.si\/pgd\/galerija-meddrustvena-vaja-brezje\/\",\"url\":\"https:\/\/pgd.brezje.si\/pgd\/galerija-meddrustvena-vaja-brezje\/\",\"name\":\"Meddru\u0161tvena vaja Brezje, 6.12.2024 - PGD Brezje na Gorenjskem\",\"isPartOf\":{\"@id\":\"https:\/\/pgd.brezje.si\/pgd\/#website\"},\"primaryImageOfPage\":{\"@id\":\"https:\/\/pgd.brezje.si\/pgd\/galerija-meddrustvena-vaja-brezje\/#primaryimage\"},\"image\":{\"@id\":\"https:\/\/pgd.brezje.si\/pgd\/galerija-meddrustvena-vaja-brezje\/#primaryimage\"},\"thumbnailUrl\":\"https:\/\/pgd.brezje.si\/pgd\/wp-content\/uploads\/2024\/12\/meddrustvena_brezje_rotar-2-1024x683.jpg\",\"datePublished\":\"2024-10-21T09:20:17+00:00\",\"dateModified\":\"2024-12-09T14:11:12+00:00\",\"breadcrumb\":{\"@id\":\"https:\/\/pgd.brezje.si\/pgd\/galerija-meddrustvena-vaja-brezje\/#breadcrumb\"},\"inLanguage\":\"sl-SI\",\"potentialAction\":[{\"@type\":\"ReadAction\",\"target\":[\"https:\/\/pgd.brezje.si\/pgd\/galerija-meddrustvena-vaja-brezje\/\"]}]},{\"@type\":\"ImageObject\",\"inLanguage\":\"sl-SI\",\"@id\":\"https:\/\/pgd.brezje.si\/pgd\/galerija-meddrustvena-vaja-brezje\/#primaryimage\",\"url\":\"https:\/\/pgd.brezje.si\/pgd\/wp-content\/uploads\/2024\/12\/meddrustvena_brezje_rotar-2-scaled.jpg\",\"contentUrl\":\"https:\/\/pgd.brezje.si\/pgd\/wp-content\/uploads\/2024\/12\/meddrustvena_brezje_rotar-2-scaled.jpg\",\"width\":2560,\"height\":1708},{\"@type\":\"BreadcrumbList\",\"@id\":\"https:\/\/pgd.brezje.si\/pgd\/galerija-meddrustvena-vaja-brezje\/#breadcrumb\",\"itemListElement\":[{\"@type\":\"ListItem\",\"position\":1,\"name\":\"Home\",\"item\":\"https:\/\/pgd.brezje.si\/pgd\/\"},{\"@type\":\"ListItem\",\"position\":2,\"name\":\"Meddru\u0161tvena vaja Brezje, 6.12.2024\"}]},{\"@type\":\"WebSite\",\"@id\":\"https:\/\/pgd.brezje.si\/pgd\/#website\",\"url\":\"https:\/\/pgd.brezje.si\/pgd\/\",\"name\":\"PGD Brezje na Gorenjskem\",\"description\":\"Obmo\u010dje delovanja KS Brezje: Brezje, \u010crnivec, No\u0161e, Dobro Polje, Malo Dobro Polje - skupno 919 prebivalcev\",\"publisher\":{\"@id\":\"https:\/\/pgd.brezje.si\/pgd\/#organization\"},\"potentialAction\":[{\"@type\":\"SearchAction\",\"target\":{\"@type\":\"EntryPoint\",\"urlTemplate\":\"https:\/\/pgd.brezje.si\/pgd\/?s={search_term_string}\"},\"query-input\":{\"@type\":\"PropertyValueSpecification\",\"valueRequired\":true,\"valueName\":\"search_term_string\"}}],\"inLanguage\":\"sl-SI\"},{\"@type\":\"Organization\",\"@id\":\"https:\/\/pgd.brezje.si\/pgd\/#organization\",\"name\":\"PGD Brezje na Gorenjskem\",\"url\":\"https:\/\/pgd.brezje.si\/pgd\/\",\"logo\":{\"@type\":\"ImageObject\",\"inLanguage\":\"sl-SI\",\"@id\":\"https:\/\/pgd.brezje.si\/pgd\/#\/schema\/logo\/image\/\",\"url\":\"https:\/\/pgd.brezje.si\/pgd\/wp-content\/uploads\/2024\/12\/PGD_Brezje_logo_col.png\",\"contentUrl\":\"https:\/\/pgd.brezje.si\/pgd\/wp-content\/uploads\/2024\/12\/PGD_Brezje_logo_col.png\",\"width\":2208,\"height\":2208,\"caption\":\"PGD Brezje na Gorenjskem\"},\"image\":{\"@id\":\"https:\/\/pgd.brezje.si\/pgd\/#\/schema\/logo\/image\/\"},\"sameAs\":[\"https:\/\/www.facebook.com\/pgdbrezjemladina\",\"https:\/\/www.instagram.com\/pgdbrezje\/\"]}]}<\/script>\n<!-- \/ Yoast SEO plugin. -->","yoast_head_json":{"title":"Meddru\u0161tvena vaja Brezje, 6.12.2024 - PGD Brezje na Gorenjskem","robots":{"index":"index","follow":"follow","max-snippet":"max-snippet:-1","max-image-preview":"max-image-preview:large","max-video-preview":"max-video-preview:-1"},"canonical":"https:\/\/pgd.brezje.si\/pgd\/galerija-meddrustvena-vaja-brezje\/","og_locale":"sl_SI","og_type":"article","og_title":"Meddru\u0161tvena vaja Brezje, 6.12.2024 - PGD Brezje na Gorenjskem","og_description":"Meddru\u0161tvena vaja je namenjena sodelovanju med dru\u0161tvi. Danes smo to pokazali. Skupaj s PGD Radovljica , PGD Ljubno in PGD mo\u0161nje smo uspe\u0161no pogasili po\u017ear, ki naj bi se razvil v kletnih prostorih delavnice na Brezjah, iz objekta smo re\u0161ili eno osebo in kolegi iz PGD Radovljia so s tehni\u010dnim posegom re\u0161ili osebo ujeto pod [&hellip;]","og_url":"https:\/\/pgd.brezje.si\/pgd\/galerija-meddrustvena-vaja-brezje\/","og_site_name":"PGD Brezje na Gorenjskem","article_publisher":"https:\/\/www.facebook.com\/pgdbrezjemladina","article_modified_time":"2024-12-09T14:11:12+00:00","og_image":[{"width":2560,"height":1708,"url":"https:\/\/pgd.brezje.si\/pgd\/wp-content\/uploads\/2024\/12\/meddrustvena_brezje_rotar-2-scaled.jpg","type":"image\/jpeg"}],"twitter_card":"summary_large_image","schema":{"@context":"https:\/\/schema.org","@graph":[{"@type":"WebPage","@id":"https:\/\/pgd.brezje.si\/pgd\/galerija-meddrustvena-vaja-brezje\/","url":"https:\/\/pgd.brezje.si\/pgd\/galerija-meddrustvena-vaja-brezje\/","name":"Meddru\u0161tvena vaja Brezje, 6.12.2024 - PGD Brezje na Gorenjskem","isPartOf":{"@id":"https:\/\/pgd.brezje.si\/pgd\/#website"},"primaryImageOfPage":{"@id":"https:\/\/pgd.brezje.si\/pgd\/galerija-meddrustvena-vaja-brezje\/#primaryimage"},"image":{"@id":"https:\/\/pgd.brezje.si\/pgd\/galerija-meddrustvena-vaja-brezje\/#primaryimage"},"thumbnailUrl":"https:\/\/pgd.brezje.si\/pgd\/wp-content\/uploads\/2024\/12\/meddrustvena_brezje_rotar-2-1024x683.jpg","datePublished":"2024-10-21T09:20:17+00:00","dateModified":"2024-12-09T14:11:12+00:00","breadcrumb":{"@id":"https:\/\/pgd.brezje.si\/pgd\/galerija-meddrustvena-vaja-brezje\/#breadcrumb"},"inLanguage":"sl-SI","potentialAction":[{"@type":"ReadAction","target":["https:\/\/pgd.brezje.si\/pgd\/galerija-meddrustvena-vaja-brezje\/"]}]},{"@type":"ImageObject","inLanguage":"sl-SI","@id":"https:\/\/pgd.brezje.si\/pgd\/galerija-meddrustvena-vaja-brezje\/#primaryimage","url":"https:\/\/pgd.brezje.si\/pgd\/wp-content\/uploads\/2024\/12\/meddrustvena_brezje_rotar-2-scaled.jpg","contentUrl":"https:\/\/pgd.brezje.si\/pgd\/wp-content\/uploads\/2024\/12\/meddrustvena_brezje_rotar-2-scaled.jpg","width":2560,"height":1708},{"@type":"BreadcrumbList","@id":"https:\/\/pgd.brezje.si\/pgd\/galerija-meddrustvena-vaja-brezje\/#breadcrumb","itemListElement":[{"@type":"ListItem","position":1,"name":"Home","item":"https:\/\/pgd.brezje.si\/pgd\/"},{"@type":"ListItem","position":2,"name":"Meddru\u0161tvena vaja Brezje, 6.12.2024"}]},{"@type":"WebSite","@id":"https:\/\/pgd.brezje.si\/pgd\/#website","url":"https:\/\/pgd.brezje.si\/pgd\/","name":"PGD Brezje na Gorenjskem","description":"Obmo\u010dje delovanja KS Brezje: Brezje, \u010crnivec, No\u0161e, Dobro Polje, Malo Dobro Polje - skupno 919 prebivalcev","publisher":{"@id":"https:\/\/pgd.brezje.si\/pgd\/#organization"},"potentialAction":[{"@type":"SearchAction","target":{"@type":"EntryPoint","urlTemplate":"https:\/\/pgd.brezje.si\/pgd\/?s={search_term_string}"},"query-input":{"@type":"PropertyValueSpecification","valueRequired":true,"valueName":"search_term_string"}}],"inLanguage":"sl-SI"},{"@type":"Organization","@id":"https:\/\/pgd.brezje.si\/pgd\/#organization","name":"PGD Brezje na Gorenjskem","url":"https:\/\/pgd.brezje.si\/pgd\/","logo":{"@type":"ImageObject","inLanguage":"sl-SI","@id":"https:\/\/pgd.brezje.si\/pgd\/#\/schema\/logo\/image\/","url":"https:\/\/pgd.brezje.si\/pgd\/wp-content\/uploads\/2024\/12\/PGD_Brezje_logo_col.png","contentUrl":"https:\/\/pgd.brezje.si\/pgd\/wp-content\/uploads\/2024\/12\/PGD_Brezje_logo_col.png","width":2208,"height":2208,"caption":"PGD Brezje na Gorenjskem"},"image":{"@id":"https:\/\/pgd.brezje.si\/pgd\/#\/schema\/logo\/image\/"},"sameAs":["https:\/\/www.facebook.com\/pgdbrezjemladina","https:\/\/www.instagram.com\/pgdbrezje\/"]}]}},"_links":{"self":[{"href":"https:\/\/pgd.brezje.si\/pgd\/wp-json\/wp\/v2\/pages\/2","targetHints":{"allow":["GET"]}}],"collection":[{"href":"https:\/\/pgd.brezje.si\/pgd\/wp-json\/wp\/v2\/pages"}],"about":[{"href":"https:\/\/pgd.brezje.si\/pgd\/wp-json\/wp\/v2\/types\/page"}],"author":[{"embeddable":true,"href":"https:\/\/pgd.brezje.si\/pgd\/wp-json\/wp\/v2\/users\/1"}],"replies":[{"embeddable":true,"href":"https:\/\/pgd.brezje.si\/pgd\/wp-json\/wp\/v2\/comments?post=2"}],"version-history":[{"count":5,"href":"https:\/\/pgd.brezje.si\/pgd\/wp-json\/wp\/v2\/pages\/2\/revisions"}],"predecessor-version":[{"id":369,"href":"https:\/\/pgd.brezje.si\/pgd\/wp-json\/wp\/v2\/pages\/2\/revisions\/369"}],"wp:attachment":[{"href":"https:\/\/pgd.brezje.si\/pgd\/wp-json\/wp\/v2\/media?parent=2"}],"curies":[{"name":"wp","href":"https:\/\/api.w.org\/{rel}","templated":true}]}}